
{"id":11790,"date":"2024-01-09T11:40:07","date_gmt":"2024-01-09T15:40:07","guid":{"rendered":"https:\/\/climatlantic.ca\/?page_id=11790"},"modified":"2025-01-06T09:41:31","modified_gmt":"2025-01-06T13:41:31","slug":"valorisation-communautaire-fac","status":"publish","type":"page","link":"https:\/\/climatlantic.ca\/fr\/outils\/possibilites-financement\/valorisation-communautaire-fac\/","title":{"rendered":"Valorisation communautaire FAC"},"content":{"rendered":"<p>[et_pb_section fb_built=&#8221;1&#8243; _builder_version=&#8221;4.21.0&#8243; _module_preset=&#8221;default&#8221; da_disable_devices=&#8221;off|off|off&#8221; global_colors_info=&#8221;{}&#8221; da_is_popup=&#8221;off&#8221; da_exit_intent=&#8221;off&#8221; da_has_close=&#8221;on&#8221; da_alt_close=&#8221;off&#8221; da_dark_close=&#8221;off&#8221; da_not_modal=&#8221;on&#8221; da_is_singular=&#8221;off&#8221; da_with_loader=&#8221;off&#8221; da_has_shadow=&#8221;on&#8221;][et_pb_row _builder_version=&#8221;4.21.0&#8243; _module_preset=&#8221;default&#8221; global_colors_info=&#8221;{}&#8221;][et_pb_column type=&#8221;4_4&#8243; _builder_version=&#8221;4.21.0&#8243; _module_preset=&#8221;default&#8221; global_colors_info=&#8221;{}&#8221;][et_pb_image src=&#8221;https:\/\/climatlantic.ca\/wp\/wp-content\/uploads\/2024\/01\/FCC_OT_LOGO.jpg&#8221; alt=&#8221;Logo de Financement agricole Canada&#8221; title_text=&#8221;FCC-FAC 2019-tab-blue&#8221; url=&#8221;https:\/\/www.fcc-fac.ca\/fr\/communaute\/presentez-une-demande\/valorisation-communautaire&#8221; url_new_window=&#8221;on&#8221; align=&#8221;center&#8221; _builder_version=&#8221;4.27.4&#8243; _module_preset=&#8221;default&#8221; width=&#8221;52%&#8221; custom_margin=&#8221;||12px||false|false&#8221; global_colors_info=&#8221;{}&#8221;][\/et_pb_image][et_pb_text _builder_version=&#8221;4.27.4&#8243; _module_preset=&#8221;default&#8221; hover_enabled=&#8221;0&#8243; global_colors_info=&#8221;{}&#8221; sticky_enabled=&#8221;0&#8243;]<\/p>\n<div class=\"et_pb_column et_pb_column_4_4 et_pb_column_19  et_pb_css_mix_blend_mode_passthrough et-last-child\">\n<div class=\"et_pb_module et_pb_text et_pb_text_18  et_pb_text_align_left et_pb_bg_layout_light\">\n<div class=\"et_pb_text_inner\">\n<h4><span style=\"text-decoration: underline;\"><a href=\"https:\/\/www.fcc-fac.ca\/fr\/communaute\/presentez-une-demande\/valorisation-communautaire\" target=\"_blank\" rel=\"noopener\">Valorisation communautaire FAC<\/a><\/span><\/h4>\n<\/div>\n<\/div>\n<\/div>\n<p><span data-sheets-root=\"1\" data-sheets-value=\"{&quot;1&quot;:2,&quot;2&quot;:&quot;Le programme de valorisation communautaire FAC fournit jusqu'\u00e0 10 000 dollars \u00e0 des organisations qui travaillent \u00e0 l'am\u00e9lioration de leurs communaut\u00e9s dans des domaines li\u00e9s \u00e0 l'alimentation et \u00e0 l'agriculture, ce qui accro\u00eet la r\u00e9silience des communaut\u00e9s et les aide \u00e0 s'adapter aux changements climatiques. Voici quelques exemples de projets \u00e9ligibles: -la s\u00e9curit\u00e9 alimentaire: des organismes ou programmes \u0153uvrant dans le domaine de l\u2019ins\u00e9curit\u00e9 alimentaire;\\n-le bien-\u00eatre: du soutien \u00e0 la sant\u00e9 physique ou mentale des gens qui travaillent dans le secteur agricole et agroalimentaire canadien;\\n-l'\u00e9ducation et la culture alimentaire: de la formation en agriculture et en alimentation, de la sensibilisation aux pratiques de production et aux carri\u00e8res dans l\u2019industrie;\\n-La confiance du public dans l'agriculture et l'alimentation: aire la promotion du secteur agricole et agroalimentaire canadien;\\n-Am\u00e9lioration de la communaut\u00e9: am\u00e9liorer les choses l\u00e0 o\u00f9 nos employ\u00e9s et nos clients vivent et travaillent.&quot;}\" data-sheets-userformat=\"{&quot;2&quot;:4609,&quot;3&quot;:{&quot;1&quot;:0},&quot;12&quot;:0,&quot;15&quot;:&quot;Montserrat&quot;}\">Le programme de valorisation communautaire FAC fournit jusqu&#8217;\u00e0 10 000 dollars \u00e0 des organisations qui travaillent \u00e0 l&#8217;am\u00e9lioration de leurs communaut\u00e9s dans des domaines li\u00e9s \u00e0 l&#8217;alimentation et \u00e0 l&#8217;agriculture, ce qui accro\u00eet la r\u00e9silience des communaut\u00e9s et les aide \u00e0 s&#8217;adapter aux changements climatiques. Voici quelques exemples de projets \u00e9ligibles: -la s\u00e9curit\u00e9 alimentaire: des organismes ou programmes \u0153uvrant dans le domaine de l\u2019ins\u00e9curit\u00e9 alimentaire;<br \/>-le bien-\u00eatre: du soutien \u00e0 la sant\u00e9 physique ou mentale des gens qui travaillent dans le secteur agricole et agroalimentaire canadien;<br \/>-l&#8217;\u00e9ducation et la culture alimentaire: de la formation en agriculture et en alimentation, de la sensibilisation aux pratiques de production et aux carri\u00e8res dans l\u2019industrie;<br \/>-La confiance du public dans l&#8217;agriculture et l&#8217;alimentation: aire la promotion du secteur agricole et agroalimentaire canadien;<br \/>-Am\u00e9lioration de la communaut\u00e9: am\u00e9liorer les choses l\u00e0 o\u00f9 nos employ\u00e9s et nos clients vivent et travaillent.<\/span><\/p>\n<p>[\/et_pb_text][et_pb_button button_url=&#8221;@ET-DC@eyJkeW5hbWljIjp0cnVlLCJjb250ZW50IjoicG9zdF9saW5rX3VybF9wYWdlIiwic2V0dGluZ3MiOnsicG9zdF9pZCI6IjY2ODIifX0=@&#8221; button_text=&#8221;RETOUR AUX OPPORTUNIT\u00c9S DE FINANCEMENT&#8221; _builder_version=&#8221;4.21.0&#8243; _dynamic_attributes=&#8221;button_url&#8221; _module_preset=&#8221;default&#8221; custom_margin=&#8221;-12px||||false|false&#8221; custom_padding=&#8221;||||false|false&#8221; global_colors_info=&#8221;{}&#8221;][\/et_pb_button][\/et_pb_column][\/et_pb_row][\/et_pb_section]<\/p>\n","protected":false},"excerpt":{"rendered":"<p>Valorisation communautaire FAC Le programme de valorisation communautaire FAC fournit jusqu&#8217;\u00e0 10 000 dollars \u00e0 des organisations qui travaillent \u00e0 l&#8217;am\u00e9lioration de leurs communaut\u00e9s dans des domaines li\u00e9s \u00e0 l&#8217;alimentation et \u00e0 l&#8217;agriculture, ce qui accro\u00eet la r\u00e9silience des communaut\u00e9s et les aide \u00e0 s&#8217;adapter aux changements climatiques. Voici quelques exemples de projets \u00e9ligibles: -la [&hellip;]<\/p>\n","protected":false},"author":18,"featured_media":0,"parent":7052,"menu_order":0,"comment_status":"closed","ping_status":"closed","template":"","meta":{"_acf_changed":false,"_et_pb_use_builder":"on","_et_pb_old_content":"","_et_gb_content_width":"","footnotes":""},"categories":[],"tags":[],"class_list":["post-11790","page","type-page","status-publish","hentry"],"acf":[],"yoast_head":"<!-- This site is optimized with the Yoast SEO plugin v27.3 - https:\/\/yoast.com\/product\/yoast-seo-wordpress\/ -->\n<title>Valorisation communautaire FAC - CLIMAtlantic<\/title>\n<meta name=\"robots\" content=\"index, follow, max-snippet:-1, max-image-preview:large, max-video-preview:-1\" \/>\n<link rel=\"canonical\" href=\"https:\/\/climatlantic.ca\/fr\/outils\/possibilites-financement\/valorisation-communautaire-fac\/\" \/>\n<meta property=\"og:locale\" content=\"fr_FR\" \/>\n<meta property=\"og:type\" content=\"article\" \/>\n<meta property=\"og:title\" content=\"Valorisation communautaire FAC - CLIMAtlantic\" \/>\n<meta property=\"og:description\" content=\"Valorisation communautaire FAC Le programme de valorisation communautaire FAC fournit jusqu&#039;\u00e0 10 000 dollars \u00e0 des organisations qui travaillent \u00e0 l&#039;am\u00e9lioration de leurs communaut\u00e9s dans des domaines li\u00e9s \u00e0 l&#039;alimentation et \u00e0 l&#039;agriculture, ce qui accro\u00eet la r\u00e9silience des communaut\u00e9s et les aide \u00e0 s&#039;adapter aux changements climatiques. Voici quelques exemples de projets \u00e9ligibles: -la [&hellip;]\" \/>\n<meta property=\"og:url\" content=\"https:\/\/climatlantic.ca\/fr\/outils\/possibilites-financement\/valorisation-communautaire-fac\/\" \/>\n<meta property=\"og:site_name\" content=\"CLIMAtlantic\" \/>\n<meta property=\"article:publisher\" content=\"https:\/\/www.facebook.com\/CLIMAtlanticInc\/\" \/>\n<meta property=\"article:modified_time\" content=\"2025-01-06T13:41:31+00:00\" \/>\n<meta name=\"twitter:card\" content=\"summary_large_image\" \/>\n<meta name=\"twitter:label1\" content=\"Dur\u00e9e de lecture estim\u00e9e\" \/>\n\t<meta name=\"twitter:data1\" content=\"2 minutes\" \/>\n<script type=\"application\/ld+json\" class=\"yoast-schema-graph\">{\"@context\":\"https:\\\/\\\/schema.org\",\"@graph\":[{\"@type\":\"WebPage\",\"@id\":\"https:\\\/\\\/climatlantic.ca\\\/fr\\\/outils\\\/possibilites-financement\\\/valorisation-communautaire-fac\\\/\",\"url\":\"https:\\\/\\\/climatlantic.ca\\\/fr\\\/outils\\\/possibilites-financement\\\/valorisation-communautaire-fac\\\/\",\"name\":\"Valorisation communautaire FAC - CLIMAtlantic\",\"isPartOf\":{\"@id\":\"https:\\\/\\\/climatlantic.ca\\\/fr\\\/#website\"},\"datePublished\":\"2024-01-09T15:40:07+00:00\",\"dateModified\":\"2025-01-06T13:41:31+00:00\",\"breadcrumb\":{\"@id\":\"https:\\\/\\\/climatlantic.ca\\\/fr\\\/outils\\\/possibilites-financement\\\/valorisation-communautaire-fac\\\/#breadcrumb\"},\"inLanguage\":\"fr-FR\",\"potentialAction\":[{\"@type\":\"ReadAction\",\"target\":[\"https:\\\/\\\/climatlantic.ca\\\/fr\\\/outils\\\/possibilites-financement\\\/valorisation-communautaire-fac\\\/\"]}]},{\"@type\":\"BreadcrumbList\",\"@id\":\"https:\\\/\\\/climatlantic.ca\\\/fr\\\/outils\\\/possibilites-financement\\\/valorisation-communautaire-fac\\\/#breadcrumb\",\"itemListElement\":[{\"@type\":\"ListItem\",\"position\":1,\"name\":\"Home\",\"item\":\"https:\\\/\\\/climatlantic.ca\\\/fr\\\/\"},{\"@type\":\"ListItem\",\"position\":2,\"name\":\"Outils\",\"item\":\"https:\\\/\\\/climatlantic.ca\\\/fr\\\/tools\\\/\"},{\"@type\":\"ListItem\",\"position\":3,\"name\":\"Possibilit\u00e9s de financement\",\"item\":\"https:\\\/\\\/climatlantic.ca\\\/fr\\\/tools\\\/funding-opportunities\\\/\"},{\"@type\":\"ListItem\",\"position\":4,\"name\":\"Valorisation communautaire FAC\"}]},{\"@type\":\"WebSite\",\"@id\":\"https:\\\/\\\/climatlantic.ca\\\/fr\\\/#website\",\"url\":\"https:\\\/\\\/climatlantic.ca\\\/fr\\\/\",\"name\":\"Climatlantic\",\"description\":\"Enhancing Atlantic Climate Resilience\",\"publisher\":{\"@id\":\"https:\\\/\\\/climatlantic.ca\\\/fr\\\/#organization\"},\"potentialAction\":[{\"@type\":\"SearchAction\",\"target\":{\"@type\":\"EntryPoint\",\"urlTemplate\":\"https:\\\/\\\/climatlantic.ca\\\/fr\\\/?s={search_term_string}\"},\"query-input\":{\"@type\":\"PropertyValueSpecification\",\"valueRequired\":true,\"valueName\":\"search_term_string\"}}],\"inLanguage\":\"fr-FR\"},{\"@type\":\"Organization\",\"@id\":\"https:\\\/\\\/climatlantic.ca\\\/fr\\\/#organization\",\"name\":\"CLIMAtlantic\",\"url\":\"https:\\\/\\\/climatlantic.ca\\\/fr\\\/\",\"logo\":{\"@type\":\"ImageObject\",\"inLanguage\":\"fr-FR\",\"@id\":\"https:\\\/\\\/climatlantic.ca\\\/fr\\\/#\\\/schema\\\/logo\\\/image\\\/\",\"url\":\"https:\\\/\\\/climatlantic.ca\\\/wp\\\/wp-content\\\/uploads\\\/2021\\\/07\\\/cropped-Climatlantic_Favicon.png\",\"contentUrl\":\"https:\\\/\\\/climatlantic.ca\\\/wp\\\/wp-content\\\/uploads\\\/2021\\\/07\\\/cropped-Climatlantic_Favicon.png\",\"width\":512,\"height\":512,\"caption\":\"CLIMAtlantic\"},\"image\":{\"@id\":\"https:\\\/\\\/climatlantic.ca\\\/fr\\\/#\\\/schema\\\/logo\\\/image\\\/\"},\"sameAs\":[\"https:\\\/\\\/www.facebook.com\\\/CLIMAtlanticInc\\\/\",\"http:\\\/\\\/instagram.com\\\/climatlantic\",\"https:\\\/\\\/www.linkedin.com\\\/company\\\/climatlantic\\\/\"]}]}<\/script>\n<!-- \/ Yoast SEO plugin. -->","yoast_head_json":{"title":"Valorisation communautaire FAC - CLIMAtlantic","robots":{"index":"index","follow":"follow","max-snippet":"max-snippet:-1","max-image-preview":"max-image-preview:large","max-video-preview":"max-video-preview:-1"},"canonical":"https:\/\/climatlantic.ca\/fr\/outils\/possibilites-financement\/valorisation-communautaire-fac\/","og_locale":"fr_FR","og_type":"article","og_title":"Valorisation communautaire FAC - CLIMAtlantic","og_description":"Valorisation communautaire FAC Le programme de valorisation communautaire FAC fournit jusqu'\u00e0 10 000 dollars \u00e0 des organisations qui travaillent \u00e0 l'am\u00e9lioration de leurs communaut\u00e9s dans des domaines li\u00e9s \u00e0 l'alimentation et \u00e0 l'agriculture, ce qui accro\u00eet la r\u00e9silience des communaut\u00e9s et les aide \u00e0 s'adapter aux changements climatiques. Voici quelques exemples de projets \u00e9ligibles: -la [&hellip;]","og_url":"https:\/\/climatlantic.ca\/fr\/outils\/possibilites-financement\/valorisation-communautaire-fac\/","og_site_name":"CLIMAtlantic","article_publisher":"https:\/\/www.facebook.com\/CLIMAtlanticInc\/","article_modified_time":"2025-01-06T13:41:31+00:00","twitter_card":"summary_large_image","twitter_misc":{"Dur\u00e9e de lecture estim\u00e9e":"2 minutes"},"schema":{"@context":"https:\/\/schema.org","@graph":[{"@type":"WebPage","@id":"https:\/\/climatlantic.ca\/fr\/outils\/possibilites-financement\/valorisation-communautaire-fac\/","url":"https:\/\/climatlantic.ca\/fr\/outils\/possibilites-financement\/valorisation-communautaire-fac\/","name":"Valorisation communautaire FAC - CLIMAtlantic","isPartOf":{"@id":"https:\/\/climatlantic.ca\/fr\/#website"},"datePublished":"2024-01-09T15:40:07+00:00","dateModified":"2025-01-06T13:41:31+00:00","breadcrumb":{"@id":"https:\/\/climatlantic.ca\/fr\/outils\/possibilites-financement\/valorisation-communautaire-fac\/#breadcrumb"},"inLanguage":"fr-FR","potentialAction":[{"@type":"ReadAction","target":["https:\/\/climatlantic.ca\/fr\/outils\/possibilites-financement\/valorisation-communautaire-fac\/"]}]},{"@type":"BreadcrumbList","@id":"https:\/\/climatlantic.ca\/fr\/outils\/possibilites-financement\/valorisation-communautaire-fac\/#breadcrumb","itemListElement":[{"@type":"ListItem","position":1,"name":"Home","item":"https:\/\/climatlantic.ca\/fr\/"},{"@type":"ListItem","position":2,"name":"Outils","item":"https:\/\/climatlantic.ca\/fr\/tools\/"},{"@type":"ListItem","position":3,"name":"Possibilit\u00e9s de financement","item":"https:\/\/climatlantic.ca\/fr\/tools\/funding-opportunities\/"},{"@type":"ListItem","position":4,"name":"Valorisation communautaire FAC"}]},{"@type":"WebSite","@id":"https:\/\/climatlantic.ca\/fr\/#website","url":"https:\/\/climatlantic.ca\/fr\/","name":"Climatlantic","description":"Enhancing Atlantic Climate Resilience","publisher":{"@id":"https:\/\/climatlantic.ca\/fr\/#organization"},"potentialAction":[{"@type":"SearchAction","target":{"@type":"EntryPoint","urlTemplate":"https:\/\/climatlantic.ca\/fr\/?s={search_term_string}"},"query-input":{"@type":"PropertyValueSpecification","valueRequired":true,"valueName":"search_term_string"}}],"inLanguage":"fr-FR"},{"@type":"Organization","@id":"https:\/\/climatlantic.ca\/fr\/#organization","name":"CLIMAtlantic","url":"https:\/\/climatlantic.ca\/fr\/","logo":{"@type":"ImageObject","inLanguage":"fr-FR","@id":"https:\/\/climatlantic.ca\/fr\/#\/schema\/logo\/image\/","url":"https:\/\/climatlantic.ca\/wp\/wp-content\/uploads\/2021\/07\/cropped-Climatlantic_Favicon.png","contentUrl":"https:\/\/climatlantic.ca\/wp\/wp-content\/uploads\/2021\/07\/cropped-Climatlantic_Favicon.png","width":512,"height":512,"caption":"CLIMAtlantic"},"image":{"@id":"https:\/\/climatlantic.ca\/fr\/#\/schema\/logo\/image\/"},"sameAs":["https:\/\/www.facebook.com\/CLIMAtlanticInc\/","http:\/\/instagram.com\/climatlantic","https:\/\/www.linkedin.com\/company\/climatlantic\/"]}]}},"_links":{"self":[{"href":"https:\/\/climatlantic.ca\/fr\/wp-json\/wp\/v2\/pages\/11790","targetHints":{"allow":["GET"]}}],"collection":[{"href":"https:\/\/climatlantic.ca\/fr\/wp-json\/wp\/v2\/pages"}],"about":[{"href":"https:\/\/climatlantic.ca\/fr\/wp-json\/wp\/v2\/types\/page"}],"author":[{"embeddable":true,"href":"https:\/\/climatlantic.ca\/fr\/wp-json\/wp\/v2\/users\/18"}],"replies":[{"embeddable":true,"href":"https:\/\/climatlantic.ca\/fr\/wp-json\/wp\/v2\/comments?post=11790"}],"version-history":[{"count":5,"href":"https:\/\/climatlantic.ca\/fr\/wp-json\/wp\/v2\/pages\/11790\/revisions"}],"predecessor-version":[{"id":16035,"href":"https:\/\/climatlantic.ca\/fr\/wp-json\/wp\/v2\/pages\/11790\/revisions\/16035"}],"up":[{"embeddable":true,"href":"https:\/\/climatlantic.ca\/fr\/wp-json\/wp\/v2\/pages\/7052"}],"wp:attachment":[{"href":"https:\/\/climatlantic.ca\/fr\/wp-json\/wp\/v2\/media?parent=11790"}],"wp:term":[{"taxonomy":"category","embeddable":true,"href":"https:\/\/climatlantic.ca\/fr\/wp-json\/wp\/v2\/categories?post=11790"},{"taxonomy":"post_tag","embeddable":true,"href":"https:\/\/climatlantic.ca\/fr\/wp-json\/wp\/v2\/tags?post=11790"}],"curies":[{"name":"wp","href":"https:\/\/api.w.org\/{rel}","templated":true}]}}