
{"id":12252,"date":"2024-03-04T14:39:23","date_gmt":"2024-03-04T18:39:23","guid":{"rendered":"https:\/\/climatlantic.ca\/guide-de-donnees-pour-le-canada-atlantique\/"},"modified":"2024-06-03T09:28:40","modified_gmt":"2024-06-03T12:28:40","slug":"guide-de-donnees-pour-le-canada-atlantique","status":"publish","type":"page","link":"https:\/\/climatlantic.ca\/fr\/donnees\/guide-de-donnees-pour-le-canada-atlantique\/","title":{"rendered":"Guide de donn\u00e9es pour le Canada atlantique"},"content":{"rendered":"<p>[et_pb_section fb_built=&#8221;1&#8243; fullwidth=&#8221;on&#8221; _builder_version=&#8221;4.24.0&#8243; _module_preset=&#8221;default&#8221; background_image=&#8221;https:\/\/climatlantic.ca\/wp\/wp-content\/uploads\/2023\/08\/Data_Guide_Banner_2.png&#8221; custom_margin=&#8221;||||false|false&#8221; custom_padding=&#8221;||||false|false&#8221; global_colors_info=&#8221;{}&#8221;][et_pb_fullwidth_header title=&#8221;Guide de donn\u00e9es pour le Canada atlantique&#8221; text_orientation=&#8221;center&#8221; content_max_width=&#8221;110%&#8221; title_tablet=&#8221; POSSIBILIT\u00c9S DE FINANCEMENT&#8221; title_phone=&#8221; POSSIBILIT\u00c9S DE FINANCEMENT&#8221; title_last_edited=&#8221;on|phone&#8221; content_max_width_tablet=&#8221;110%&#8221; content_max_width_phone=&#8221;120%&#8221; content_max_width_last_edited=&#8221;on|tablet&#8221; _builder_version=&#8221;4.24.0&#8243; _module_preset=&#8221;default&#8221; title_text_color=&#8221;#FFFFFF&#8221; title_font_size=&#8221;39px&#8221; subhead_text_color=&#8221;#FFFFFF&#8221; subhead_font_size=&#8221;22px&#8221; subhead_line_height=&#8221;0.9em&#8221; background_enable_color=&#8221;off&#8221; background_enable_image=&#8221;off&#8221; background_enable_video_mp4=&#8221;off&#8221; height=&#8221;295px&#8221; height_tablet=&#8221;230px&#8221; height_phone=&#8221;200px&#8221; height_last_edited=&#8221;on|desktop&#8221; custom_margin=&#8221;0px|0px||0px|false|false&#8221; custom_margin_tablet=&#8221;||||false|false&#8221; custom_margin_phone=&#8221;||||false|false&#8221; custom_margin_last_edited=&#8221;on|tablet&#8221; custom_padding=&#8221;0px|0px||0px|false|false&#8221; title_font_size_tablet=&#8221;30px&#8221; title_font_size_phone=&#8221;24px&#8221; title_font_size_last_edited=&#8221;on|phone&#8221; subhead_font_size_tablet=&#8221;16px&#8221; subhead_font_size_phone=&#8221;12px&#8221; subhead_font_size_last_edited=&#8221;on|tablet&#8221; title_text_shadow_style=&#8221;preset3&#8243; title_text_shadow_blur_strength=&#8221;1.01em&#8221; title_text_shadow_color=&#8221;#FFFFFF&#8221; subhead_text_shadow_style=&#8221;preset3&#8243; global_colors_info=&#8221;{}&#8221;][\/et_pb_fullwidth_header][\/et_pb_section][et_pb_section fb_built=&#8221;1&#8243; _builder_version=&#8221;4.24.0&#8243; _module_preset=&#8221;default&#8221; background_color=&#8221;#238ACA&#8221; custom_margin=&#8221;||||false|false&#8221; custom_padding=&#8221;0px||0px||false|false&#8221; global_colors_info=&#8221;{}&#8221;][et_pb_row _builder_version=&#8221;4.24.0&#8243; _module_preset=&#8221;default&#8221; global_colors_info=&#8221;{}&#8221;][et_pb_column type=&#8221;4_4&#8243; _builder_version=&#8221;4.20.4&#8243; _module_preset=&#8221;default&#8221; global_colors_info=&#8221;{}&#8221;][et_pb_text _builder_version=&#8221;4.24.2&#8243; _module_preset=&#8221;default&#8221; text_text_color=&#8221;#FFFFFF&#8221; text_font_size=&#8221;17px&#8221; header_text_color=&#8221;#FFFFFF&#8221; text_orientation=&#8221;center&#8221; background_layout=&#8221;dark&#8221; custom_padding=&#8221;|18px||18px|false|false&#8221; global_colors_info=&#8221;{}&#8221;]<\/p>\n<p style=\"text-align: center;\">Trouver de l\u2019information sur les donn\u00e9es et les projections climatiques, et trouvez les bonnes ressources, pour le Canada atlantique.<\/p>\n<p>[\/et_pb_text][\/et_pb_column][\/et_pb_row][\/et_pb_section][et_pb_section fb_built=&#8221;1&#8243; _builder_version=&#8221;4.21.0&#8243; _module_preset=&#8221;default&#8221; custom_margin=&#8221;||||false|false&#8221; custom_padding=&#8221;3px||12px||false|false&#8221; global_colors_info=&#8221;{}&#8221;][et_pb_row custom_padding_last_edited=&#8221;on|phone&#8221; _builder_version=&#8221;4.24.0&#8243; _module_preset=&#8221;default&#8221; custom_padding=&#8221;|120px||120px|false|false&#8221; custom_padding_tablet=&#8221;|56px||56px|false|false&#8221; custom_padding_phone=&#8221;|36px||36px|false|false&#8221; global_colors_info=&#8221;{}&#8221;][et_pb_column type=&#8221;4_4&#8243; _builder_version=&#8221;4.24.0&#8243; _module_preset=&#8221;default&#8221; global_colors_info=&#8221;{}&#8221;][et_pb_text _builder_version=&#8221;4.24.0&#8243; _module_preset=&#8221;default&#8221; global_colors_info=&#8221;{}&#8221;]<\/p>\n<p style=\"text-align: center;\">Ce guide de donn\u00e9es est destin\u00e9 \u00e0 faciliter l&#8217;acc\u00e8s aux projections et aux ressources en mati\u00e8re de donn\u00e9es climatiques. Il comporte six sections : <font color=\"#238ac9\"><strong>1<\/strong><\/font color> introduction, <font color=\"#238ac9\"><strong>2<\/strong><\/font color> concepts cl\u00e9s, donn\u00e9es et projections, <font color=\"#238ac9\"><strong>3<\/strong><\/font color> portails de donn\u00e9es climatiques disponibles \u00e0 l\u2019heure actuelle, <font color=\"#238ac9\"><strong>4<\/strong><\/font color> indices climatiques disponibles \u00e0 l\u2019heure actuelle, <font color=\"#238ac9\"><strong>5<\/strong><\/font color> r\u00e9f\u00e9rences, et <font color=\"#238ac9\"><strong>6<\/strong><\/font color> glossaire.<\/p>\n<p>[\/et_pb_text][\/et_pb_column][\/et_pb_row][et_pb_row _builder_version=&#8221;4.24.2&#8243; _module_preset=&#8221;default&#8221; global_colors_info=&#8221;{}&#8221;][et_pb_column type=&#8221;4_4&#8243; _builder_version=&#8221;4.24.2&#8243; _module_preset=&#8221;default&#8221; global_colors_info=&#8221;{}&#8221;][et_pb_code _builder_version=&#8221;4.24.2&#8243; _module_preset=&#8221;default&#8221; background_color=&#8221;#efefef&#8221; box_shadow_style=&#8221;preset2&#8243; box_shadow_horizontal=&#8221;16px&#8221; box_shadow_vertical=&#8221;16px&#8221; box_shadow_blur=&#8221;24px&#8221; box_shadow_spread=&#8221;3px&#8221; box_shadow_blur_last_edited=&#8221;off|desktop&#8221; global_colors_info=&#8221;{}&#8221;]<\/p>\n<div style=\"position:relative;padding-top:max(60%,326px);height:0;width:100%\"><iframe allow=\"clipboard-write\" sandbox=\"allow-top-navigation allow-top-navigation-by-user-activation allow-downloads allow-scripts allow-same-origin allow-popups allow-modals allow-popups-to-escape-sandbox allow-forms\" allowfullscreen=\"true\" style=\"position:absolute;border:none;width:100%;height:100%;left:0;right:0;top:0;bottom:0;\" src=\"https:\/\/e.issuu.com\/embed.html?backgroundColor=transparent&#038;d=climatlantic-guide_de_recherche_d_informations_et_&#038;u=climatlantic\"><\/iframe><\/div>\n<p>[\/et_pb_code][\/et_pb_column][\/et_pb_row][et_pb_row _builder_version=&#8221;4.24.2&#8243; _module_preset=&#8221;default&#8221; global_colors_info=&#8221;{}&#8221; column_structure=&#8221;1_2,1_2&#8243;][et_pb_column type=&#8221;1_2&#8243; _builder_version=&#8221;4.24.2&#8243; _module_preset=&#8221;default&#8221; global_colors_info=&#8221;{}&#8221;][et_pb_text _builder_version=&#8221;4.25.1&#8243; _module_preset=&#8221;default&#8221; custom_margin=&#8221;||4px|||&#8221; hover_enabled=&#8221;0&#8243; global_colors_info=&#8221;{}&#8221; sticky_enabled=&#8221;0&#8243;]<\/p>\n<h4 style=\"text-align: center;\">Souhaitez-vous partager le Guide? En avoir une copie?<\/h4>\n<p>[\/et_pb_text][et_pb_button button_url=&#8221;https:\/\/climatlantic.ca\/climatlantic-guide-de-recherche-dinformations-et-de-donnees-climatiques-fr\/&#8221; button_text=&#8221;T\u00c9L\u00c9CHARGER LE GUIDE&#8221; button_alignment=&#8221;center&#8221; _builder_version=&#8221;4.25.1&#8243; _module_preset=&#8221;default&#8221; hover_enabled=&#8221;0&#8243; global_colors_info=&#8221;{}&#8221; url_new_window=&#8221;on&#8221; sticky_enabled=&#8221;0&#8243;][\/et_pb_button][\/et_pb_column][et_pb_column type=&#8221;1_2&#8243; _builder_version=&#8221;4.24.2&#8243; _module_preset=&#8221;default&#8221; global_colors_info=&#8221;{}&#8221;][et_pb_text _builder_version=&#8221;4.24.2&#8243; _module_preset=&#8221;default&#8221; custom_margin=&#8221;||4px|||&#8221; global_colors_info=&#8221;{}&#8221;]<\/p>\n<h4 style=\"text-align: center;\">Avez-vous des questions? Besoin d&#8217;aide?<\/h4>\n<p>[\/et_pb_text][et_pb_button button_url=&#8221;https:\/\/climatlantic.ca\/fr\/service-d-aide\/&#8221; button_text=&#8221;ENVOYEZ-NOUS UN MESSAGE \u00c0 NOTRE SERVICE D&#8217;AIDE&#8221; button_alignment=&#8221;center&#8221; _builder_version=&#8221;4.25.1&#8243; _module_preset=&#8221;default&#8221; hover_enabled=&#8221;0&#8243; global_colors_info=&#8221;{}&#8221; sticky_enabled=&#8221;0&#8243; custom_margin=&#8221;22px||||false|false&#8221;][\/et_pb_button][\/et_pb_column][\/et_pb_row][\/et_pb_section]<\/p>\n","protected":false},"excerpt":{"rendered":"<p>Trouver de l\u2019information sur les donn\u00e9es et les projections climatiques, et trouvez les bonnes ressources, pour le Canada atlantique.Ce guide de donn\u00e9es est destin\u00e9 \u00e0 faciliter l&#8217;acc\u00e8s aux projections et aux ressources en mati\u00e8re de donn\u00e9es climatiques. Il comporte six sections : 1 introduction, 2 concepts cl\u00e9s, donn\u00e9es et projections, 3 portails de donn\u00e9es climatiques [&hellip;]<\/p>\n","protected":false},"author":1,"featured_media":0,"parent":2190,"menu_order":0,"comment_status":"closed","ping_status":"closed","template":"","meta":{"_acf_changed":false,"_et_pb_use_builder":"on","_et_pb_old_content":"","_et_gb_content_width":"","footnotes":""},"categories":[],"tags":[],"class_list":["post-12252","page","type-page","status-publish","hentry"],"acf":[],"yoast_head":"<!-- This site is optimized with the Yoast SEO plugin v27.4 - https:\/\/yoast.com\/product\/yoast-seo-wordpress\/ -->\n<title>Guide de donn\u00e9es pour le Canada atlantique - CLIMAtlantic<\/title>\n<meta name=\"robots\" content=\"index, follow, max-snippet:-1, max-image-preview:large, max-video-preview:-1\" \/>\n<link rel=\"canonical\" href=\"https:\/\/climatlantic.ca\/fr\/donnees\/guide-de-donnees-pour-le-canada-atlantique\/\" \/>\n<meta property=\"og:locale\" content=\"fr_FR\" \/>\n<meta property=\"og:type\" content=\"article\" \/>\n<meta property=\"og:title\" content=\"Guide de donn\u00e9es pour le Canada atlantique - CLIMAtlantic\" \/>\n<meta property=\"og:description\" content=\"Trouver de l\u2019information sur les donn\u00e9es et les projections climatiques, et trouvez les bonnes ressources, pour le Canada atlantique.Ce guide de donn\u00e9es est destin\u00e9 \u00e0 faciliter l&#039;acc\u00e8s aux projections et aux ressources en mati\u00e8re de donn\u00e9es climatiques. Il comporte six sections : 1 introduction, 2 concepts cl\u00e9s, donn\u00e9es et projections, 3 portails de donn\u00e9es climatiques [&hellip;]\" \/>\n<meta property=\"og:url\" content=\"https:\/\/climatlantic.ca\/fr\/donnees\/guide-de-donnees-pour-le-canada-atlantique\/\" \/>\n<meta property=\"og:site_name\" content=\"CLIMAtlantic\" \/>\n<meta property=\"article:publisher\" content=\"https:\/\/www.facebook.com\/CLIMAtlanticInc\/\" \/>\n<meta property=\"article:modified_time\" content=\"2024-06-03T12:28:40+00:00\" \/>\n<meta name=\"twitter:card\" content=\"summary_large_image\" \/>\n<meta name=\"twitter:label1\" content=\"Dur\u00e9e de lecture estim\u00e9e\" \/>\n\t<meta name=\"twitter:data1\" content=\"4 minutes\" \/>\n<script type=\"application\/ld+json\" class=\"yoast-schema-graph\">{\"@context\":\"https:\\\/\\\/schema.org\",\"@graph\":[{\"@type\":\"WebPage\",\"@id\":\"https:\\\/\\\/climatlantic.ca\\\/fr\\\/donnees\\\/guide-de-donnees-pour-le-canada-atlantique\\\/\",\"url\":\"https:\\\/\\\/climatlantic.ca\\\/fr\\\/donnees\\\/guide-de-donnees-pour-le-canada-atlantique\\\/\",\"name\":\"Guide de donn\u00e9es pour le Canada atlantique - CLIMAtlantic\",\"isPartOf\":{\"@id\":\"https:\\\/\\\/climatlantic.ca\\\/fr\\\/#website\"},\"datePublished\":\"2024-03-04T18:39:23+00:00\",\"dateModified\":\"2024-06-03T12:28:40+00:00\",\"breadcrumb\":{\"@id\":\"https:\\\/\\\/climatlantic.ca\\\/fr\\\/donnees\\\/guide-de-donnees-pour-le-canada-atlantique\\\/#breadcrumb\"},\"inLanguage\":\"fr-FR\",\"potentialAction\":[{\"@type\":\"ReadAction\",\"target\":[\"https:\\\/\\\/climatlantic.ca\\\/fr\\\/donnees\\\/guide-de-donnees-pour-le-canada-atlantique\\\/\"]}]},{\"@type\":\"BreadcrumbList\",\"@id\":\"https:\\\/\\\/climatlantic.ca\\\/fr\\\/donnees\\\/guide-de-donnees-pour-le-canada-atlantique\\\/#breadcrumb\",\"itemListElement\":[{\"@type\":\"ListItem\",\"position\":1,\"name\":\"Home\",\"item\":\"https:\\\/\\\/climatlantic.ca\\\/fr\\\/\"},{\"@type\":\"ListItem\",\"position\":2,\"name\":\"Donn\u00e9es\",\"item\":\"https:\\\/\\\/climatlantic.ca\\\/fr\\\/data\\\/\"},{\"@type\":\"ListItem\",\"position\":3,\"name\":\"Guide de donn\u00e9es pour le Canada atlantique\"}]},{\"@type\":\"WebSite\",\"@id\":\"https:\\\/\\\/climatlantic.ca\\\/fr\\\/#website\",\"url\":\"https:\\\/\\\/climatlantic.ca\\\/fr\\\/\",\"name\":\"Climatlantic\",\"description\":\"Enhancing Atlantic Climate Resilience\",\"publisher\":{\"@id\":\"https:\\\/\\\/climatlantic.ca\\\/fr\\\/#organization\"},\"potentialAction\":[{\"@type\":\"SearchAction\",\"target\":{\"@type\":\"EntryPoint\",\"urlTemplate\":\"https:\\\/\\\/climatlantic.ca\\\/fr\\\/?s={search_term_string}\"},\"query-input\":{\"@type\":\"PropertyValueSpecification\",\"valueRequired\":true,\"valueName\":\"search_term_string\"}}],\"inLanguage\":\"fr-FR\"},{\"@type\":\"Organization\",\"@id\":\"https:\\\/\\\/climatlantic.ca\\\/fr\\\/#organization\",\"name\":\"CLIMAtlantic\",\"url\":\"https:\\\/\\\/climatlantic.ca\\\/fr\\\/\",\"logo\":{\"@type\":\"ImageObject\",\"inLanguage\":\"fr-FR\",\"@id\":\"https:\\\/\\\/climatlantic.ca\\\/fr\\\/#\\\/schema\\\/logo\\\/image\\\/\",\"url\":\"https:\\\/\\\/climatlantic.ca\\\/wp\\\/wp-content\\\/uploads\\\/2021\\\/07\\\/cropped-Climatlantic_Favicon.png\",\"contentUrl\":\"https:\\\/\\\/climatlantic.ca\\\/wp\\\/wp-content\\\/uploads\\\/2021\\\/07\\\/cropped-Climatlantic_Favicon.png\",\"width\":512,\"height\":512,\"caption\":\"CLIMAtlantic\"},\"image\":{\"@id\":\"https:\\\/\\\/climatlantic.ca\\\/fr\\\/#\\\/schema\\\/logo\\\/image\\\/\"},\"sameAs\":[\"https:\\\/\\\/www.facebook.com\\\/CLIMAtlanticInc\\\/\",\"http:\\\/\\\/instagram.com\\\/climatlantic\",\"https:\\\/\\\/www.linkedin.com\\\/company\\\/climatlantic\\\/\"]}]}<\/script>\n<!-- \/ Yoast SEO plugin. -->","yoast_head_json":{"title":"Guide de donn\u00e9es pour le Canada atlantique - CLIMAtlantic","robots":{"index":"index","follow":"follow","max-snippet":"max-snippet:-1","max-image-preview":"max-image-preview:large","max-video-preview":"max-video-preview:-1"},"canonical":"https:\/\/climatlantic.ca\/fr\/donnees\/guide-de-donnees-pour-le-canada-atlantique\/","og_locale":"fr_FR","og_type":"article","og_title":"Guide de donn\u00e9es pour le Canada atlantique - CLIMAtlantic","og_description":"Trouver de l\u2019information sur les donn\u00e9es et les projections climatiques, et trouvez les bonnes ressources, pour le Canada atlantique.Ce guide de donn\u00e9es est destin\u00e9 \u00e0 faciliter l'acc\u00e8s aux projections et aux ressources en mati\u00e8re de donn\u00e9es climatiques. Il comporte six sections : 1 introduction, 2 concepts cl\u00e9s, donn\u00e9es et projections, 3 portails de donn\u00e9es climatiques [&hellip;]","og_url":"https:\/\/climatlantic.ca\/fr\/donnees\/guide-de-donnees-pour-le-canada-atlantique\/","og_site_name":"CLIMAtlantic","article_publisher":"https:\/\/www.facebook.com\/CLIMAtlanticInc\/","article_modified_time":"2024-06-03T12:28:40+00:00","twitter_card":"summary_large_image","twitter_misc":{"Dur\u00e9e de lecture estim\u00e9e":"4 minutes"},"schema":{"@context":"https:\/\/schema.org","@graph":[{"@type":"WebPage","@id":"https:\/\/climatlantic.ca\/fr\/donnees\/guide-de-donnees-pour-le-canada-atlantique\/","url":"https:\/\/climatlantic.ca\/fr\/donnees\/guide-de-donnees-pour-le-canada-atlantique\/","name":"Guide de donn\u00e9es pour le Canada atlantique - CLIMAtlantic","isPartOf":{"@id":"https:\/\/climatlantic.ca\/fr\/#website"},"datePublished":"2024-03-04T18:39:23+00:00","dateModified":"2024-06-03T12:28:40+00:00","breadcrumb":{"@id":"https:\/\/climatlantic.ca\/fr\/donnees\/guide-de-donnees-pour-le-canada-atlantique\/#breadcrumb"},"inLanguage":"fr-FR","potentialAction":[{"@type":"ReadAction","target":["https:\/\/climatlantic.ca\/fr\/donnees\/guide-de-donnees-pour-le-canada-atlantique\/"]}]},{"@type":"BreadcrumbList","@id":"https:\/\/climatlantic.ca\/fr\/donnees\/guide-de-donnees-pour-le-canada-atlantique\/#breadcrumb","itemListElement":[{"@type":"ListItem","position":1,"name":"Home","item":"https:\/\/climatlantic.ca\/fr\/"},{"@type":"ListItem","position":2,"name":"Donn\u00e9es","item":"https:\/\/climatlantic.ca\/fr\/data\/"},{"@type":"ListItem","position":3,"name":"Guide de donn\u00e9es pour le Canada atlantique"}]},{"@type":"WebSite","@id":"https:\/\/climatlantic.ca\/fr\/#website","url":"https:\/\/climatlantic.ca\/fr\/","name":"Climatlantic","description":"Enhancing Atlantic Climate Resilience","publisher":{"@id":"https:\/\/climatlantic.ca\/fr\/#organization"},"potentialAction":[{"@type":"SearchAction","target":{"@type":"EntryPoint","urlTemplate":"https:\/\/climatlantic.ca\/fr\/?s={search_term_string}"},"query-input":{"@type":"PropertyValueSpecification","valueRequired":true,"valueName":"search_term_string"}}],"inLanguage":"fr-FR"},{"@type":"Organization","@id":"https:\/\/climatlantic.ca\/fr\/#organization","name":"CLIMAtlantic","url":"https:\/\/climatlantic.ca\/fr\/","logo":{"@type":"ImageObject","inLanguage":"fr-FR","@id":"https:\/\/climatlantic.ca\/fr\/#\/schema\/logo\/image\/","url":"https:\/\/climatlantic.ca\/wp\/wp-content\/uploads\/2021\/07\/cropped-Climatlantic_Favicon.png","contentUrl":"https:\/\/climatlantic.ca\/wp\/wp-content\/uploads\/2021\/07\/cropped-Climatlantic_Favicon.png","width":512,"height":512,"caption":"CLIMAtlantic"},"image":{"@id":"https:\/\/climatlantic.ca\/fr\/#\/schema\/logo\/image\/"},"sameAs":["https:\/\/www.facebook.com\/CLIMAtlanticInc\/","http:\/\/instagram.com\/climatlantic","https:\/\/www.linkedin.com\/company\/climatlantic\/"]}]}},"_links":{"self":[{"href":"https:\/\/climatlantic.ca\/fr\/wp-json\/wp\/v2\/pages\/12252","targetHints":{"allow":["GET"]}}],"collection":[{"href":"https:\/\/climatlantic.ca\/fr\/wp-json\/wp\/v2\/pages"}],"about":[{"href":"https:\/\/climatlantic.ca\/fr\/wp-json\/wp\/v2\/types\/page"}],"author":[{"embeddable":true,"href":"https:\/\/climatlantic.ca\/fr\/wp-json\/wp\/v2\/users\/1"}],"replies":[{"embeddable":true,"href":"https:\/\/climatlantic.ca\/fr\/wp-json\/wp\/v2\/comments?post=12252"}],"version-history":[{"count":5,"href":"https:\/\/climatlantic.ca\/fr\/wp-json\/wp\/v2\/pages\/12252\/revisions"}],"predecessor-version":[{"id":13622,"href":"https:\/\/climatlantic.ca\/fr\/wp-json\/wp\/v2\/pages\/12252\/revisions\/13622"}],"up":[{"embeddable":true,"href":"https:\/\/climatlantic.ca\/fr\/wp-json\/wp\/v2\/pages\/2190"}],"wp:attachment":[{"href":"https:\/\/climatlantic.ca\/fr\/wp-json\/wp\/v2\/media?parent=12252"}],"wp:term":[{"taxonomy":"category","embeddable":true,"href":"https:\/\/climatlantic.ca\/fr\/wp-json\/wp\/v2\/categories?post=12252"},{"taxonomy":"post_tag","embeddable":true,"href":"https:\/\/climatlantic.ca\/fr\/wp-json\/wp\/v2\/tags?post=12252"}],"curies":[{"name":"wp","href":"https:\/\/api.w.org\/{rel}","templated":true}]}}