
{"id":12795,"date":"2024-04-15T11:31:07","date_gmt":"2024-04-15T14:31:07","guid":{"rendered":"https:\/\/climatlantic.ca\/?page_id=12795"},"modified":"2025-01-06T13:51:02","modified_gmt":"2025-01-06T17:51:02","slug":"partenariat-canadien-pour-une-agriculture-durable","status":"publish","type":"page","link":"https:\/\/climatlantic.ca\/fr\/outils\/possibilites-financement\/partenariat-canadien-pour-une-agriculture-durable\/","title":{"rendered":"Partenariat canadien pour une agriculture durable"},"content":{"rendered":"<p>[et_pb_section fb_built=&#8221;1&#8243; _builder_version=&#8221;4.21.0&#8243; _module_preset=&#8221;default&#8221; da_disable_devices=&#8221;off|off|off&#8221; global_colors_info=&#8221;{}&#8221; da_is_popup=&#8221;off&#8221; da_exit_intent=&#8221;off&#8221; da_has_close=&#8221;on&#8221; da_alt_close=&#8221;off&#8221; da_dark_close=&#8221;off&#8221; da_not_modal=&#8221;on&#8221; da_is_singular=&#8221;off&#8221; da_with_loader=&#8221;off&#8221; da_has_shadow=&#8221;on&#8221;][et_pb_row _builder_version=&#8221;4.21.0&#8243; _module_preset=&#8221;default&#8221; global_colors_info=&#8221;{}&#8221;][et_pb_column type=&#8221;4_4&#8243; _builder_version=&#8221;4.21.0&#8243; _module_preset=&#8221;default&#8221; global_colors_info=&#8221;{}&#8221;][et_pb_image src=&#8221;https:\/\/climatlantic.ca\/wp\/wp-content\/uploads\/2024\/04\/CLIMAtlantic-sustainable-CAP-1024&#215;171.jpg&#8221; alt=&#8221;Un graphique montrant des mains portant des gants qui mettent un \u00e9chantillon dans un tube, puis une personne souriant \u00e0 c\u00f4t\u00e9 de cultures, et \u00e0 c\u00f4t\u00e9 d&apos;eux une vache regardant vers l&apos;avant.&#8221; title_text=&#8221;CLIMAtlantic-sustainable-CAP&#8221; url=&#8221;https:\/\/agriculture.canada.ca\/fr\/ministere\/initiatives\/partenariat-canadien-agriculture-durable&#8221; url_new_window=&#8221;on&#8221; _builder_version=&#8221;4.24.3&#8243; _module_preset=&#8221;default&#8221; custom_margin=&#8221;||12px||false|false&#8221; global_colors_info=&#8221;{}&#8221;][\/et_pb_image][et_pb_text _builder_version=&#8221;4.27.4&#8243; _module_preset=&#8221;default&#8221; hover_enabled=&#8221;0&#8243; global_colors_info=&#8221;{}&#8221; sticky_enabled=&#8221;0&#8243;]<\/p>\n<div class=\"et_pb_column et_pb_column_4_4 et_pb_column_19  et_pb_css_mix_blend_mode_passthrough et-last-child\">\n<div class=\"et_pb_module et_pb_text et_pb_text_18  et_pb_text_align_left et_pb_bg_layout_light\">\n<div class=\"et_pb_text_inner\">\n<h4><strong><span style=\"text-decoration: underline;\"><a href=\"https:\/\/agriculture.canada.ca\/fr\/ministere\/initiatives\/partenariat-canadien-agriculture-durable\" target=\"_blank\" rel=\"noopener\">Partenariat canadien pour une agriculture durable<\/a><\/span><\/strong><\/h4>\n<\/div>\n<\/div>\n<\/div>\n<p><span style=\"font-weight: 400;\">Le Partenariat canadien pour une agriculture durable (PAC durable) est un accord entre les gouvernements f\u00e9d\u00e9ral, provinciaux et territoriaux visant \u00e0 renforcer le secteur agricole et agroalimentaire au Canada. Le PAC durable met l\u2019accent sur les changements climatiques et l\u2019environnement, et divers programmes d\u2019adaptation sont disponibles. En voici quelques exemples :<\/span><\/p>\n<p><span style=\"font-weight: 400;\">&#8211; le Programme de paysages agricoles r\u00e9silients (PPAR), qui aide les producteurs \u00e0 conserver et \u00e0 am\u00e9liorer la r\u00e9silience des paysages agricoles;<br \/><\/span><span style=\"font-weight: 400;\">-les initiatives de s\u00e9curit\u00e9 alimentaire, y compris la cr\u00e9ation et l\u2019entretien de jardins communautaires; et<br \/><\/span><span style=\"font-weight: 400;\">-des activit\u00e9s de sensibilisation et des pratiques de gestion b\u00e9n\u00e9fiques pour faire face aux changements climatiques et promouvoir la durabilit\u00e9 environnementale dans le secteur agricole.<\/span><\/p>\n<p><span style=\"font-weight: 400;\">Le financement \u00e9tant assur\u00e9 par les gouvernements provinciaux et territoriaux, veuillez consulter les liens ci-dessous pour obtenir des informations d\u00e9taill\u00e9es sur les programmes et les crit\u00e8res d\u2019admissibilit\u00e9 :\u00a0<\/span><\/p>\n<p><span style=\"font-weight: 400;\">&#8211;<\/span><a href=\"https:\/\/www.princeedwardisland.ca\/en\/information\/agriculture\/sustainable-canadian-agricultural-partnership\" target=\"_blank\" rel=\"noopener\"><span style=\"font-weight: 400;\">\u00cele-du-Prince-\u00c9douard<\/span><\/a><br \/><span style=\"font-weight: 400;\">&#8211;<\/span><a href=\"https:\/\/www2.gnb.ca\/content\/gnb\/en\/departments\/10\/agriculture\/content\/agriculture_programs.html\" target=\"_blank\" rel=\"noopener\"><span style=\"font-weight: 400;\">Nouveau-Brunswick<\/span><\/a><br \/><span style=\"font-weight: 400;\">&#8211;<\/span><a href=\"https:\/\/novascotia.ca\/canadian-agricultural-partnership\/\" target=\"_blank\" rel=\"noopener\"><span style=\"font-weight: 400;\">Nouvelle-\u00c9cosse<\/span><\/a><br \/><span style=\"font-weight: 400;\">&#8211;<\/span><a href=\"https:\/\/www.gov.nl.ca\/ffa\/sustainablecap\/\" target=\"_blank\" rel=\"noopener\"><span style=\"font-weight: 400;\">Terre-Neuve-et-Labrador<\/span><\/a><\/p>\n<p>[\/et_pb_text][et_pb_button button_url=&#8221;@ET-DC@eyJkeW5hbWljIjp0cnVlLCJjb250ZW50IjoicG9zdF9saW5rX3VybF9wYWdlIiwic2V0dGluZ3MiOnsicG9zdF9pZCI6IjY2ODIifX0=@&#8221; button_text=&#8221;RETOUR AUX OPPORTUNIT\u00c9S DE FINANCEMENT&#8221; _builder_version=&#8221;4.21.0&#8243; _dynamic_attributes=&#8221;button_url&#8221; _module_preset=&#8221;default&#8221; custom_margin=&#8221;-12px||||false|false&#8221; custom_padding=&#8221;||||false|false&#8221; global_colors_info=&#8221;{}&#8221;][\/et_pb_button][\/et_pb_column][\/et_pb_row][\/et_pb_section]<\/p>\n","protected":false},"excerpt":{"rendered":"<p>Partenariat canadien pour une agriculture durable Le Partenariat canadien pour une agriculture durable (PAC durable) est un accord entre les gouvernements f\u00e9d\u00e9ral, provinciaux et territoriaux visant \u00e0 renforcer le secteur agricole et agroalimentaire au Canada. Le PAC durable met l\u2019accent sur les changements climatiques et l\u2019environnement, et divers programmes d\u2019adaptation sont disponibles. En voici quelques [&hellip;]<\/p>\n","protected":false},"author":18,"featured_media":0,"parent":7052,"menu_order":0,"comment_status":"closed","ping_status":"closed","template":"","meta":{"_acf_changed":false,"_et_pb_use_builder":"on","_et_pb_old_content":"","_et_gb_content_width":"","footnotes":""},"categories":[],"tags":[],"class_list":["post-12795","page","type-page","status-publish","hentry"],"acf":[],"yoast_head":"<!-- This site is optimized with the Yoast SEO plugin v27.3 - https:\/\/yoast.com\/product\/yoast-seo-wordpress\/ -->\n<title>Partenariat canadien pour une agriculture durable - CLIMAtlantic<\/title>\n<meta name=\"robots\" content=\"index, follow, max-snippet:-1, max-image-preview:large, max-video-preview:-1\" \/>\n<link rel=\"canonical\" href=\"https:\/\/climatlantic.ca\/fr\/outils\/possibilites-financement\/partenariat-canadien-pour-une-agriculture-durable\/\" \/>\n<meta property=\"og:locale\" content=\"fr_FR\" \/>\n<meta property=\"og:type\" content=\"article\" \/>\n<meta property=\"og:title\" content=\"Partenariat canadien pour une agriculture durable - CLIMAtlantic\" \/>\n<meta property=\"og:description\" content=\"Partenariat canadien pour une agriculture durable Le Partenariat canadien pour une agriculture durable (PAC durable) est un accord entre les gouvernements f\u00e9d\u00e9ral, provinciaux et territoriaux visant \u00e0 renforcer le secteur agricole et agroalimentaire au Canada. Le PAC durable met l\u2019accent sur les changements climatiques et l\u2019environnement, et divers programmes d\u2019adaptation sont disponibles. En voici quelques [&hellip;]\" \/>\n<meta property=\"og:url\" content=\"https:\/\/climatlantic.ca\/fr\/outils\/possibilites-financement\/partenariat-canadien-pour-une-agriculture-durable\/\" \/>\n<meta property=\"og:site_name\" content=\"CLIMAtlantic\" \/>\n<meta property=\"article:publisher\" content=\"https:\/\/www.facebook.com\/CLIMAtlanticInc\/\" \/>\n<meta property=\"article:modified_time\" content=\"2025-01-06T17:51:02+00:00\" \/>\n<meta name=\"twitter:card\" content=\"summary_large_image\" \/>\n<meta name=\"twitter:label1\" content=\"Dur\u00e9e de lecture estim\u00e9e\" \/>\n\t<meta name=\"twitter:data1\" content=\"2 minutes\" \/>\n<script type=\"application\/ld+json\" class=\"yoast-schema-graph\">{\"@context\":\"https:\\\/\\\/schema.org\",\"@graph\":[{\"@type\":\"WebPage\",\"@id\":\"https:\\\/\\\/climatlantic.ca\\\/fr\\\/outils\\\/possibilites-financement\\\/partenariat-canadien-pour-une-agriculture-durable\\\/\",\"url\":\"https:\\\/\\\/climatlantic.ca\\\/fr\\\/outils\\\/possibilites-financement\\\/partenariat-canadien-pour-une-agriculture-durable\\\/\",\"name\":\"Partenariat canadien pour une agriculture durable - CLIMAtlantic\",\"isPartOf\":{\"@id\":\"https:\\\/\\\/climatlantic.ca\\\/fr\\\/#website\"},\"datePublished\":\"2024-04-15T14:31:07+00:00\",\"dateModified\":\"2025-01-06T17:51:02+00:00\",\"breadcrumb\":{\"@id\":\"https:\\\/\\\/climatlantic.ca\\\/fr\\\/outils\\\/possibilites-financement\\\/partenariat-canadien-pour-une-agriculture-durable\\\/#breadcrumb\"},\"inLanguage\":\"fr-FR\",\"potentialAction\":[{\"@type\":\"ReadAction\",\"target\":[\"https:\\\/\\\/climatlantic.ca\\\/fr\\\/outils\\\/possibilites-financement\\\/partenariat-canadien-pour-une-agriculture-durable\\\/\"]}]},{\"@type\":\"BreadcrumbList\",\"@id\":\"https:\\\/\\\/climatlantic.ca\\\/fr\\\/outils\\\/possibilites-financement\\\/partenariat-canadien-pour-une-agriculture-durable\\\/#breadcrumb\",\"itemListElement\":[{\"@type\":\"ListItem\",\"position\":1,\"name\":\"Home\",\"item\":\"https:\\\/\\\/climatlantic.ca\\\/fr\\\/\"},{\"@type\":\"ListItem\",\"position\":2,\"name\":\"Outils\",\"item\":\"https:\\\/\\\/climatlantic.ca\\\/fr\\\/tools\\\/\"},{\"@type\":\"ListItem\",\"position\":3,\"name\":\"Possibilit\u00e9s de financement\",\"item\":\"https:\\\/\\\/climatlantic.ca\\\/fr\\\/tools\\\/funding-opportunities\\\/\"},{\"@type\":\"ListItem\",\"position\":4,\"name\":\"Partenariat canadien pour une agriculture durable\"}]},{\"@type\":\"WebSite\",\"@id\":\"https:\\\/\\\/climatlantic.ca\\\/fr\\\/#website\",\"url\":\"https:\\\/\\\/climatlantic.ca\\\/fr\\\/\",\"name\":\"Climatlantic\",\"description\":\"Enhancing Atlantic Climate Resilience\",\"publisher\":{\"@id\":\"https:\\\/\\\/climatlantic.ca\\\/fr\\\/#organization\"},\"potentialAction\":[{\"@type\":\"SearchAction\",\"target\":{\"@type\":\"EntryPoint\",\"urlTemplate\":\"https:\\\/\\\/climatlantic.ca\\\/fr\\\/?s={search_term_string}\"},\"query-input\":{\"@type\":\"PropertyValueSpecification\",\"valueRequired\":true,\"valueName\":\"search_term_string\"}}],\"inLanguage\":\"fr-FR\"},{\"@type\":\"Organization\",\"@id\":\"https:\\\/\\\/climatlantic.ca\\\/fr\\\/#organization\",\"name\":\"CLIMAtlantic\",\"url\":\"https:\\\/\\\/climatlantic.ca\\\/fr\\\/\",\"logo\":{\"@type\":\"ImageObject\",\"inLanguage\":\"fr-FR\",\"@id\":\"https:\\\/\\\/climatlantic.ca\\\/fr\\\/#\\\/schema\\\/logo\\\/image\\\/\",\"url\":\"https:\\\/\\\/climatlantic.ca\\\/wp\\\/wp-content\\\/uploads\\\/2021\\\/07\\\/cropped-Climatlantic_Favicon.png\",\"contentUrl\":\"https:\\\/\\\/climatlantic.ca\\\/wp\\\/wp-content\\\/uploads\\\/2021\\\/07\\\/cropped-Climatlantic_Favicon.png\",\"width\":512,\"height\":512,\"caption\":\"CLIMAtlantic\"},\"image\":{\"@id\":\"https:\\\/\\\/climatlantic.ca\\\/fr\\\/#\\\/schema\\\/logo\\\/image\\\/\"},\"sameAs\":[\"https:\\\/\\\/www.facebook.com\\\/CLIMAtlanticInc\\\/\",\"http:\\\/\\\/instagram.com\\\/climatlantic\",\"https:\\\/\\\/www.linkedin.com\\\/company\\\/climatlantic\\\/\"]}]}<\/script>\n<!-- \/ Yoast SEO plugin. -->","yoast_head_json":{"title":"Partenariat canadien pour une agriculture durable - CLIMAtlantic","robots":{"index":"index","follow":"follow","max-snippet":"max-snippet:-1","max-image-preview":"max-image-preview:large","max-video-preview":"max-video-preview:-1"},"canonical":"https:\/\/climatlantic.ca\/fr\/outils\/possibilites-financement\/partenariat-canadien-pour-une-agriculture-durable\/","og_locale":"fr_FR","og_type":"article","og_title":"Partenariat canadien pour une agriculture durable - CLIMAtlantic","og_description":"Partenariat canadien pour une agriculture durable Le Partenariat canadien pour une agriculture durable (PAC durable) est un accord entre les gouvernements f\u00e9d\u00e9ral, provinciaux et territoriaux visant \u00e0 renforcer le secteur agricole et agroalimentaire au Canada. Le PAC durable met l\u2019accent sur les changements climatiques et l\u2019environnement, et divers programmes d\u2019adaptation sont disponibles. En voici quelques [&hellip;]","og_url":"https:\/\/climatlantic.ca\/fr\/outils\/possibilites-financement\/partenariat-canadien-pour-une-agriculture-durable\/","og_site_name":"CLIMAtlantic","article_publisher":"https:\/\/www.facebook.com\/CLIMAtlanticInc\/","article_modified_time":"2025-01-06T17:51:02+00:00","twitter_card":"summary_large_image","twitter_misc":{"Dur\u00e9e de lecture estim\u00e9e":"2 minutes"},"schema":{"@context":"https:\/\/schema.org","@graph":[{"@type":"WebPage","@id":"https:\/\/climatlantic.ca\/fr\/outils\/possibilites-financement\/partenariat-canadien-pour-une-agriculture-durable\/","url":"https:\/\/climatlantic.ca\/fr\/outils\/possibilites-financement\/partenariat-canadien-pour-une-agriculture-durable\/","name":"Partenariat canadien pour une agriculture durable - CLIMAtlantic","isPartOf":{"@id":"https:\/\/climatlantic.ca\/fr\/#website"},"datePublished":"2024-04-15T14:31:07+00:00","dateModified":"2025-01-06T17:51:02+00:00","breadcrumb":{"@id":"https:\/\/climatlantic.ca\/fr\/outils\/possibilites-financement\/partenariat-canadien-pour-une-agriculture-durable\/#breadcrumb"},"inLanguage":"fr-FR","potentialAction":[{"@type":"ReadAction","target":["https:\/\/climatlantic.ca\/fr\/outils\/possibilites-financement\/partenariat-canadien-pour-une-agriculture-durable\/"]}]},{"@type":"BreadcrumbList","@id":"https:\/\/climatlantic.ca\/fr\/outils\/possibilites-financement\/partenariat-canadien-pour-une-agriculture-durable\/#breadcrumb","itemListElement":[{"@type":"ListItem","position":1,"name":"Home","item":"https:\/\/climatlantic.ca\/fr\/"},{"@type":"ListItem","position":2,"name":"Outils","item":"https:\/\/climatlantic.ca\/fr\/tools\/"},{"@type":"ListItem","position":3,"name":"Possibilit\u00e9s de financement","item":"https:\/\/climatlantic.ca\/fr\/tools\/funding-opportunities\/"},{"@type":"ListItem","position":4,"name":"Partenariat canadien pour une agriculture durable"}]},{"@type":"WebSite","@id":"https:\/\/climatlantic.ca\/fr\/#website","url":"https:\/\/climatlantic.ca\/fr\/","name":"Climatlantic","description":"Enhancing Atlantic Climate Resilience","publisher":{"@id":"https:\/\/climatlantic.ca\/fr\/#organization"},"potentialAction":[{"@type":"SearchAction","target":{"@type":"EntryPoint","urlTemplate":"https:\/\/climatlantic.ca\/fr\/?s={search_term_string}"},"query-input":{"@type":"PropertyValueSpecification","valueRequired":true,"valueName":"search_term_string"}}],"inLanguage":"fr-FR"},{"@type":"Organization","@id":"https:\/\/climatlantic.ca\/fr\/#organization","name":"CLIMAtlantic","url":"https:\/\/climatlantic.ca\/fr\/","logo":{"@type":"ImageObject","inLanguage":"fr-FR","@id":"https:\/\/climatlantic.ca\/fr\/#\/schema\/logo\/image\/","url":"https:\/\/climatlantic.ca\/wp\/wp-content\/uploads\/2021\/07\/cropped-Climatlantic_Favicon.png","contentUrl":"https:\/\/climatlantic.ca\/wp\/wp-content\/uploads\/2021\/07\/cropped-Climatlantic_Favicon.png","width":512,"height":512,"caption":"CLIMAtlantic"},"image":{"@id":"https:\/\/climatlantic.ca\/fr\/#\/schema\/logo\/image\/"},"sameAs":["https:\/\/www.facebook.com\/CLIMAtlanticInc\/","http:\/\/instagram.com\/climatlantic","https:\/\/www.linkedin.com\/company\/climatlantic\/"]}]}},"_links":{"self":[{"href":"https:\/\/climatlantic.ca\/fr\/wp-json\/wp\/v2\/pages\/12795","targetHints":{"allow":["GET"]}}],"collection":[{"href":"https:\/\/climatlantic.ca\/fr\/wp-json\/wp\/v2\/pages"}],"about":[{"href":"https:\/\/climatlantic.ca\/fr\/wp-json\/wp\/v2\/types\/page"}],"author":[{"embeddable":true,"href":"https:\/\/climatlantic.ca\/fr\/wp-json\/wp\/v2\/users\/18"}],"replies":[{"embeddable":true,"href":"https:\/\/climatlantic.ca\/fr\/wp-json\/wp\/v2\/comments?post=12795"}],"version-history":[{"count":5,"href":"https:\/\/climatlantic.ca\/fr\/wp-json\/wp\/v2\/pages\/12795\/revisions"}],"predecessor-version":[{"id":16113,"href":"https:\/\/climatlantic.ca\/fr\/wp-json\/wp\/v2\/pages\/12795\/revisions\/16113"}],"up":[{"embeddable":true,"href":"https:\/\/climatlantic.ca\/fr\/wp-json\/wp\/v2\/pages\/7052"}],"wp:attachment":[{"href":"https:\/\/climatlantic.ca\/fr\/wp-json\/wp\/v2\/media?parent=12795"}],"wp:term":[{"taxonomy":"category","embeddable":true,"href":"https:\/\/climatlantic.ca\/fr\/wp-json\/wp\/v2\/categories?post=12795"},{"taxonomy":"post_tag","embeddable":true,"href":"https:\/\/climatlantic.ca\/fr\/wp-json\/wp\/v2\/tags?post=12795"}],"curies":[{"name":"wp","href":"https:\/\/api.w.org\/{rel}","templated":true}]}}