
{"id":16761,"date":"2025-04-14T16:41:20","date_gmt":"2025-04-14T19:41:20","guid":{"rendered":"https:\/\/climatlantic.ca\/evenements-2023\/"},"modified":"2025-04-14T17:26:21","modified_gmt":"2025-04-14T20:26:21","slug":"evenements-2023","status":"publish","type":"page","link":"https:\/\/climatlantic.ca\/fr\/evenements-2023\/","title":{"rendered":"\u00c9v\u00e9nements 2023"},"content":{"rendered":"<p>[et_pb_section fb_built=&#8221;1&#8243; admin_label=&#8221;Upcoming Events Section&#8221; _builder_version=&#8221;4.27.4&#8243; custom_margin=&#8221;||||false|false&#8221; custom_padding=&#8221;||0px|||&#8221; da_disable_devices=&#8221;off|off|off&#8221; collapsed=&#8221;off&#8221; global_colors_info=&#8221;{}&#8221; da_is_popup=&#8221;off&#8221; da_exit_intent=&#8221;off&#8221; da_has_close=&#8221;on&#8221; da_alt_close=&#8221;off&#8221; da_dark_close=&#8221;off&#8221; da_not_modal=&#8221;on&#8221; da_is_singular=&#8221;off&#8221; da_with_loader=&#8221;off&#8221; da_has_shadow=&#8221;on&#8221;][et_pb_row _builder_version=&#8221;4.27.4&#8243; _module_preset=&#8221;default&#8221; global_colors_info=&#8221;{}&#8221;][et_pb_column type=&#8221;4_4&#8243; _builder_version=&#8221;4.27.4&#8243; _module_preset=&#8221;default&#8221; global_colors_info=&#8221;{}&#8221;][et_pb_text admin_label=&#8221;\u00c9V\u00c9NEMENTS 2023&#8243; _builder_version=&#8221;4.27.4&#8243; _module_preset=&#8221;default&#8221; min_height=&#8221;6px&#8221; custom_margin=&#8221;||17px|||&#8221; custom_padding=&#8221;0px|||||&#8221; global_colors_info=&#8221;{}&#8221;]<\/p>\n<h1>\u00c9V\u00c9NEMENTS 2023<\/h1>\n<p>[\/et_pb_text][\/et_pb_column][\/et_pb_row][\/et_pb_section][et_pb_section fb_built=&#8221;1&#8243; admin_label=&#8221;Past Events Section&#8221; _builder_version=&#8221;4.27.4&#8243; _module_preset=&#8221;default&#8221; custom_padding=&#8221;3px|||||&#8221; da_disable_devices=&#8221;off|off|off&#8221; global_colors_info=&#8221;{}&#8221; da_is_popup=&#8221;off&#8221; da_exit_intent=&#8221;off&#8221; da_has_close=&#8221;on&#8221; da_alt_close=&#8221;off&#8221; da_dark_close=&#8221;off&#8221; da_not_modal=&#8221;on&#8221; da_is_singular=&#8221;off&#8221; da_with_loader=&#8221;off&#8221; da_has_shadow=&#8221;on&#8221;][et_pb_row admin_label=&#8221;\u00c9v\u00e9nements pass\u00e9s&#8221; _builder_version=&#8221;4.16&#8243; background_size=&#8221;initial&#8221; background_position=&#8221;top_left&#8221; background_repeat=&#8221;repeat&#8221; min_height=&#8221;287.2px&#8221; custom_padding=&#8221;8px||0px|||&#8221; collapsed=&#8221;on&#8221; global_colors_info=&#8221;{}&#8221;][et_pb_column type=&#8221;4_4&#8243; _builder_version=&#8221;4.16&#8243; custom_padding=&#8221;|||&#8221; global_colors_info=&#8221;{}&#8221; custom_padding__hover=&#8221;|||&#8221;][et_pb_divider _builder_version=&#8221;4.27.2&#8243; _module_preset=&#8221;default&#8221; custom_margin=&#8221;||0px||false|false&#8221; global_colors_info=&#8221;{}&#8221;][\/et_pb_divider][et_pb_text _builder_version=&#8221;4.22.2&#8243; _module_preset=&#8221;default&#8221; min_height=&#8221;32px&#8221; custom_margin=&#8221;||17px|||&#8221; custom_padding=&#8221;0px||0px|||&#8221; global_colors_info=&#8221;{}&#8221;]<\/p>\n<h2>\u00c9change d\u2019id\u00e9es : <span class=\"OYPEnA text-decoration-none text-strikethrough-none\">Financement de RNCan \u2013 Programme pour des communaut\u00e9s c\u00f4ti\u00e8res r\u00e9silientes au climat<\/span><\/h2>\n<p>[\/et_pb_text][et_pb_text admin_label=&#8221;Text&#8221; _builder_version=&#8221;4.23.4&#8243; background_size=&#8221;initial&#8221; background_position=&#8221;top_left&#8221; background_repeat=&#8221;repeat&#8221; width=&#8221;100%&#8221; custom_margin=&#8221;||||false|false&#8221; custom_margin_tablet=&#8221;&#8221; custom_margin_phone=&#8221;&#8221; custom_margin_last_edited=&#8221;on|phone&#8221; custom_padding=&#8221;||0px||false|false&#8221; global_colors_info=&#8221;{}&#8221;]<\/p>\n<p><span>RNCan a r\u00e9cemment lanc\u00e9 son nouveau Programme pour des communaut\u00e9s c\u00f4ti\u00e8res r\u00e9silientes au climat (CCRC)! <strong>Le jeudi 19 octobre 2023, de 13h \u00e0 16h<\/strong> (HAA), nous avons organis\u00e9 un \u00c9change d\u2019id\u00e9es pour discuter des id\u00e9es de projets.<\/span><span aria-label=\"\" class=\"c-mrkdwn__br\" data-stringify-type=\"paragraph-break\"><\/span><\/p>\n<p>[\/et_pb_text][et_pb_divider color=&#8221;#238ACA&#8221; _builder_version=&#8221;4.23.4&#8243; _module_preset=&#8221;default&#8221; global_colors_info=&#8221;{}&#8221;][\/et_pb_divider][et_pb_text _builder_version=&#8221;4.21.0&#8243; _module_preset=&#8221;default&#8221; min_height=&#8221;32px&#8221; custom_margin=&#8221;||17px|||&#8221; custom_padding=&#8221;0px|||||&#8221; global_colors_info=&#8221;{}&#8221;]<\/p>\n<h2>\u00c9change d\u2019id\u00e9es &#038; discussion : Programme d\u2019adaptation aux changements climatiques de RNCan<\/h2>\n<p>[\/et_pb_text][et_pb_text admin_label=&#8221;Text&#8221; _builder_version=&#8221;4.23.4&#8243; background_size=&#8221;initial&#8221; background_position=&#8221;top_left&#8221; background_repeat=&#8221;repeat&#8221; width=&#8221;100%&#8221; custom_margin=&#8221;||||false|false&#8221; custom_margin_tablet=&#8221;&#8221; custom_margin_phone=&#8221;&#8221; custom_margin_last_edited=&#8221;on|phone&#8221; custom_padding=&#8221;||0px||false|false&#8221; global_colors_info=&#8221;{}&#8221;]<\/p>\n<p><span style=\"font-weight: 400;\">Rejoignez CLIMAtlantic le <strong>10 ao\u00fbt 2023 \u00e0 15h (HAA)<\/strong> pour explorer des id\u00e9es, des projets potentiels et des collaborateurs pour les propositions de financement du Programme d\u2019adaptation aux changements climatiques de Ressources naturelles Canada (RNCan)!\u00a0<\/span><\/p>\n<p><\/p>\n<p><span style=\"font-weight: 400;\">\u00c9tant donn\u00e9 que les processus et les d\u00e9lais sont diff\u00e9rents pour les candidats autochtones et non autochtones, cet atelier en ligne a offert des possibilit\u00e9s de collaboration et de mise en r\u00e9seau adapt\u00e9es \u00e0 chacun.<\/span><span style=\"font-weight: 400;\"><\/span><\/p>\n<p>[\/et_pb_text][et_pb_divider _builder_version=&#8221;4.16&#8243; _module_preset=&#8221;default&#8221; custom_margin=&#8221;||0px||false|false&#8221; global_colors_info=&#8221;{}&#8221;][\/et_pb_divider][et_pb_text _builder_version=&#8221;4.21.0&#8243; _module_preset=&#8221;default&#8221; min_height=&#8221;32px&#8221; custom_margin=&#8221;||17px|||&#8221; custom_padding=&#8221;0px|||||&#8221; global_colors_info=&#8221;{}&#8221;]<\/p>\n<h2>Faire progresser les mesures d\u2019adaptation au Canada atlantique<\/h2>\n<p>[\/et_pb_text][et_pb_text admin_label=&#8221;Text&#8221; _builder_version=&#8221;4.27.4&#8243; background_size=&#8221;initial&#8221; background_position=&#8221;top_left&#8221; background_repeat=&#8221;repeat&#8221; width=&#8221;100%&#8221; custom_margin=&#8221;||||false|false&#8221; custom_margin_tablet=&#8221;&#8221; custom_margin_phone=&#8221;&#8221; custom_margin_last_edited=&#8221;on|phone&#8221; custom_padding=&#8221;||0px||false|false&#8221; hover_enabled=&#8221;0&#8243; global_colors_info=&#8221;{}&#8221; sticky_enabled=&#8221;0&#8243;]<\/p>\n<p data-key=\"91\"><span data-key=\"92\"><strong data-slate-leaf=\"true\">QUAND<\/strong> : Mercredi 24 mai 2023<\/span><\/p>\n<p data-key=\"94\"><span data-key=\"95\"><strong data-slate-leaf=\"true\">O\u00d9<\/strong>: Crowne Plaza Moncton, 1005 rue Main, Moncton, N-B et en ligne<\/span><\/p>\n<p data-key=\"97\"><span data-key=\"98\">Cette conf\u00e9rence hybride d\u2019une journ\u00e9e a pr\u00e9sent\u00e9 des travaux d\u2019adaptation mis en \u0153uvre dans tout le Canada atlantique, des approches novatrices en mati\u00e8re d\u2019adaptation, des exemples de la fa\u00e7on dont les gens ont surmont\u00e9 les barri\u00e8res et les obstacles, des approches visant \u00e0 \u00e9largir la conversation et des travaux r\u00e9cents et en cours visant \u00e0 inclure la nature dans les travaux d\u2019adaptation.<\/span><\/p>\n<h5 data-key=\"101\"><\/h5>\n<h5 data-key=\"101\"><span data-key=\"102\"><a href=\"https:\/\/climatlantic.ca\/wp\/wp-content\/uploads\/2023\/05\/May-24-Agenda.pdf\">Le programme se trouve ici!<\/a><\/span><\/h5>\n<p>[\/et_pb_text][et_pb_divider _builder_version=&#8221;4.16&#8243; _module_preset=&#8221;default&#8221; custom_margin=&#8221;||0px||false|false&#8221; global_colors_info=&#8221;{}&#8221;][\/et_pb_divider][et_pb_text _builder_version=&#8221;4.16&#8243; _module_preset=&#8221;default&#8221; min_height=&#8221;32px&#8221; custom_margin=&#8221;||17px|||&#8221; custom_padding=&#8221;0px|||||&#8221; global_colors_info=&#8221;{}&#8221;]<\/p>\n<h2>Se pr\u00e9parer aux changements \u2013 Affronter les Fiona de demain<\/h2>\n<p>[\/et_pb_text][et_pb_text admin_label=&#8221;Text&#8221; _builder_version=&#8221;4.27.4&#8243; background_size=&#8221;initial&#8221; background_position=&#8221;top_left&#8221; background_repeat=&#8221;repeat&#8221; width=&#8221;100%&#8221; custom_margin=&#8221;||||false|false&#8221; custom_margin_tablet=&#8221;&#8221; custom_margin_phone=&#8221;&#8221; custom_margin_last_edited=&#8221;on|phone&#8221; custom_padding=&#8221;||0px||false|false&#8221; hover_enabled=&#8221;0&#8243; global_colors_info=&#8221;{}&#8221; sticky_enabled=&#8221;0&#8243;]<\/p>\n<p><strong>En ligne<\/strong><\/p>\n<p style=\"text-align: left;\"><span style=\"font-weight: 400;\"><strong>Quand :<\/strong> 13h (HAA) le mardi 21 mars 2023<br \/><\/span><\/p>\n<p><span style=\"font-weight: 400;\">Le mardi 21 mars, CLIMAtlantic a lanc\u00e9 notre <a href=\"https:\/\/climatlantic.ca\/fr\/adaptation-cotiere\/\"><b>Le mardi 21 mars, CLIMAtlantic a lanc\u00e9 notre<\/b><\/a> (CAT), une bo\u00eete \u00e0 outils en ligne qui fournit aux communaut\u00e9s c\u00f4ti\u00e8res rurales de l\u2019Atlantique et aux propri\u00e9taires des options d\u2019adaptation pour faire face aux impacts du changement climatique.<\/span><br \/>CLIMAtlantic a \u00e9galement lanc\u00e9 son court documentaire intitul\u00e9 \u00ab<a href=\"https:\/\/www.youtube.com\/watch?v=_pP2pr-ZSMY\"> <b>Together We Will Adapt<\/b><\/a> \u00bb (Ensemble, nous nous adapterons). Le Canada atlantique ressent de plus en plus les effets du changement climatique. Ce court documentaire de 12 minutes pr\u00e9sente quelques mesures d\u2019adaptation prises dans la r\u00e9gion.<\/p>\n<p>[\/et_pb_text][et_pb_divider _builder_version=&#8221;4.16&#8243; _module_preset=&#8221;default&#8221; custom_margin=&#8221;||0px||false|false&#8221; global_colors_info=&#8221;{}&#8221;][\/et_pb_divider][et_pb_text _builder_version=&#8221;4.16&#8243; _module_preset=&#8221;default&#8221; min_height=&#8221;32px&#8221; custom_margin=&#8221;||17px|||&#8221; custom_padding=&#8221;0px|||||&#8221; global_colors_info=&#8221;{}&#8221;]<\/p>\n<h2>Adaptation aux changements climatiques \u2013 \u00c9valuation de notre travail<\/h2>\n<p>[\/et_pb_text][et_pb_text admin_label=&#8221;Text&#8221; _builder_version=&#8221;4.27.4&#8243; background_size=&#8221;initial&#8221; background_position=&#8221;top_left&#8221; background_repeat=&#8221;repeat&#8221; width=&#8221;100%&#8221; custom_margin=&#8221;||||false|false&#8221; custom_margin_tablet=&#8221;&#8221; custom_margin_phone=&#8221;&#8221; custom_margin_last_edited=&#8221;on|phone&#8221; custom_padding=&#8221;||0px||false|false&#8221; hover_enabled=&#8221;0&#8243; global_colors_info=&#8221;{}&#8221; sticky_enabled=&#8221;0&#8243;]<\/p>\n<p><strong>En ligne<\/strong><\/p>\n<p style=\"text-align: left;\"><span style=\"font-weight: 400;\"><strong>Quand :<\/strong> jeudi 2 mars, 2023<br \/><\/span><\/p>\n<p><span style=\"font-weight: 400;\">Cet \u00e9v\u00e9nement a eu pour but de d\u00e9velopper des connaissances fondamentales sur l\u2019\u00e9valuation et la fa\u00e7on dont elle peut \u00eatre utilis\u00e9e pour surveiller et am\u00e9liorer le travail d\u2019adaptation. Patricia King (vice-pr\u00e9sidente ex\u00e9cutive, Insights) et Sabrina Anderson (gestionnaire qualitative, Insights) de Dig Insights ont dirig\u00e9 la session. Il y a eu des pr\u00e9sentations sur les bases de l\u2019\u00e9valuation, des discussions en petits groupes et des exemples d\u2019\u00e9tudes de cas tir\u00e9s du travail de Dig Insights avec des organisations telles que CLIMAtlantic, ClimateSense et le gouvernement de l\u2019\u00cele-du-Prince-\u00c9douard sur l\u2019\u00e9valuation de la formation en adaptation climatique, des programmes, de la mise en \u0153uvre des services, et plus.<\/span><\/p>\n<p>[\/et_pb_text][et_pb_divider _builder_version=&#8221;4.16&#8243; _module_preset=&#8221;default&#8221; min_height=&#8221;12.8px&#8221; custom_margin=&#8221;||-30px||false|false&#8221; global_colors_info=&#8221;{}&#8221;][\/et_pb_divider][\/et_pb_column][\/et_pb_row][et_pb_row column_structure=&#8221;2_3,1_3&#8243; admin_label=&#8221;Atlantic Canada Flood Mapping Conference&#8221; _builder_version=&#8221;4.16&#8243; background_size=&#8221;initial&#8221; background_position=&#8221;top_left&#8221; background_repeat=&#8221;repeat&#8221; collapsed=&#8221;on&#8221; global_colors_info=&#8221;{}&#8221;][et_pb_column type=&#8221;2_3&#8243; _builder_version=&#8221;4.16&#8243; custom_padding=&#8221;|||&#8221; global_colors_info=&#8221;{}&#8221; custom_padding__hover=&#8221;|||&#8221;][et_pb_text _builder_version=&#8221;4.27.2&#8243; _module_preset=&#8221;default&#8221; custom_margin=&#8221;||17px|||&#8221; global_colors_info=&#8221;{}&#8221;]<\/p>\n<h2>Conf\u00e9rence sur la cartographie des inondations au Canada Atlantique<\/h2>\n<p>[\/et_pb_text][et_pb_text admin_label=&#8221;Text&#8221; _builder_version=&#8221;4.27.4&#8243; background_size=&#8221;initial&#8221; background_position=&#8221;top_left&#8221; background_repeat=&#8221;repeat&#8221; custom_margin=&#8221;||||false|false&#8221; custom_margin_tablet=&#8221;&#8221; custom_margin_phone=&#8221;&#8221; custom_margin_last_edited=&#8221;on|phone&#8221; custom_padding=&#8221;||0px||false|false&#8221; hover_enabled=&#8221;0&#8243; global_colors_info=&#8221;{}&#8221; sticky_enabled=&#8221;0&#8243;]<\/p>\n<h3><span style=\"color: #162f41;\">Ressources naturelles Canada s\u2019est associ\u00e9 \u00e0 CLIMAtlantic pour organiser la premi\u00e8re conf\u00e9rence sur la cartographie des inondations en Atlantique<\/span><\/h3>\n<p><strong>Halifax, Nouvelle-\u00c9cosse (virtuel et en personne)<\/strong><br \/><strong>Quand :<\/strong> 5 et 6 octobre 2022<br \/>La conf\u00e9rence sur la cartographie des inondations au Canada atlantique visait \u00e0 aborder certains des principaux d\u00e9fis concernant les m\u00e9thodologies de cartographie des risques d&#8217;inondation appliqu\u00e9es dans les provinces de l&#8217;Atlantique. L&#8217;\u00e9v\u00e9nement a accueilli des pr\u00e9sentations de praticiens et d&#8217;utilisateurs de la cartographie des inondations, suivies de discussions interactives pour faciliter le partage des connaissances entre les universit\u00e9s, les gouvernements, les organisations \u00e0 but non lucratif, les communaut\u00e9s autochtones et les consultants.<br \/>L&#8217;objectif \u00e9tait d&#8217;apporter plus de clart\u00e9 aux parties prenantes locales dans le cadre de la cartographie des inondations et de mettre en \u00e9vidence les meilleures pratiques dans la r\u00e9gion.<\/p>\n<p>[\/et_pb_text][et_pb_button button_url=&#8221;https:\/\/drive.google.com\/drive\/folders\/1fYXyKbO46tyLi0xkGg0O_R_-jc-_iVfS?usp=share_link&#8221; url_new_window=&#8221;on&#8221; button_text=&#8221;Voir les pr\u00e9sentations&#8221; _builder_version=&#8221;4.16&#8243; _module_preset=&#8221;default&#8221; global_colors_info=&#8221;{}&#8221;][\/et_pb_button][\/et_pb_column][et_pb_column type=&#8221;1_3&#8243; _builder_version=&#8221;4.16&#8243; custom_padding=&#8221;|||&#8221; global_colors_info=&#8221;{}&#8221; custom_padding__hover=&#8221;|||&#8221;][et_pb_image src=&#8221;https:\/\/climatlantic.ca\/wp\/wp-content\/uploads\/2022\/08\/2-300&#215;300.png&#8221; alt=&#8221;Promotional graphic for the Atlantic Canada Flood Mapping Conference&#8221; title_text=&#8221;2&#8243; _builder_version=&#8221;4.27.4&#8243; _module_preset=&#8221;default&#8221; hover_enabled=&#8221;0&#8243; global_colors_info=&#8221;{}&#8221; sticky_enabled=&#8221;0&#8243;][\/et_pb_image][\/et_pb_column][\/et_pb_row][\/et_pb_section]<\/p>\n","protected":false},"excerpt":{"rendered":"<p>\u00c9V\u00c9NEMENTS 2023\u00c9change d\u2019id\u00e9es : Financement de RNCan \u2013 Programme pour des communaut\u00e9s c\u00f4ti\u00e8res r\u00e9silientes au climatRNCan a r\u00e9cemment lanc\u00e9 son nouveau Programme pour des communaut\u00e9s c\u00f4ti\u00e8res r\u00e9silientes au climat (CCRC)! Le jeudi 19 octobre 2023, de 13h \u00e0 16h (HAA), nous avons organis\u00e9 un \u00c9change d\u2019id\u00e9es pour discuter des id\u00e9es de projets.\u00c9change d\u2019id\u00e9es &#038; discussion [&hellip;]<\/p>\n","protected":false},"author":1,"featured_media":0,"parent":0,"menu_order":0,"comment_status":"closed","ping_status":"closed","template":"","meta":{"_acf_changed":false,"_et_pb_use_builder":"on","_et_pb_old_content":"","_et_gb_content_width":"","footnotes":""},"categories":[],"tags":[],"class_list":["post-16761","page","type-page","status-publish","hentry"],"acf":[],"yoast_head":"<!-- This site is optimized with the Yoast SEO plugin v27.3 - https:\/\/yoast.com\/product\/yoast-seo-wordpress\/ -->\n<title>\u00c9v\u00e9nements 2023 - CLIMAtlantic<\/title>\n<meta name=\"robots\" content=\"index, follow, max-snippet:-1, max-image-preview:large, max-video-preview:-1\" \/>\n<link rel=\"canonical\" href=\"https:\/\/climatlantic.ca\/fr\/evenements-2023\/\" \/>\n<meta property=\"og:locale\" content=\"fr_FR\" \/>\n<meta property=\"og:type\" content=\"article\" \/>\n<meta property=\"og:title\" content=\"\u00c9v\u00e9nements 2023 - CLIMAtlantic\" \/>\n<meta property=\"og:description\" content=\"\u00c9V\u00c9NEMENTS 2023\u00c9change d\u2019id\u00e9es : Financement de RNCan \u2013 Programme pour des communaut\u00e9s c\u00f4ti\u00e8res r\u00e9silientes au climatRNCan a r\u00e9cemment lanc\u00e9 son nouveau Programme pour des communaut\u00e9s c\u00f4ti\u00e8res r\u00e9silientes au climat (CCRC)! Le jeudi 19 octobre 2023, de 13h \u00e0 16h (HAA), nous avons organis\u00e9 un \u00c9change d\u2019id\u00e9es pour discuter des id\u00e9es de projets.\u00c9change d\u2019id\u00e9es &amp; discussion [&hellip;]\" \/>\n<meta property=\"og:url\" content=\"https:\/\/climatlantic.ca\/fr\/evenements-2023\/\" \/>\n<meta property=\"og:site_name\" content=\"CLIMAtlantic\" \/>\n<meta property=\"article:publisher\" content=\"https:\/\/www.facebook.com\/CLIMAtlanticInc\/\" \/>\n<meta property=\"article:modified_time\" content=\"2025-04-14T20:26:21+00:00\" \/>\n<meta name=\"twitter:card\" content=\"summary_large_image\" \/>\n<meta name=\"twitter:label1\" content=\"Dur\u00e9e de lecture estim\u00e9e\" \/>\n\t<meta name=\"twitter:data1\" content=\"8 minutes\" \/>\n<script type=\"application\/ld+json\" class=\"yoast-schema-graph\">{\"@context\":\"https:\\\/\\\/schema.org\",\"@graph\":[{\"@type\":\"WebPage\",\"@id\":\"https:\\\/\\\/climatlantic.ca\\\/fr\\\/evenements-2023\\\/\",\"url\":\"https:\\\/\\\/climatlantic.ca\\\/fr\\\/evenements-2023\\\/\",\"name\":\"\u00c9v\u00e9nements 2023 - CLIMAtlantic\",\"isPartOf\":{\"@id\":\"https:\\\/\\\/climatlantic.ca\\\/fr\\\/#website\"},\"datePublished\":\"2025-04-14T19:41:20+00:00\",\"dateModified\":\"2025-04-14T20:26:21+00:00\",\"breadcrumb\":{\"@id\":\"https:\\\/\\\/climatlantic.ca\\\/fr\\\/evenements-2023\\\/#breadcrumb\"},\"inLanguage\":\"fr-FR\",\"potentialAction\":[{\"@type\":\"ReadAction\",\"target\":[\"https:\\\/\\\/climatlantic.ca\\\/fr\\\/evenements-2023\\\/\"]}]},{\"@type\":\"BreadcrumbList\",\"@id\":\"https:\\\/\\\/climatlantic.ca\\\/fr\\\/evenements-2023\\\/#breadcrumb\",\"itemListElement\":[{\"@type\":\"ListItem\",\"position\":1,\"name\":\"Home\",\"item\":\"https:\\\/\\\/climatlantic.ca\\\/fr\\\/\"},{\"@type\":\"ListItem\",\"position\":2,\"name\":\"\u00c9v\u00e9nements 2023\"}]},{\"@type\":\"WebSite\",\"@id\":\"https:\\\/\\\/climatlantic.ca\\\/fr\\\/#website\",\"url\":\"https:\\\/\\\/climatlantic.ca\\\/fr\\\/\",\"name\":\"Climatlantic\",\"description\":\"Enhancing Atlantic Climate Resilience\",\"publisher\":{\"@id\":\"https:\\\/\\\/climatlantic.ca\\\/fr\\\/#organization\"},\"potentialAction\":[{\"@type\":\"SearchAction\",\"target\":{\"@type\":\"EntryPoint\",\"urlTemplate\":\"https:\\\/\\\/climatlantic.ca\\\/fr\\\/?s={search_term_string}\"},\"query-input\":{\"@type\":\"PropertyValueSpecification\",\"valueRequired\":true,\"valueName\":\"search_term_string\"}}],\"inLanguage\":\"fr-FR\"},{\"@type\":\"Organization\",\"@id\":\"https:\\\/\\\/climatlantic.ca\\\/fr\\\/#organization\",\"name\":\"CLIMAtlantic\",\"url\":\"https:\\\/\\\/climatlantic.ca\\\/fr\\\/\",\"logo\":{\"@type\":\"ImageObject\",\"inLanguage\":\"fr-FR\",\"@id\":\"https:\\\/\\\/climatlantic.ca\\\/fr\\\/#\\\/schema\\\/logo\\\/image\\\/\",\"url\":\"https:\\\/\\\/climatlantic.ca\\\/wp\\\/wp-content\\\/uploads\\\/2021\\\/07\\\/cropped-Climatlantic_Favicon.png\",\"contentUrl\":\"https:\\\/\\\/climatlantic.ca\\\/wp\\\/wp-content\\\/uploads\\\/2021\\\/07\\\/cropped-Climatlantic_Favicon.png\",\"width\":512,\"height\":512,\"caption\":\"CLIMAtlantic\"},\"image\":{\"@id\":\"https:\\\/\\\/climatlantic.ca\\\/fr\\\/#\\\/schema\\\/logo\\\/image\\\/\"},\"sameAs\":[\"https:\\\/\\\/www.facebook.com\\\/CLIMAtlanticInc\\\/\",\"http:\\\/\\\/instagram.com\\\/climatlantic\",\"https:\\\/\\\/www.linkedin.com\\\/company\\\/climatlantic\\\/\"]}]}<\/script>\n<!-- \/ Yoast SEO plugin. -->","yoast_head_json":{"title":"\u00c9v\u00e9nements 2023 - CLIMAtlantic","robots":{"index":"index","follow":"follow","max-snippet":"max-snippet:-1","max-image-preview":"max-image-preview:large","max-video-preview":"max-video-preview:-1"},"canonical":"https:\/\/climatlantic.ca\/fr\/evenements-2023\/","og_locale":"fr_FR","og_type":"article","og_title":"\u00c9v\u00e9nements 2023 - CLIMAtlantic","og_description":"\u00c9V\u00c9NEMENTS 2023\u00c9change d\u2019id\u00e9es : Financement de RNCan \u2013 Programme pour des communaut\u00e9s c\u00f4ti\u00e8res r\u00e9silientes au climatRNCan a r\u00e9cemment lanc\u00e9 son nouveau Programme pour des communaut\u00e9s c\u00f4ti\u00e8res r\u00e9silientes au climat (CCRC)! Le jeudi 19 octobre 2023, de 13h \u00e0 16h (HAA), nous avons organis\u00e9 un \u00c9change d\u2019id\u00e9es pour discuter des id\u00e9es de projets.\u00c9change d\u2019id\u00e9es & discussion [&hellip;]","og_url":"https:\/\/climatlantic.ca\/fr\/evenements-2023\/","og_site_name":"CLIMAtlantic","article_publisher":"https:\/\/www.facebook.com\/CLIMAtlanticInc\/","article_modified_time":"2025-04-14T20:26:21+00:00","twitter_card":"summary_large_image","twitter_misc":{"Dur\u00e9e de lecture estim\u00e9e":"8 minutes"},"schema":{"@context":"https:\/\/schema.org","@graph":[{"@type":"WebPage","@id":"https:\/\/climatlantic.ca\/fr\/evenements-2023\/","url":"https:\/\/climatlantic.ca\/fr\/evenements-2023\/","name":"\u00c9v\u00e9nements 2023 - CLIMAtlantic","isPartOf":{"@id":"https:\/\/climatlantic.ca\/fr\/#website"},"datePublished":"2025-04-14T19:41:20+00:00","dateModified":"2025-04-14T20:26:21+00:00","breadcrumb":{"@id":"https:\/\/climatlantic.ca\/fr\/evenements-2023\/#breadcrumb"},"inLanguage":"fr-FR","potentialAction":[{"@type":"ReadAction","target":["https:\/\/climatlantic.ca\/fr\/evenements-2023\/"]}]},{"@type":"BreadcrumbList","@id":"https:\/\/climatlantic.ca\/fr\/evenements-2023\/#breadcrumb","itemListElement":[{"@type":"ListItem","position":1,"name":"Home","item":"https:\/\/climatlantic.ca\/fr\/"},{"@type":"ListItem","position":2,"name":"\u00c9v\u00e9nements 2023"}]},{"@type":"WebSite","@id":"https:\/\/climatlantic.ca\/fr\/#website","url":"https:\/\/climatlantic.ca\/fr\/","name":"Climatlantic","description":"Enhancing Atlantic Climate Resilience","publisher":{"@id":"https:\/\/climatlantic.ca\/fr\/#organization"},"potentialAction":[{"@type":"SearchAction","target":{"@type":"EntryPoint","urlTemplate":"https:\/\/climatlantic.ca\/fr\/?s={search_term_string}"},"query-input":{"@type":"PropertyValueSpecification","valueRequired":true,"valueName":"search_term_string"}}],"inLanguage":"fr-FR"},{"@type":"Organization","@id":"https:\/\/climatlantic.ca\/fr\/#organization","name":"CLIMAtlantic","url":"https:\/\/climatlantic.ca\/fr\/","logo":{"@type":"ImageObject","inLanguage":"fr-FR","@id":"https:\/\/climatlantic.ca\/fr\/#\/schema\/logo\/image\/","url":"https:\/\/climatlantic.ca\/wp\/wp-content\/uploads\/2021\/07\/cropped-Climatlantic_Favicon.png","contentUrl":"https:\/\/climatlantic.ca\/wp\/wp-content\/uploads\/2021\/07\/cropped-Climatlantic_Favicon.png","width":512,"height":512,"caption":"CLIMAtlantic"},"image":{"@id":"https:\/\/climatlantic.ca\/fr\/#\/schema\/logo\/image\/"},"sameAs":["https:\/\/www.facebook.com\/CLIMAtlanticInc\/","http:\/\/instagram.com\/climatlantic","https:\/\/www.linkedin.com\/company\/climatlantic\/"]}]}},"_links":{"self":[{"href":"https:\/\/climatlantic.ca\/fr\/wp-json\/wp\/v2\/pages\/16761","targetHints":{"allow":["GET"]}}],"collection":[{"href":"https:\/\/climatlantic.ca\/fr\/wp-json\/wp\/v2\/pages"}],"about":[{"href":"https:\/\/climatlantic.ca\/fr\/wp-json\/wp\/v2\/types\/page"}],"author":[{"embeddable":true,"href":"https:\/\/climatlantic.ca\/fr\/wp-json\/wp\/v2\/users\/1"}],"replies":[{"embeddable":true,"href":"https:\/\/climatlantic.ca\/fr\/wp-json\/wp\/v2\/comments?post=16761"}],"version-history":[{"count":5,"href":"https:\/\/climatlantic.ca\/fr\/wp-json\/wp\/v2\/pages\/16761\/revisions"}],"predecessor-version":[{"id":16784,"href":"https:\/\/climatlantic.ca\/fr\/wp-json\/wp\/v2\/pages\/16761\/revisions\/16784"}],"wp:attachment":[{"href":"https:\/\/climatlantic.ca\/fr\/wp-json\/wp\/v2\/media?parent=16761"}],"wp:term":[{"taxonomy":"category","embeddable":true,"href":"https:\/\/climatlantic.ca\/fr\/wp-json\/wp\/v2\/categories?post=16761"},{"taxonomy":"post_tag","embeddable":true,"href":"https:\/\/climatlantic.ca\/fr\/wp-json\/wp\/v2\/tags?post=16761"}],"curies":[{"name":"wp","href":"https:\/\/api.w.org\/{rel}","templated":true}]}}