
{"id":16911,"date":"2025-04-24T16:00:15","date_gmt":"2025-04-24T19:00:15","guid":{"rendered":"https:\/\/climatlantic.ca\/?page_id=16911"},"modified":"2025-05-07T06:37:15","modified_gmt":"2025-05-07T09:37:15","slug":"fonds-pour-linfrastructure-alimentaire-scolaire-de-latlantique","status":"publish","type":"page","link":"https:\/\/climatlantic.ca\/fr\/outils\/possibilites-financement\/fonds-pour-linfrastructure-alimentaire-scolaire-de-latlantique\/","title":{"rendered":"Fonds pour l\u2019infrastructure alimentaire scolaire de l\u2019Atlantique"},"content":{"rendered":"<p>[et_pb_section fb_built=&#8221;1&#8243; _builder_version=&#8221;4.21.0&#8243; _module_preset=&#8221;default&#8221; da_disable_devices=&#8221;off|off|off&#8221; global_colors_info=&#8221;{}&#8221; da_is_popup=&#8221;off&#8221; da_exit_intent=&#8221;off&#8221; da_has_close=&#8221;on&#8221; da_alt_close=&#8221;off&#8221; da_dark_close=&#8221;off&#8221; da_not_modal=&#8221;on&#8221; da_is_singular=&#8221;off&#8221; da_with_loader=&#8221;off&#8221; da_has_shadow=&#8221;on&#8221;][et_pb_row _builder_version=&#8221;4.21.0&#8243; _module_preset=&#8221;default&#8221; global_colors_info=&#8221;{}&#8221;][et_pb_column type=&#8221;4_4&#8243; _builder_version=&#8221;4.21.0&#8243; _module_preset=&#8221;default&#8221; global_colors_info=&#8221;{}&#8221;][et_pb_image src=&#8221;https:\/\/climatlantic.ca\/wp\/wp-content\/uploads\/2025\/04\/Funding-Page-Atlantic-SFIF-Image-2-2.png&#8221; alt=&#8221;Les logos de Nourish Nova Scotia, Food First NL, PEI Home and School Federation et Nourish Nova Scotia.&#8221; title_text=&#8221;Funding Page &#8211; Atlantic SFIF Image (2)&#8221; url=&#8221;https:\/\/www.atlanticsfif.ca\/francais&#8221; url_new_window=&#8221;on&#8221; align=&#8221;center&#8221; _builder_version=&#8221;4.27.4&#8243; _module_preset=&#8221;default&#8221; width=&#8221;100%&#8221; max_width=&#8221;100%&#8221; module_alignment=&#8221;center&#8221; height=&#8221;400px&#8221; custom_margin=&#8221;||12px||false|false&#8221; global_colors_info=&#8221;{}&#8221;][\/et_pb_image][et_pb_text _builder_version=&#8221;4.27.4&#8243; _module_preset=&#8221;default&#8221; link_option_url_new_window=&#8221;on&#8221; hover_enabled=&#8221;0&#8243; global_colors_info=&#8221;{}&#8221; sticky_enabled=&#8221;0&#8243;]<\/p>\n<h4 class=\"et_pb_text_inner\"><\/h4>\n<h4 class=\"et_pb_column et_pb_column_4_4 et_pb_column_19  et_pb_css_mix_blend_mode_passthrough et-last-child\"><a href=\"https:\/\/www.atlanticsfif.ca\/francais\" target=\"_blank\" rel=\"noopener\"><span data-sheets-root=\"1\">Fonds pour l\u2019infrastructure alimentaire scolaire de l\u2019Atlantique<\/span><\/a><\/h4>\n<p><span data-sheets-root=\"1\">Le Fonds pour l\u2019infrastructure alimentaire scolaire (FIAS) de l\u2019Atlantique soutient les programmes scolaires alimentaires au Canada atlantique. Les syst\u00e8mes alimentaires, la s\u00e9curit\u00e9 alimentaire et la durabilit\u00e9 font tous partie de l\u2019am\u00e9lioration de la r\u00e9silience des communaut\u00e9s face aux changements climatiques. Le programme financer a la modernisation d\u2019infrastructures et d\u2019\u00e9quipements vitaux, ainsi que l\u2019augmentation de la production alimentaire.<\/span><\/p>\n<p>Il y a deux cat\u00e9gories de financement :<br \/>&#8211; Petites subventions &#8211; projets dont les d\u00e9penses admissibles sont comprises entre 5 000 $ et 25 000 $.<br \/>&#8211; Grandes subventions &#8211; projets dont les d\u00e9penses admissibles se situent entre 25 000 $ et 150 000 $.<\/p>\n<p>Les organisations \u00e0 but non lucratif engag\u00e9es dans la programmation alimentaire peuvent poser leur candidature. La date limite de d\u00e9p\u00f4t des candidatures \u00e9tait fix\u00e9e au 4 mai.<\/p>\n<p>[\/et_pb_text][et_pb_button button_url=&#8221;@ET-DC@eyJkeW5hbWljIjp0cnVlLCJjb250ZW50IjoicG9zdF9saW5rX3VybF9wYWdlIiwic2V0dGluZ3MiOnsicG9zdF9pZCI6IjY2ODIifX0=@&#8221; button_text=&#8221;RETOUR AUX OPPORTUNIT\u00c9S DE FINANCEMENT&#8221; _builder_version=&#8221;4.21.0&#8243; _dynamic_attributes=&#8221;button_url&#8221; _module_preset=&#8221;default&#8221; custom_margin=&#8221;-12px||||false|false&#8221; custom_padding=&#8221;||||false|false&#8221; global_colors_info=&#8221;{}&#8221;][\/et_pb_button][\/et_pb_column][\/et_pb_row][\/et_pb_section]<\/p>\n","protected":false},"excerpt":{"rendered":"<p>Fonds pour l\u2019infrastructure alimentaire scolaire de l\u2019Atlantique Le Fonds pour l\u2019infrastructure alimentaire scolaire (FIAS) de l\u2019Atlantique soutient les programmes scolaires alimentaires au Canada atlantique. Les syst\u00e8mes alimentaires, la s\u00e9curit\u00e9 alimentaire et la durabilit\u00e9 font tous partie de l\u2019am\u00e9lioration de la r\u00e9silience des communaut\u00e9s face aux changements climatiques. Le programme financer a la modernisation d\u2019infrastructures et [&hellip;]<\/p>\n","protected":false},"author":18,"featured_media":0,"parent":7052,"menu_order":0,"comment_status":"closed","ping_status":"closed","template":"","meta":{"_acf_changed":false,"_et_pb_use_builder":"on","_et_pb_old_content":"","_et_gb_content_width":"","footnotes":""},"categories":[],"tags":[],"class_list":["post-16911","page","type-page","status-publish","hentry"],"acf":[],"yoast_head":"<!-- This site is optimized with the Yoast SEO plugin v27.3 - https:\/\/yoast.com\/product\/yoast-seo-wordpress\/ -->\n<title>Fonds pour l\u2019infrastructure alimentaire scolaire de l\u2019Atlantique - CLIMAtlantic<\/title>\n<meta name=\"robots\" content=\"index, follow, max-snippet:-1, max-image-preview:large, max-video-preview:-1\" \/>\n<link rel=\"canonical\" href=\"https:\/\/climatlantic.ca\/fr\/outils\/possibilites-financement\/fonds-pour-linfrastructure-alimentaire-scolaire-de-latlantique\/\" \/>\n<meta property=\"og:locale\" content=\"fr_FR\" \/>\n<meta property=\"og:type\" content=\"article\" \/>\n<meta property=\"og:title\" content=\"Fonds pour l\u2019infrastructure alimentaire scolaire de l\u2019Atlantique - CLIMAtlantic\" \/>\n<meta property=\"og:description\" content=\"Fonds pour l\u2019infrastructure alimentaire scolaire de l\u2019Atlantique Le Fonds pour l\u2019infrastructure alimentaire scolaire (FIAS) de l\u2019Atlantique soutient les programmes scolaires alimentaires au Canada atlantique. Les syst\u00e8mes alimentaires, la s\u00e9curit\u00e9 alimentaire et la durabilit\u00e9 font tous partie de l\u2019am\u00e9lioration de la r\u00e9silience des communaut\u00e9s face aux changements climatiques. Le programme financer a la modernisation d\u2019infrastructures et [&hellip;]\" \/>\n<meta property=\"og:url\" content=\"https:\/\/climatlantic.ca\/fr\/outils\/possibilites-financement\/fonds-pour-linfrastructure-alimentaire-scolaire-de-latlantique\/\" \/>\n<meta property=\"og:site_name\" content=\"CLIMAtlantic\" \/>\n<meta property=\"article:publisher\" content=\"https:\/\/www.facebook.com\/CLIMAtlanticInc\/\" \/>\n<meta property=\"article:modified_time\" content=\"2025-05-07T09:37:15+00:00\" \/>\n<meta name=\"twitter:card\" content=\"summary_large_image\" \/>\n<meta name=\"twitter:label1\" content=\"Dur\u00e9e de lecture estim\u00e9e\" \/>\n\t<meta name=\"twitter:data1\" content=\"2 minutes\" \/>\n<script type=\"application\/ld+json\" class=\"yoast-schema-graph\">{\"@context\":\"https:\\\/\\\/schema.org\",\"@graph\":[{\"@type\":\"WebPage\",\"@id\":\"https:\\\/\\\/climatlantic.ca\\\/fr\\\/outils\\\/possibilites-financement\\\/fonds-pour-linfrastructure-alimentaire-scolaire-de-latlantique\\\/\",\"url\":\"https:\\\/\\\/climatlantic.ca\\\/fr\\\/outils\\\/possibilites-financement\\\/fonds-pour-linfrastructure-alimentaire-scolaire-de-latlantique\\\/\",\"name\":\"Fonds pour l\u2019infrastructure alimentaire scolaire de l\u2019Atlantique - CLIMAtlantic\",\"isPartOf\":{\"@id\":\"https:\\\/\\\/climatlantic.ca\\\/fr\\\/#website\"},\"datePublished\":\"2025-04-24T19:00:15+00:00\",\"dateModified\":\"2025-05-07T09:37:15+00:00\",\"breadcrumb\":{\"@id\":\"https:\\\/\\\/climatlantic.ca\\\/fr\\\/outils\\\/possibilites-financement\\\/fonds-pour-linfrastructure-alimentaire-scolaire-de-latlantique\\\/#breadcrumb\"},\"inLanguage\":\"fr-FR\",\"potentialAction\":[{\"@type\":\"ReadAction\",\"target\":[\"https:\\\/\\\/climatlantic.ca\\\/fr\\\/outils\\\/possibilites-financement\\\/fonds-pour-linfrastructure-alimentaire-scolaire-de-latlantique\\\/\"]}]},{\"@type\":\"BreadcrumbList\",\"@id\":\"https:\\\/\\\/climatlantic.ca\\\/fr\\\/outils\\\/possibilites-financement\\\/fonds-pour-linfrastructure-alimentaire-scolaire-de-latlantique\\\/#breadcrumb\",\"itemListElement\":[{\"@type\":\"ListItem\",\"position\":1,\"name\":\"Home\",\"item\":\"https:\\\/\\\/climatlantic.ca\\\/fr\\\/\"},{\"@type\":\"ListItem\",\"position\":2,\"name\":\"Outils\",\"item\":\"https:\\\/\\\/climatlantic.ca\\\/fr\\\/tools\\\/\"},{\"@type\":\"ListItem\",\"position\":3,\"name\":\"Possibilit\u00e9s de financement\",\"item\":\"https:\\\/\\\/climatlantic.ca\\\/fr\\\/tools\\\/funding-opportunities\\\/\"},{\"@type\":\"ListItem\",\"position\":4,\"name\":\"Fonds pour l\u2019infrastructure alimentaire scolaire de l\u2019Atlantique\"}]},{\"@type\":\"WebSite\",\"@id\":\"https:\\\/\\\/climatlantic.ca\\\/fr\\\/#website\",\"url\":\"https:\\\/\\\/climatlantic.ca\\\/fr\\\/\",\"name\":\"Climatlantic\",\"description\":\"Enhancing Atlantic Climate Resilience\",\"publisher\":{\"@id\":\"https:\\\/\\\/climatlantic.ca\\\/fr\\\/#organization\"},\"potentialAction\":[{\"@type\":\"SearchAction\",\"target\":{\"@type\":\"EntryPoint\",\"urlTemplate\":\"https:\\\/\\\/climatlantic.ca\\\/fr\\\/?s={search_term_string}\"},\"query-input\":{\"@type\":\"PropertyValueSpecification\",\"valueRequired\":true,\"valueName\":\"search_term_string\"}}],\"inLanguage\":\"fr-FR\"},{\"@type\":\"Organization\",\"@id\":\"https:\\\/\\\/climatlantic.ca\\\/fr\\\/#organization\",\"name\":\"CLIMAtlantic\",\"url\":\"https:\\\/\\\/climatlantic.ca\\\/fr\\\/\",\"logo\":{\"@type\":\"ImageObject\",\"inLanguage\":\"fr-FR\",\"@id\":\"https:\\\/\\\/climatlantic.ca\\\/fr\\\/#\\\/schema\\\/logo\\\/image\\\/\",\"url\":\"https:\\\/\\\/climatlantic.ca\\\/wp\\\/wp-content\\\/uploads\\\/2021\\\/07\\\/cropped-Climatlantic_Favicon.png\",\"contentUrl\":\"https:\\\/\\\/climatlantic.ca\\\/wp\\\/wp-content\\\/uploads\\\/2021\\\/07\\\/cropped-Climatlantic_Favicon.png\",\"width\":512,\"height\":512,\"caption\":\"CLIMAtlantic\"},\"image\":{\"@id\":\"https:\\\/\\\/climatlantic.ca\\\/fr\\\/#\\\/schema\\\/logo\\\/image\\\/\"},\"sameAs\":[\"https:\\\/\\\/www.facebook.com\\\/CLIMAtlanticInc\\\/\",\"http:\\\/\\\/instagram.com\\\/climatlantic\",\"https:\\\/\\\/www.linkedin.com\\\/company\\\/climatlantic\\\/\"]}]}<\/script>\n<!-- \/ Yoast SEO plugin. -->","yoast_head_json":{"title":"Fonds pour l\u2019infrastructure alimentaire scolaire de l\u2019Atlantique - CLIMAtlantic","robots":{"index":"index","follow":"follow","max-snippet":"max-snippet:-1","max-image-preview":"max-image-preview:large","max-video-preview":"max-video-preview:-1"},"canonical":"https:\/\/climatlantic.ca\/fr\/outils\/possibilites-financement\/fonds-pour-linfrastructure-alimentaire-scolaire-de-latlantique\/","og_locale":"fr_FR","og_type":"article","og_title":"Fonds pour l\u2019infrastructure alimentaire scolaire de l\u2019Atlantique - CLIMAtlantic","og_description":"Fonds pour l\u2019infrastructure alimentaire scolaire de l\u2019Atlantique Le Fonds pour l\u2019infrastructure alimentaire scolaire (FIAS) de l\u2019Atlantique soutient les programmes scolaires alimentaires au Canada atlantique. Les syst\u00e8mes alimentaires, la s\u00e9curit\u00e9 alimentaire et la durabilit\u00e9 font tous partie de l\u2019am\u00e9lioration de la r\u00e9silience des communaut\u00e9s face aux changements climatiques. Le programme financer a la modernisation d\u2019infrastructures et [&hellip;]","og_url":"https:\/\/climatlantic.ca\/fr\/outils\/possibilites-financement\/fonds-pour-linfrastructure-alimentaire-scolaire-de-latlantique\/","og_site_name":"CLIMAtlantic","article_publisher":"https:\/\/www.facebook.com\/CLIMAtlanticInc\/","article_modified_time":"2025-05-07T09:37:15+00:00","twitter_card":"summary_large_image","twitter_misc":{"Dur\u00e9e de lecture estim\u00e9e":"2 minutes"},"schema":{"@context":"https:\/\/schema.org","@graph":[{"@type":"WebPage","@id":"https:\/\/climatlantic.ca\/fr\/outils\/possibilites-financement\/fonds-pour-linfrastructure-alimentaire-scolaire-de-latlantique\/","url":"https:\/\/climatlantic.ca\/fr\/outils\/possibilites-financement\/fonds-pour-linfrastructure-alimentaire-scolaire-de-latlantique\/","name":"Fonds pour l\u2019infrastructure alimentaire scolaire de l\u2019Atlantique - CLIMAtlantic","isPartOf":{"@id":"https:\/\/climatlantic.ca\/fr\/#website"},"datePublished":"2025-04-24T19:00:15+00:00","dateModified":"2025-05-07T09:37:15+00:00","breadcrumb":{"@id":"https:\/\/climatlantic.ca\/fr\/outils\/possibilites-financement\/fonds-pour-linfrastructure-alimentaire-scolaire-de-latlantique\/#breadcrumb"},"inLanguage":"fr-FR","potentialAction":[{"@type":"ReadAction","target":["https:\/\/climatlantic.ca\/fr\/outils\/possibilites-financement\/fonds-pour-linfrastructure-alimentaire-scolaire-de-latlantique\/"]}]},{"@type":"BreadcrumbList","@id":"https:\/\/climatlantic.ca\/fr\/outils\/possibilites-financement\/fonds-pour-linfrastructure-alimentaire-scolaire-de-latlantique\/#breadcrumb","itemListElement":[{"@type":"ListItem","position":1,"name":"Home","item":"https:\/\/climatlantic.ca\/fr\/"},{"@type":"ListItem","position":2,"name":"Outils","item":"https:\/\/climatlantic.ca\/fr\/tools\/"},{"@type":"ListItem","position":3,"name":"Possibilit\u00e9s de financement","item":"https:\/\/climatlantic.ca\/fr\/tools\/funding-opportunities\/"},{"@type":"ListItem","position":4,"name":"Fonds pour l\u2019infrastructure alimentaire scolaire de l\u2019Atlantique"}]},{"@type":"WebSite","@id":"https:\/\/climatlantic.ca\/fr\/#website","url":"https:\/\/climatlantic.ca\/fr\/","name":"Climatlantic","description":"Enhancing Atlantic Climate Resilience","publisher":{"@id":"https:\/\/climatlantic.ca\/fr\/#organization"},"potentialAction":[{"@type":"SearchAction","target":{"@type":"EntryPoint","urlTemplate":"https:\/\/climatlantic.ca\/fr\/?s={search_term_string}"},"query-input":{"@type":"PropertyValueSpecification","valueRequired":true,"valueName":"search_term_string"}}],"inLanguage":"fr-FR"},{"@type":"Organization","@id":"https:\/\/climatlantic.ca\/fr\/#organization","name":"CLIMAtlantic","url":"https:\/\/climatlantic.ca\/fr\/","logo":{"@type":"ImageObject","inLanguage":"fr-FR","@id":"https:\/\/climatlantic.ca\/fr\/#\/schema\/logo\/image\/","url":"https:\/\/climatlantic.ca\/wp\/wp-content\/uploads\/2021\/07\/cropped-Climatlantic_Favicon.png","contentUrl":"https:\/\/climatlantic.ca\/wp\/wp-content\/uploads\/2021\/07\/cropped-Climatlantic_Favicon.png","width":512,"height":512,"caption":"CLIMAtlantic"},"image":{"@id":"https:\/\/climatlantic.ca\/fr\/#\/schema\/logo\/image\/"},"sameAs":["https:\/\/www.facebook.com\/CLIMAtlanticInc\/","http:\/\/instagram.com\/climatlantic","https:\/\/www.linkedin.com\/company\/climatlantic\/"]}]}},"_links":{"self":[{"href":"https:\/\/climatlantic.ca\/fr\/wp-json\/wp\/v2\/pages\/16911","targetHints":{"allow":["GET"]}}],"collection":[{"href":"https:\/\/climatlantic.ca\/fr\/wp-json\/wp\/v2\/pages"}],"about":[{"href":"https:\/\/climatlantic.ca\/fr\/wp-json\/wp\/v2\/types\/page"}],"author":[{"embeddable":true,"href":"https:\/\/climatlantic.ca\/fr\/wp-json\/wp\/v2\/users\/18"}],"replies":[{"embeddable":true,"href":"https:\/\/climatlantic.ca\/fr\/wp-json\/wp\/v2\/comments?post=16911"}],"version-history":[{"count":5,"href":"https:\/\/climatlantic.ca\/fr\/wp-json\/wp\/v2\/pages\/16911\/revisions"}],"predecessor-version":[{"id":16959,"href":"https:\/\/climatlantic.ca\/fr\/wp-json\/wp\/v2\/pages\/16911\/revisions\/16959"}],"up":[{"embeddable":true,"href":"https:\/\/climatlantic.ca\/fr\/wp-json\/wp\/v2\/pages\/7052"}],"wp:attachment":[{"href":"https:\/\/climatlantic.ca\/fr\/wp-json\/wp\/v2\/media?parent=16911"}],"wp:term":[{"taxonomy":"category","embeddable":true,"href":"https:\/\/climatlantic.ca\/fr\/wp-json\/wp\/v2\/categories?post=16911"},{"taxonomy":"post_tag","embeddable":true,"href":"https:\/\/climatlantic.ca\/fr\/wp-json\/wp\/v2\/tags?post=16911"}],"curies":[{"name":"wp","href":"https:\/\/api.w.org\/{rel}","templated":true}]}}