
{"id":20044,"date":"2026-01-23T10:37:01","date_gmt":"2026-01-23T14:37:01","guid":{"rendered":"https:\/\/climatlantic.ca\/outils\/possibilites-financement\/laboratoire-dacceleration-de-la-resilience\/"},"modified":"2026-02-03T15:22:16","modified_gmt":"2026-02-03T19:22:16","slug":"laboratoire-dacceleration-de-la-resilience","status":"publish","type":"page","link":"https:\/\/climatlantic.ca\/fr\/outils\/possibilites-financement\/laboratoire-dacceleration-de-la-resilience\/","title":{"rendered":"Laboratoire d\u2019acc\u00e9l\u00e9ration de la r\u00e9silience"},"content":{"rendered":"<p>[et_pb_section fb_built=&#8221;1&#8243; _builder_version=&#8221;4.21.0&#8243; _module_preset=&#8221;default&#8221; da_disable_devices=&#8221;off|off|off&#8221; global_colors_info=&#8221;{}&#8221; da_is_popup=&#8221;off&#8221; da_exit_intent=&#8221;off&#8221; da_has_close=&#8221;on&#8221; da_alt_close=&#8221;off&#8221; da_dark_close=&#8221;off&#8221; da_not_modal=&#8221;on&#8221; da_is_singular=&#8221;off&#8221; da_with_loader=&#8221;off&#8221; da_has_shadow=&#8221;on&#8221;][et_pb_row _builder_version=&#8221;4.21.0&#8243; _module_preset=&#8221;default&#8221; global_colors_info=&#8221;{}&#8221;][et_pb_column type=&#8221;4_4&#8243; _builder_version=&#8221;4.21.0&#8243; _module_preset=&#8221;default&#8221; global_colors_info=&#8221;{}&#8221;][et_pb_image src=&#8221;https:\/\/climatlantic.ca\/wp\/wp-content\/uploads\/2026\/01\/Resilience-Acceleration-Lab-Banner.jpg&#8221; alt=&#8221;Le fran\u00e7ais suit An aerial view of a flooded community | Vue a\u00e9rienne d&#8217;une communaut\u00e9 inond\u00e9e&#8221; title_text=&#8221;Resilience Acceleration Lab Banner&#8221; url=&#8221;https:\/\/www.cooperators.ca\/fr-ca\/about-us\/sustainability\/sustainable-investing\/resilience-acceleration-lab&#8221; url_new_window=&#8221;on&#8221; align=&#8221;center&#8221; _builder_version=&#8221;4.27.5&#8243; _module_preset=&#8221;default&#8221; max_width=&#8221;70%&#8221; custom_margin=&#8221;||12px||false|false&#8221; global_colors_info=&#8221;{}&#8221;][\/et_pb_image][et_pb_text _builder_version=&#8221;4.27.5&#8243; _module_preset=&#8221;default&#8221; link_option_url_new_window=&#8221;on&#8221; hover_enabled=&#8221;0&#8243; global_colors_info=&#8221;{}&#8221; sticky_enabled=&#8221;0&#8243;]<\/p>\n<div class=\"et_pb_column et_pb_column_4_4 et_pb_column_19  et_pb_css_mix_blend_mode_passthrough et-last-child\">\n<div class=\"et_pb_module et_pb_text et_pb_text_18  et_pb_text_align_left et_pb_bg_layout_light\">\n<h4 class=\"et_pb_text_inner\"><a href=\"https:\/\/www.cooperators.ca\/fr-ca\/about-us\/sustainability\/sustainable-investing\/resilience-acceleration-lab\" target=\"_blank\" rel=\"noopener\"><span style=\"text-decoration: underline;\"><strong>Laboratoire d\u2019acc\u00e9l\u00e9ration de la r\u00e9silience<\/strong><\/span><\/a><\/h4>\n<\/div>\n<\/div>\n<p><span data-sheets-root=\"1\"><\/span><\/p>\n<p><span data-sheets-root=\"1\"><\/span><\/p>\n<p><span data-sheets-root=\"1\">Offert par Co-operators Insurance, ce fonds permet de b\u00e9n\u00e9ficier d\u2019un financement priv\u00e9 pouvant atteindre 250 000 dollars afin de rendre les infrastructures plus r\u00e9sistantes aux changements climatiques.<\/span><\/p>\n<p>Les candidats admissibles comprennent les municipalit\u00e9s, les r\u00e9gions, les districts et les soci\u00e9t\u00e9s appartenant aux municipalit\u00e9s. Les projets retenus devront d\u00e9montrer leur engagement en faveur de la r\u00e9duction des risques et de l\u2019accroissement de la r\u00e9silience, de la relance \u00e9conomique et du leadership municipal. La taille des projets doit \u00eatre d\u2019au moins 5 millions de dollars.<\/p>\n<p>Les candidatures devaient \u00eatre d\u00e9pos\u00e9es avant le 30 janvier 2026.<\/p>\n<p>[\/et_pb_text][et_pb_button button_url=&#8221;@ET-DC@eyJkeW5hbWljIjp0cnVlLCJjb250ZW50IjoicG9zdF9saW5rX3VybF9wYWdlIiwic2V0dGluZ3MiOnsicG9zdF9pZCI6IjY2ODIifX0=@&#8221; button_text=&#8221;RETOUR AUX OPPORTUNIT\u00c9S DE FINANCEMENT&#8221; _builder_version=&#8221;4.21.0&#8243; _dynamic_attributes=&#8221;button_url&#8221; _module_preset=&#8221;default&#8221; custom_margin=&#8221;-12px||||false|false&#8221; custom_padding=&#8221;||||false|false&#8221; global_colors_info=&#8221;{}&#8221;][\/et_pb_button][\/et_pb_column][\/et_pb_row][\/et_pb_section]<\/p>\n","protected":false},"excerpt":{"rendered":"<p>Laboratoire d\u2019acc\u00e9l\u00e9ration de la r\u00e9silience Offert par Co-operators Insurance, ce fonds permet de b\u00e9n\u00e9ficier d\u2019un financement priv\u00e9 pouvant atteindre 250 000 dollars afin de rendre les infrastructures plus r\u00e9sistantes aux changements climatiques. Les candidats admissibles comprennent les municipalit\u00e9s, les r\u00e9gions, les districts et les soci\u00e9t\u00e9s appartenant aux municipalit\u00e9s. Les projets retenus devront d\u00e9montrer leur engagement [&hellip;]<\/p>\n","protected":false},"author":50,"featured_media":0,"parent":7052,"menu_order":0,"comment_status":"closed","ping_status":"closed","template":"","meta":{"_acf_changed":false,"_et_pb_use_builder":"on","_et_pb_old_content":"","_et_gb_content_width":"","footnotes":""},"categories":[],"tags":[],"class_list":["post-20044","page","type-page","status-publish","hentry"],"acf":[],"yoast_head":"<!-- This site is optimized with the Yoast SEO plugin v27.5 - https:\/\/yoast.com\/product\/yoast-seo-wordpress\/ -->\n<title>Laboratoire d\u2019acc\u00e9l\u00e9ration de la r\u00e9silience - CLIMAtlantic<\/title>\n<meta name=\"robots\" content=\"index, follow, max-snippet:-1, max-image-preview:large, max-video-preview:-1\" \/>\n<link rel=\"canonical\" href=\"https:\/\/climatlantic.ca\/fr\/outils\/possibilites-financement\/laboratoire-dacceleration-de-la-resilience\/\" \/>\n<meta property=\"og:locale\" content=\"fr_FR\" \/>\n<meta property=\"og:type\" content=\"article\" \/>\n<meta property=\"og:title\" content=\"Laboratoire d\u2019acc\u00e9l\u00e9ration de la r\u00e9silience - CLIMAtlantic\" \/>\n<meta property=\"og:description\" content=\"Laboratoire d\u2019acc\u00e9l\u00e9ration de la r\u00e9silience Offert par Co-operators Insurance, ce fonds permet de b\u00e9n\u00e9ficier d\u2019un financement priv\u00e9 pouvant atteindre 250 000 dollars afin de rendre les infrastructures plus r\u00e9sistantes aux changements climatiques. Les candidats admissibles comprennent les municipalit\u00e9s, les r\u00e9gions, les districts et les soci\u00e9t\u00e9s appartenant aux municipalit\u00e9s. Les projets retenus devront d\u00e9montrer leur engagement [&hellip;]\" \/>\n<meta property=\"og:url\" content=\"https:\/\/climatlantic.ca\/fr\/outils\/possibilites-financement\/laboratoire-dacceleration-de-la-resilience\/\" \/>\n<meta property=\"og:site_name\" content=\"CLIMAtlantic\" \/>\n<meta property=\"article:publisher\" content=\"https:\/\/www.facebook.com\/CLIMAtlanticInc\/\" \/>\n<meta property=\"article:modified_time\" content=\"2026-02-03T19:22:16+00:00\" \/>\n<meta name=\"twitter:card\" content=\"summary_large_image\" \/>\n<meta name=\"twitter:label1\" content=\"Dur\u00e9e de lecture estim\u00e9e\" \/>\n\t<meta name=\"twitter:data1\" content=\"2 minutes\" \/>\n<script type=\"application\/ld+json\" class=\"yoast-schema-graph\">{\"@context\":\"https:\\\/\\\/schema.org\",\"@graph\":[{\"@type\":\"WebPage\",\"@id\":\"https:\\\/\\\/climatlantic.ca\\\/fr\\\/outils\\\/possibilites-financement\\\/laboratoire-dacceleration-de-la-resilience\\\/\",\"url\":\"https:\\\/\\\/climatlantic.ca\\\/fr\\\/outils\\\/possibilites-financement\\\/laboratoire-dacceleration-de-la-resilience\\\/\",\"name\":\"Laboratoire d\u2019acc\u00e9l\u00e9ration de la r\u00e9silience - CLIMAtlantic\",\"isPartOf\":{\"@id\":\"https:\\\/\\\/climatlantic.ca\\\/fr\\\/#website\"},\"datePublished\":\"2026-01-23T14:37:01+00:00\",\"dateModified\":\"2026-02-03T19:22:16+00:00\",\"breadcrumb\":{\"@id\":\"https:\\\/\\\/climatlantic.ca\\\/fr\\\/outils\\\/possibilites-financement\\\/laboratoire-dacceleration-de-la-resilience\\\/#breadcrumb\"},\"inLanguage\":\"fr-FR\",\"potentialAction\":[{\"@type\":\"ReadAction\",\"target\":[\"https:\\\/\\\/climatlantic.ca\\\/fr\\\/outils\\\/possibilites-financement\\\/laboratoire-dacceleration-de-la-resilience\\\/\"]}]},{\"@type\":\"BreadcrumbList\",\"@id\":\"https:\\\/\\\/climatlantic.ca\\\/fr\\\/outils\\\/possibilites-financement\\\/laboratoire-dacceleration-de-la-resilience\\\/#breadcrumb\",\"itemListElement\":[{\"@type\":\"ListItem\",\"position\":1,\"name\":\"Home\",\"item\":\"https:\\\/\\\/climatlantic.ca\\\/fr\\\/\"},{\"@type\":\"ListItem\",\"position\":2,\"name\":\"Outils\",\"item\":\"https:\\\/\\\/climatlantic.ca\\\/fr\\\/tools\\\/\"},{\"@type\":\"ListItem\",\"position\":3,\"name\":\"Possibilit\u00e9s de financement\",\"item\":\"https:\\\/\\\/climatlantic.ca\\\/fr\\\/outils\\\/possibilites-financement\\\/\"},{\"@type\":\"ListItem\",\"position\":4,\"name\":\"Laboratoire d\u2019acc\u00e9l\u00e9ration de la r\u00e9silience\"}]},{\"@type\":\"WebSite\",\"@id\":\"https:\\\/\\\/climatlantic.ca\\\/fr\\\/#website\",\"url\":\"https:\\\/\\\/climatlantic.ca\\\/fr\\\/\",\"name\":\"Climatlantic\",\"description\":\"Enhancing Atlantic Climate Resilience\",\"publisher\":{\"@id\":\"https:\\\/\\\/climatlantic.ca\\\/fr\\\/#organization\"},\"potentialAction\":[{\"@type\":\"SearchAction\",\"target\":{\"@type\":\"EntryPoint\",\"urlTemplate\":\"https:\\\/\\\/climatlantic.ca\\\/fr\\\/?s={search_term_string}\"},\"query-input\":{\"@type\":\"PropertyValueSpecification\",\"valueRequired\":true,\"valueName\":\"search_term_string\"}}],\"inLanguage\":\"fr-FR\"},{\"@type\":\"Organization\",\"@id\":\"https:\\\/\\\/climatlantic.ca\\\/fr\\\/#organization\",\"name\":\"CLIMAtlantic\",\"url\":\"https:\\\/\\\/climatlantic.ca\\\/fr\\\/\",\"logo\":{\"@type\":\"ImageObject\",\"inLanguage\":\"fr-FR\",\"@id\":\"https:\\\/\\\/climatlantic.ca\\\/fr\\\/#\\\/schema\\\/logo\\\/image\\\/\",\"url\":\"https:\\\/\\\/climatlantic.ca\\\/wp\\\/wp-content\\\/uploads\\\/2021\\\/07\\\/cropped-Climatlantic_Favicon.png\",\"contentUrl\":\"https:\\\/\\\/climatlantic.ca\\\/wp\\\/wp-content\\\/uploads\\\/2021\\\/07\\\/cropped-Climatlantic_Favicon.png\",\"width\":512,\"height\":512,\"caption\":\"CLIMAtlantic\"},\"image\":{\"@id\":\"https:\\\/\\\/climatlantic.ca\\\/fr\\\/#\\\/schema\\\/logo\\\/image\\\/\"},\"sameAs\":[\"https:\\\/\\\/www.facebook.com\\\/CLIMAtlanticInc\\\/\",\"http:\\\/\\\/instagram.com\\\/climatlantic\",\"https:\\\/\\\/www.linkedin.com\\\/company\\\/climatlantic\\\/\"]}]}<\/script>\n<!-- \/ Yoast SEO plugin. -->","yoast_head_json":{"title":"Laboratoire d\u2019acc\u00e9l\u00e9ration de la r\u00e9silience - CLIMAtlantic","robots":{"index":"index","follow":"follow","max-snippet":"max-snippet:-1","max-image-preview":"max-image-preview:large","max-video-preview":"max-video-preview:-1"},"canonical":"https:\/\/climatlantic.ca\/fr\/outils\/possibilites-financement\/laboratoire-dacceleration-de-la-resilience\/","og_locale":"fr_FR","og_type":"article","og_title":"Laboratoire d\u2019acc\u00e9l\u00e9ration de la r\u00e9silience - CLIMAtlantic","og_description":"Laboratoire d\u2019acc\u00e9l\u00e9ration de la r\u00e9silience Offert par Co-operators Insurance, ce fonds permet de b\u00e9n\u00e9ficier d\u2019un financement priv\u00e9 pouvant atteindre 250 000 dollars afin de rendre les infrastructures plus r\u00e9sistantes aux changements climatiques. Les candidats admissibles comprennent les municipalit\u00e9s, les r\u00e9gions, les districts et les soci\u00e9t\u00e9s appartenant aux municipalit\u00e9s. Les projets retenus devront d\u00e9montrer leur engagement [&hellip;]","og_url":"https:\/\/climatlantic.ca\/fr\/outils\/possibilites-financement\/laboratoire-dacceleration-de-la-resilience\/","og_site_name":"CLIMAtlantic","article_publisher":"https:\/\/www.facebook.com\/CLIMAtlanticInc\/","article_modified_time":"2026-02-03T19:22:16+00:00","twitter_card":"summary_large_image","twitter_misc":{"Dur\u00e9e de lecture estim\u00e9e":"2 minutes"},"schema":{"@context":"https:\/\/schema.org","@graph":[{"@type":"WebPage","@id":"https:\/\/climatlantic.ca\/fr\/outils\/possibilites-financement\/laboratoire-dacceleration-de-la-resilience\/","url":"https:\/\/climatlantic.ca\/fr\/outils\/possibilites-financement\/laboratoire-dacceleration-de-la-resilience\/","name":"Laboratoire d\u2019acc\u00e9l\u00e9ration de la r\u00e9silience - CLIMAtlantic","isPartOf":{"@id":"https:\/\/climatlantic.ca\/fr\/#website"},"datePublished":"2026-01-23T14:37:01+00:00","dateModified":"2026-02-03T19:22:16+00:00","breadcrumb":{"@id":"https:\/\/climatlantic.ca\/fr\/outils\/possibilites-financement\/laboratoire-dacceleration-de-la-resilience\/#breadcrumb"},"inLanguage":"fr-FR","potentialAction":[{"@type":"ReadAction","target":["https:\/\/climatlantic.ca\/fr\/outils\/possibilites-financement\/laboratoire-dacceleration-de-la-resilience\/"]}]},{"@type":"BreadcrumbList","@id":"https:\/\/climatlantic.ca\/fr\/outils\/possibilites-financement\/laboratoire-dacceleration-de-la-resilience\/#breadcrumb","itemListElement":[{"@type":"ListItem","position":1,"name":"Home","item":"https:\/\/climatlantic.ca\/fr\/"},{"@type":"ListItem","position":2,"name":"Outils","item":"https:\/\/climatlantic.ca\/fr\/tools\/"},{"@type":"ListItem","position":3,"name":"Possibilit\u00e9s de financement","item":"https:\/\/climatlantic.ca\/fr\/outils\/possibilites-financement\/"},{"@type":"ListItem","position":4,"name":"Laboratoire d\u2019acc\u00e9l\u00e9ration de la r\u00e9silience"}]},{"@type":"WebSite","@id":"https:\/\/climatlantic.ca\/fr\/#website","url":"https:\/\/climatlantic.ca\/fr\/","name":"Climatlantic","description":"Enhancing Atlantic Climate Resilience","publisher":{"@id":"https:\/\/climatlantic.ca\/fr\/#organization"},"potentialAction":[{"@type":"SearchAction","target":{"@type":"EntryPoint","urlTemplate":"https:\/\/climatlantic.ca\/fr\/?s={search_term_string}"},"query-input":{"@type":"PropertyValueSpecification","valueRequired":true,"valueName":"search_term_string"}}],"inLanguage":"fr-FR"},{"@type":"Organization","@id":"https:\/\/climatlantic.ca\/fr\/#organization","name":"CLIMAtlantic","url":"https:\/\/climatlantic.ca\/fr\/","logo":{"@type":"ImageObject","inLanguage":"fr-FR","@id":"https:\/\/climatlantic.ca\/fr\/#\/schema\/logo\/image\/","url":"https:\/\/climatlantic.ca\/wp\/wp-content\/uploads\/2021\/07\/cropped-Climatlantic_Favicon.png","contentUrl":"https:\/\/climatlantic.ca\/wp\/wp-content\/uploads\/2021\/07\/cropped-Climatlantic_Favicon.png","width":512,"height":512,"caption":"CLIMAtlantic"},"image":{"@id":"https:\/\/climatlantic.ca\/fr\/#\/schema\/logo\/image\/"},"sameAs":["https:\/\/www.facebook.com\/CLIMAtlanticInc\/","http:\/\/instagram.com\/climatlantic","https:\/\/www.linkedin.com\/company\/climatlantic\/"]}]}},"_links":{"self":[{"href":"https:\/\/climatlantic.ca\/fr\/wp-json\/wp\/v2\/pages\/20044","targetHints":{"allow":["GET"]}}],"collection":[{"href":"https:\/\/climatlantic.ca\/fr\/wp-json\/wp\/v2\/pages"}],"about":[{"href":"https:\/\/climatlantic.ca\/fr\/wp-json\/wp\/v2\/types\/page"}],"author":[{"embeddable":true,"href":"https:\/\/climatlantic.ca\/fr\/wp-json\/wp\/v2\/users\/50"}],"replies":[{"embeddable":true,"href":"https:\/\/climatlantic.ca\/fr\/wp-json\/wp\/v2\/comments?post=20044"}],"version-history":[{"count":4,"href":"https:\/\/climatlantic.ca\/fr\/wp-json\/wp\/v2\/pages\/20044\/revisions"}],"predecessor-version":[{"id":20241,"href":"https:\/\/climatlantic.ca\/fr\/wp-json\/wp\/v2\/pages\/20044\/revisions\/20241"}],"up":[{"embeddable":true,"href":"https:\/\/climatlantic.ca\/fr\/wp-json\/wp\/v2\/pages\/7052"}],"wp:attachment":[{"href":"https:\/\/climatlantic.ca\/fr\/wp-json\/wp\/v2\/media?parent=20044"}],"wp:term":[{"taxonomy":"category","embeddable":true,"href":"https:\/\/climatlantic.ca\/fr\/wp-json\/wp\/v2\/categories?post=20044"},{"taxonomy":"post_tag","embeddable":true,"href":"https:\/\/climatlantic.ca\/fr\/wp-json\/wp\/v2\/tags?post=20044"}],"curies":[{"name":"wp","href":"https:\/\/api.w.org\/{rel}","templated":true}]}}