
{"id":2171,"date":"2021-12-06T21:49:58","date_gmt":"2021-12-06T21:49:58","guid":{"rendered":"https:\/\/climatlantic.ca\/wp\/impacts\/chaleur-et-secheresse\/"},"modified":"2023-11-24T14:09:46","modified_gmt":"2023-11-24T18:09:46","slug":"chaleur-et-secheresse","status":"publish","type":"page","link":"https:\/\/climatlantic.ca\/fr\/impacts\/chaleur-et-secheresse\/","title":{"rendered":"Chaleur et s\u00e9cheresse"},"content":{"rendered":"<p>[et_pb_section fb_built=&#8221;1&#8243; _builder_version=&#8221;4.16&#8243; _module_preset=&#8221;default&#8221; global_colors_info=&#8221;{}&#8221;][et_pb_row _builder_version=&#8221;4.16&#8243; _module_preset=&#8221;default&#8221; custom_padding=&#8221;||0px|||&#8221; global_colors_info=&#8221;{}&#8221;][et_pb_column type=&#8221;4_4&#8243; _builder_version=&#8221;4.16&#8243; _module_preset=&#8221;default&#8221; global_colors_info=&#8221;{}&#8221;][et_pb_text _builder_version=&#8221;4.16&#8243; _module_preset=&#8221;default&#8221; global_colors_info=&#8221;{}&#8221;]<\/p>\n<p>IMPACTS DES CHANGEMENTS CLIMATIQUES<\/p>\n<h3>Chaleur et s\u00e9cheresse<\/h3>\n<p>Les changements climatiques affectent la fr\u00e9quence, la dur\u00e9e et l\u2019intensit\u00e9 des chaleurs extr\u00eames et des s\u00e9cheresses. Les temp\u00e9ratures extr\u00eamement chaudes deviendront plus fr\u00e9quentes et plus intenses en raison des changements climatiques. Cela augmentera la gravit\u00e9 des vagues de chaleur et contribuera \u00e0 accro\u00eetre les risques de s\u00e9cheresse et d\u2019incendies de for\u00eat.<\/p>\n<p>La chaleur extr\u00eame peut entra\u00eener de graves risques pour la sant\u00e9, notamment des maladies telles que le coup de chaleur, voire la mort. Les zones b\u00e2ties, comme nos centres-villes, sont particuli\u00e8rement susceptibles de cr\u00e9er des \u00eelots de chaleur o\u00f9 les temp\u00e9ratures extr\u00eames peuvent \u00eatre particuli\u00e8rement dangereuses.<\/p>\n<p>Avec l\u2019\u00e9volution du climat, les s\u00e9cheresses devraient augmenter en fr\u00e9quence, en intensit\u00e9 et en superficie, entra\u00eenant des cons\u00e9quences de plus en plus graves. La soci\u00e9t\u00e9, l\u2019\u00e9conomie et l\u2019environnement d\u00e9pendent d\u2019un approvisionnement suffisant en eau, qui peut \u00eatre s\u00e9rieusement menac\u00e9 par la s\u00e9cheresse. Les s\u00e9cheresses peuvent causer des dommages importants, notamment dans des secteurs sensibles comme l\u2019agriculture. De nouvelles pratiques peuvent aider \u00e0 parer \u00e0 une nouvelle r\u00e9alit\u00e9 climatique; par exemple, les exploitations agricoles peuvent \u00eatre rendues plus r\u00e9sistantes \u00e0 la chaleur et \u00e0 la s\u00e9cheresse, et les horaires peuvent \u00eatre modifi\u00e9s pour les travailleurs agricoles qui subissent des vagues de chaleur plus fr\u00e9quentes. Il existe aussi des cultures qui sont plus r\u00e9silientes et r\u00e9sistantes \u00e0 la s\u00e9cheresse, et diff\u00e9rentes mesures d\u2019adaptation qui peuvent aider \u00e0 pr\u00e9venir les pires sc\u00e9narios.<\/p>\n<p><span style=\"font-weight: 400;\">La s\u00e9cheresse est un risque tr\u00e8s difficile \u00e0 g\u00e9rer. Les conditions de s\u00e9cheresse peuvent persister pendant une longue p\u00e9riode, voire des ann\u00e9es, et s\u2019intensifier sur de vastes zones. Cela rend l\u2019adaptation difficile et co\u00fbteuse, voire parfois impossible. Bien qu\u2019il soit possible d\u2019avoir recours \u00e0 de nombreuses strat\u00e9gies pour s\u2019adapter \u00e0 une s\u00e9cheresse, cela peut s\u2019av\u00e9rer difficile pendant les p\u00e9riodes intenses et longues, et l\u2019adaptation n\u00e9cessite des degr\u00e9s d\u2019innovation et entra\u00eene des co\u00fbts \u00e9lev\u00e9s. L\u2019adaptation agricole peut inclure une meilleure surveillance (par exemple, \u00e0 l\u2019aide de l\u2019indice standardis\u00e9 d\u2019\u00e9vapotranspiration des pr\u00e9cipitations), des pr\u00e9paratifs, des avertissements, des pr\u00e9visions, une agriculture climato-intelligente avanc\u00e9e et de meilleures pratiques de gestion.<\/span><\/p>\n<p><strong><\/strong><\/p>\n<p>[\/et_pb_text][et_pb_image src=&#8221;https:\/\/climatlantic.ca\/wp\/wp-content\/uploads\/2023\/02\/6.png&#8221; title_text=&#8221;CLIMAtlantic-extreme-heat-FR&#8221; url=&#8221;https:\/\/www.facebook.com\/CLIMAtlanticInc\/posts\/pfbid02aegQGKWic2CeEQeBUY7BhqukNdE65WJZfJm5ZSXRUJTmAr84QULCwMQT4QQEDV2Hl&#8221; url_new_window=&#8221;on&#8221; _builder_version=&#8221;4.23.1&#8243; _module_preset=&#8221;default&#8221; hover_enabled=&#8221;0&#8243; global_colors_info=&#8221;{}&#8221; alt=&#8221;Le texte se lit %22Comment r\u00e9pondre \u00e0 l&#8217;augmentation de la chaleur extr\u00eame et r\u00e9duire les impacts futurs ? La chaleur extr\u00eame met en p\u00e9ril le bien-\u00eatre des personnes et des \u00e9cosyst\u00e8mes dans le monde entier. Les individus, les communaut\u00e9s et les gouvernements s&#8217;adaptent \u00e0 la chaleur extr\u00eame, mais l&#8217;ampleur et les types de des adaptations varient consid\u00e9rablement.%22 \u00c0 l&#8217;arri\u00e8re-plan, on aper\u00e7oit un arbre derri\u00e8re lequel le soleil brille.&#8221; sticky_enabled=&#8221;0&#8243;][\/et_pb_image][et_pb_text _builder_version=&#8221;4.16&#8243; _module_preset=&#8221;default&#8221; global_colors_info=&#8221;{}&#8221;]<\/p>\n<p><span style=\"font-weight: 400;\">Les p\u00e9riodes de chaleur extr\u00eame devraient s&#8217;aggraver d&#8217;ann\u00e9e en ann\u00e9e. Le Canada atlantique n&#8217;est pas \u00e0 l&#8217;abri de ce ph\u00e9nom\u00e8ne et a connu une vague de chaleur au cours des derniers jours, avec des temp\u00e9ratures maximales record enregistr\u00e9es dans de nombreux endroits le dimanche 24 juillet 2022.<\/span><\/p>\n<p><span style=\"font-weight: 400;\">Les temp\u00e9ratures maximales ont battu les records pr\u00e9c\u00e9dents aux a\u00e9roports suivants :<\/span><\/p>\n<ul>\n<li><span style=\"font-weight: 400;\">Moncton (33,4, pr\u00e9c\u00e9demment 31,7 \u00e9tabli en 1921 et \u00e9gal\u00e9 en 1971),<\/span><\/li>\n<li><span style=\"font-weight: 400;\">Charlottetown (30,9, pr\u00e9c\u00e9demment 30,7 en 2001),<\/span><\/li>\n<li><span style=\"font-weight: 400;\">Halifax (30,8, pr\u00e9c\u00e9demment 29,4 en 1975),<\/span><\/li>\n<li><span style=\"font-weight: 400;\">Sydney (32,7, auparavant 31,1 en 1961), et<\/span><\/li>\n<li><span style=\"font-weight: 400;\">St. John&#8217;s (30,3, auparavant 28,9 en 1952).<\/span><\/li>\n<\/ul>\n<p><span style=\"font-weight: 400;\">Dans le contexte du changement climatique, ces temp\u00e9ratures record actuelles deviendraient la nouvelle moyenne quotidienne des temp\u00e9ratures normales de juillet vers la fin du si\u00e8cle.<\/span><\/p>\n<p><span style=\"font-weight: 400;\">Au lieu de nous contenter de faire face \u00e0 ce changement climatique, comment pouvons-nous r\u00e9agir de mani\u00e8re proactive et en att\u00e9nuer les effets?\u00a0<\/span><\/p>\n<p>&nbsp;<\/p>\n<p><strong>Pour en savoir plus :<\/strong><\/p>\n<p><span style=\"font-weight: 400;\">Une \u00e9tude r\u00e9cente a combin\u00e9 les donn\u00e9es de l&#8217;initiative de cartographie de l&#8217;adaptation mondiale avec un examen syst\u00e9matique sp\u00e9cifique \u00e0 la chaleur pour analyser l&#8217;\u00e9tendue et la diversit\u00e9 mondiales des actions document\u00e9es d&#8217;adaptation \u00e0 la chaleur (301 articles \u00e9valu\u00e9s par des pairs) en tirant des donn\u00e9es de 98 pays :\u00a0<\/span><a href=\"https:\/\/academic.oup.com\/oocc\/article\/1\/1\/kgab005\/6290719\"><span style=\"font-weight: 400;\">https:\/\/academic.oup.com\/oocc\/article\/1\/1\/kgab005\/6290719<\/span><\/a><\/p>\n<p><span style=\"font-weight: 400;\">Sant\u00e9 Canada (2020). R\u00e9duire les \u00eelots de chaleur urbains pour prot\u00e9ger la sant\u00e9 au Canada. Une introduction pour les professionnels de la sant\u00e9 publique.<\/span><a href=\"https:\/\/www.canada.ca\/fr\/services\/sante\/publications\/vie-saine\/reduire-ilots-chaleur-urbains-proteger-sante-canada.html\"> <span style=\"font-weight: 400;\">https:\/\/www.canada.ca\/fr\/services\/sante\/publications\/vie-saine\/reduire-ilots-chaleur-urbains-proteger-sante-canada.html<\/span><\/a><\/p>\n<p><span style=\"font-weight: 400;\">Atlas climatique du Canada &#8211; Effet d&#8217;\u00eelot de chaleur urbain &#8211;<\/span><a href=\"https:\/\/atlasclimatique.ca\/effet-dilot-thermique-urbain\"> <span style=\"font-weight: 400;\">https:\/\/atlasclimatique.ca\/effet-dilot-thermique-urbain<\/span><\/a><\/p>\n<p><span style=\"font-weight: 400;\">Voici qui vit dans les pires \u00eelots de chaleur de votre ville :<\/span><a href=\"https:\/\/ici.radio-canada.ca\/info\/2022\/07\/ilots-chaleur-villes-inegalites-injustice-changements-climatiques\/en\"> <span style=\"font-weight: 400;\">https:\/\/ici.radio-canada.ca\/info\/2022\/07\/ilots-chaleur-villes-inegalites-injustice-changements-climatiques\/en<\/span><\/a><\/p>\n<p>&nbsp;<\/p>\n<p>[\/et_pb_text][\/et_pb_column][\/et_pb_row][\/et_pb_section]<\/p>\n","protected":false},"excerpt":{"rendered":"<p>IMPACTS DES CHANGEMENTS CLIMATIQUES Chaleur et s\u00e9cheresse Les changements climatiques affectent la fr\u00e9quence, la dur\u00e9e et l\u2019intensit\u00e9 des chaleurs extr\u00eames et des s\u00e9cheresses. Les temp\u00e9ratures extr\u00eamement chaudes deviendront plus fr\u00e9quentes et plus intenses en raison des changements climatiques. Cela augmentera la gravit\u00e9 des vagues de chaleur et contribuera \u00e0 accro\u00eetre les risques de s\u00e9cheresse et [&hellip;]<\/p>\n","protected":false},"author":1,"featured_media":0,"parent":2156,"menu_order":5,"comment_status":"closed","ping_status":"closed","template":"","meta":{"_acf_changed":false,"_et_pb_use_builder":"on","_et_pb_old_content":"","_et_gb_content_width":"","footnotes":""},"categories":[],"tags":[],"class_list":["post-2171","page","type-page","status-publish","hentry"],"acf":[],"yoast_head":"<!-- This site is optimized with the Yoast SEO plugin v27.3 - https:\/\/yoast.com\/product\/yoast-seo-wordpress\/ -->\n<title>Chaleur et s\u00e9cheresse - CLIMAtlantic<\/title>\n<meta name=\"robots\" content=\"index, follow, max-snippet:-1, max-image-preview:large, max-video-preview:-1\" \/>\n<link rel=\"canonical\" href=\"https:\/\/climatlantic.ca\/fr\/impacts\/chaleur-et-secheresse\/\" \/>\n<meta property=\"og:locale\" content=\"fr_FR\" \/>\n<meta property=\"og:type\" content=\"article\" \/>\n<meta property=\"og:title\" content=\"Chaleur et s\u00e9cheresse - CLIMAtlantic\" \/>\n<meta property=\"og:description\" content=\"IMPACTS DES CHANGEMENTS CLIMATIQUES Chaleur et s\u00e9cheresse Les changements climatiques affectent la fr\u00e9quence, la dur\u00e9e et l\u2019intensit\u00e9 des chaleurs extr\u00eames et des s\u00e9cheresses. Les temp\u00e9ratures extr\u00eamement chaudes deviendront plus fr\u00e9quentes et plus intenses en raison des changements climatiques. Cela augmentera la gravit\u00e9 des vagues de chaleur et contribuera \u00e0 accro\u00eetre les risques de s\u00e9cheresse et [&hellip;]\" \/>\n<meta property=\"og:url\" content=\"https:\/\/climatlantic.ca\/fr\/impacts\/chaleur-et-secheresse\/\" \/>\n<meta property=\"og:site_name\" content=\"CLIMAtlantic\" \/>\n<meta property=\"article:publisher\" content=\"https:\/\/www.facebook.com\/CLIMAtlanticInc\/\" \/>\n<meta property=\"article:modified_time\" content=\"2023-11-24T18:09:46+00:00\" \/>\n<meta name=\"twitter:card\" content=\"summary_large_image\" \/>\n<meta name=\"twitter:label1\" content=\"Dur\u00e9e de lecture estim\u00e9e\" \/>\n\t<meta name=\"twitter:data1\" content=\"4 minutes\" \/>\n<script type=\"application\/ld+json\" class=\"yoast-schema-graph\">{\"@context\":\"https:\\\/\\\/schema.org\",\"@graph\":[{\"@type\":\"WebPage\",\"@id\":\"https:\\\/\\\/climatlantic.ca\\\/fr\\\/impacts\\\/chaleur-et-secheresse\\\/\",\"url\":\"https:\\\/\\\/climatlantic.ca\\\/fr\\\/impacts\\\/chaleur-et-secheresse\\\/\",\"name\":\"Chaleur et s\u00e9cheresse - CLIMAtlantic\",\"isPartOf\":{\"@id\":\"https:\\\/\\\/climatlantic.ca\\\/fr\\\/#website\"},\"datePublished\":\"2021-12-06T21:49:58+00:00\",\"dateModified\":\"2023-11-24T18:09:46+00:00\",\"breadcrumb\":{\"@id\":\"https:\\\/\\\/climatlantic.ca\\\/fr\\\/impacts\\\/chaleur-et-secheresse\\\/#breadcrumb\"},\"inLanguage\":\"fr-FR\",\"potentialAction\":[{\"@type\":\"ReadAction\",\"target\":[\"https:\\\/\\\/climatlantic.ca\\\/fr\\\/impacts\\\/chaleur-et-secheresse\\\/\"]}]},{\"@type\":\"BreadcrumbList\",\"@id\":\"https:\\\/\\\/climatlantic.ca\\\/fr\\\/impacts\\\/chaleur-et-secheresse\\\/#breadcrumb\",\"itemListElement\":[{\"@type\":\"ListItem\",\"position\":1,\"name\":\"Home\",\"item\":\"https:\\\/\\\/climatlantic.ca\\\/fr\\\/\"},{\"@type\":\"ListItem\",\"position\":2,\"name\":\"Impacts\",\"item\":\"https:\\\/\\\/climatlantic.ca\\\/fr\\\/impacts\\\/\"},{\"@type\":\"ListItem\",\"position\":3,\"name\":\"Chaleur et s\u00e9cheresse\"}]},{\"@type\":\"WebSite\",\"@id\":\"https:\\\/\\\/climatlantic.ca\\\/fr\\\/#website\",\"url\":\"https:\\\/\\\/climatlantic.ca\\\/fr\\\/\",\"name\":\"Climatlantic\",\"description\":\"Enhancing Atlantic Climate Resilience\",\"publisher\":{\"@id\":\"https:\\\/\\\/climatlantic.ca\\\/fr\\\/#organization\"},\"potentialAction\":[{\"@type\":\"SearchAction\",\"target\":{\"@type\":\"EntryPoint\",\"urlTemplate\":\"https:\\\/\\\/climatlantic.ca\\\/fr\\\/?s={search_term_string}\"},\"query-input\":{\"@type\":\"PropertyValueSpecification\",\"valueRequired\":true,\"valueName\":\"search_term_string\"}}],\"inLanguage\":\"fr-FR\"},{\"@type\":\"Organization\",\"@id\":\"https:\\\/\\\/climatlantic.ca\\\/fr\\\/#organization\",\"name\":\"CLIMAtlantic\",\"url\":\"https:\\\/\\\/climatlantic.ca\\\/fr\\\/\",\"logo\":{\"@type\":\"ImageObject\",\"inLanguage\":\"fr-FR\",\"@id\":\"https:\\\/\\\/climatlantic.ca\\\/fr\\\/#\\\/schema\\\/logo\\\/image\\\/\",\"url\":\"https:\\\/\\\/climatlantic.ca\\\/wp\\\/wp-content\\\/uploads\\\/2021\\\/07\\\/cropped-Climatlantic_Favicon.png\",\"contentUrl\":\"https:\\\/\\\/climatlantic.ca\\\/wp\\\/wp-content\\\/uploads\\\/2021\\\/07\\\/cropped-Climatlantic_Favicon.png\",\"width\":512,\"height\":512,\"caption\":\"CLIMAtlantic\"},\"image\":{\"@id\":\"https:\\\/\\\/climatlantic.ca\\\/fr\\\/#\\\/schema\\\/logo\\\/image\\\/\"},\"sameAs\":[\"https:\\\/\\\/www.facebook.com\\\/CLIMAtlanticInc\\\/\",\"http:\\\/\\\/instagram.com\\\/climatlantic\",\"https:\\\/\\\/www.linkedin.com\\\/company\\\/climatlantic\\\/\"]}]}<\/script>\n<!-- \/ Yoast SEO plugin. -->","yoast_head_json":{"title":"Chaleur et s\u00e9cheresse - CLIMAtlantic","robots":{"index":"index","follow":"follow","max-snippet":"max-snippet:-1","max-image-preview":"max-image-preview:large","max-video-preview":"max-video-preview:-1"},"canonical":"https:\/\/climatlantic.ca\/fr\/impacts\/chaleur-et-secheresse\/","og_locale":"fr_FR","og_type":"article","og_title":"Chaleur et s\u00e9cheresse - CLIMAtlantic","og_description":"IMPACTS DES CHANGEMENTS CLIMATIQUES Chaleur et s\u00e9cheresse Les changements climatiques affectent la fr\u00e9quence, la dur\u00e9e et l\u2019intensit\u00e9 des chaleurs extr\u00eames et des s\u00e9cheresses. Les temp\u00e9ratures extr\u00eamement chaudes deviendront plus fr\u00e9quentes et plus intenses en raison des changements climatiques. Cela augmentera la gravit\u00e9 des vagues de chaleur et contribuera \u00e0 accro\u00eetre les risques de s\u00e9cheresse et [&hellip;]","og_url":"https:\/\/climatlantic.ca\/fr\/impacts\/chaleur-et-secheresse\/","og_site_name":"CLIMAtlantic","article_publisher":"https:\/\/www.facebook.com\/CLIMAtlanticInc\/","article_modified_time":"2023-11-24T18:09:46+00:00","twitter_card":"summary_large_image","twitter_misc":{"Dur\u00e9e de lecture estim\u00e9e":"4 minutes"},"schema":{"@context":"https:\/\/schema.org","@graph":[{"@type":"WebPage","@id":"https:\/\/climatlantic.ca\/fr\/impacts\/chaleur-et-secheresse\/","url":"https:\/\/climatlantic.ca\/fr\/impacts\/chaleur-et-secheresse\/","name":"Chaleur et s\u00e9cheresse - CLIMAtlantic","isPartOf":{"@id":"https:\/\/climatlantic.ca\/fr\/#website"},"datePublished":"2021-12-06T21:49:58+00:00","dateModified":"2023-11-24T18:09:46+00:00","breadcrumb":{"@id":"https:\/\/climatlantic.ca\/fr\/impacts\/chaleur-et-secheresse\/#breadcrumb"},"inLanguage":"fr-FR","potentialAction":[{"@type":"ReadAction","target":["https:\/\/climatlantic.ca\/fr\/impacts\/chaleur-et-secheresse\/"]}]},{"@type":"BreadcrumbList","@id":"https:\/\/climatlantic.ca\/fr\/impacts\/chaleur-et-secheresse\/#breadcrumb","itemListElement":[{"@type":"ListItem","position":1,"name":"Home","item":"https:\/\/climatlantic.ca\/fr\/"},{"@type":"ListItem","position":2,"name":"Impacts","item":"https:\/\/climatlantic.ca\/fr\/impacts\/"},{"@type":"ListItem","position":3,"name":"Chaleur et s\u00e9cheresse"}]},{"@type":"WebSite","@id":"https:\/\/climatlantic.ca\/fr\/#website","url":"https:\/\/climatlantic.ca\/fr\/","name":"Climatlantic","description":"Enhancing Atlantic Climate Resilience","publisher":{"@id":"https:\/\/climatlantic.ca\/fr\/#organization"},"potentialAction":[{"@type":"SearchAction","target":{"@type":"EntryPoint","urlTemplate":"https:\/\/climatlantic.ca\/fr\/?s={search_term_string}"},"query-input":{"@type":"PropertyValueSpecification","valueRequired":true,"valueName":"search_term_string"}}],"inLanguage":"fr-FR"},{"@type":"Organization","@id":"https:\/\/climatlantic.ca\/fr\/#organization","name":"CLIMAtlantic","url":"https:\/\/climatlantic.ca\/fr\/","logo":{"@type":"ImageObject","inLanguage":"fr-FR","@id":"https:\/\/climatlantic.ca\/fr\/#\/schema\/logo\/image\/","url":"https:\/\/climatlantic.ca\/wp\/wp-content\/uploads\/2021\/07\/cropped-Climatlantic_Favicon.png","contentUrl":"https:\/\/climatlantic.ca\/wp\/wp-content\/uploads\/2021\/07\/cropped-Climatlantic_Favicon.png","width":512,"height":512,"caption":"CLIMAtlantic"},"image":{"@id":"https:\/\/climatlantic.ca\/fr\/#\/schema\/logo\/image\/"},"sameAs":["https:\/\/www.facebook.com\/CLIMAtlanticInc\/","http:\/\/instagram.com\/climatlantic","https:\/\/www.linkedin.com\/company\/climatlantic\/"]}]}},"_links":{"self":[{"href":"https:\/\/climatlantic.ca\/fr\/wp-json\/wp\/v2\/pages\/2171","targetHints":{"allow":["GET"]}}],"collection":[{"href":"https:\/\/climatlantic.ca\/fr\/wp-json\/wp\/v2\/pages"}],"about":[{"href":"https:\/\/climatlantic.ca\/fr\/wp-json\/wp\/v2\/types\/page"}],"author":[{"embeddable":true,"href":"https:\/\/climatlantic.ca\/fr\/wp-json\/wp\/v2\/users\/1"}],"replies":[{"embeddable":true,"href":"https:\/\/climatlantic.ca\/fr\/wp-json\/wp\/v2\/comments?post=2171"}],"version-history":[{"count":5,"href":"https:\/\/climatlantic.ca\/fr\/wp-json\/wp\/v2\/pages\/2171\/revisions"}],"predecessor-version":[{"id":10927,"href":"https:\/\/climatlantic.ca\/fr\/wp-json\/wp\/v2\/pages\/2171\/revisions\/10927"}],"up":[{"embeddable":true,"href":"https:\/\/climatlantic.ca\/fr\/wp-json\/wp\/v2\/pages\/2156"}],"wp:attachment":[{"href":"https:\/\/climatlantic.ca\/fr\/wp-json\/wp\/v2\/media?parent=2171"}],"wp:term":[{"taxonomy":"category","embeddable":true,"href":"https:\/\/climatlantic.ca\/fr\/wp-json\/wp\/v2\/categories?post=2171"},{"taxonomy":"post_tag","embeddable":true,"href":"https:\/\/climatlantic.ca\/fr\/wp-json\/wp\/v2\/tags?post=2171"}],"curies":[{"name":"wp","href":"https:\/\/api.w.org\/{rel}","templated":true}]}}