
{"id":5126,"date":"2022-11-25T04:11:15","date_gmt":"2022-11-25T08:11:15","guid":{"rendered":"https:\/\/climatlantic.ca\/outil-dadaptation-cotiere-proprietaires-fonciers\/"},"modified":"2023-02-07T20:36:32","modified_gmt":"2023-02-08T00:36:32","slug":"outil-dadaptation-cotiere-proprietaires-fonciers","status":"publish","type":"page","link":"https:\/\/climatlantic.ca\/fr\/adaptation-cotiere\/outil-dadaptation-cotiere-proprietaires-fonciers\/","title":{"rendered":"Outil d&#8217;adaptation c\u00f4ti\u00e8re (propri\u00e9taires fonciers)"},"content":{"rendered":"<p>[et_pb_section admin_label=&#8221;section&#8221;]<br \/>\n[et_pb_row admin_label=&#8221;row&#8221;]<br \/>\n[et_pb_column type=&#8221;4_4&#8243;][et_pb_text admin_label=&#8221;Text&#8221;]<\/p>\n<div id=\"surveyContainer\" class=\"wp-block-decisiontree-block\" data-survey=\"2\"><\/div>\n<p>[\/et_pb_text][\/et_pb_column]<br \/>\n[\/et_pb_row]<br \/>\n[\/et_pb_section]<\/p>\n","protected":false},"excerpt":{"rendered":"","protected":false},"author":5,"featured_media":0,"parent":5246,"menu_order":2,"comment_status":"closed","ping_status":"closed","template":"page-normal.php","meta":{"_acf_changed":false,"_et_pb_use_builder":"on","_et_pb_old_content":"","_et_gb_content_width":"","footnotes":""},"categories":[],"tags":[],"class_list":["post-5126","page","type-page","status-publish","hentry"],"acf":[],"yoast_head":"<!-- This site is optimized with the Yoast SEO plugin v27.5 - https:\/\/yoast.com\/product\/yoast-seo-wordpress\/ -->\n<title>Outil d&#039;adaptation c\u00f4ti\u00e8re (propri\u00e9taires fonciers) - CLIMAtlantic<\/title>\n<meta name=\"robots\" content=\"index, follow, max-snippet:-1, max-image-preview:large, max-video-preview:-1\" \/>\n<link rel=\"canonical\" href=\"https:\/\/climatlantic.ca\/fr\/adaptation-cotiere\/outil-dadaptation-cotiere-proprietaires-fonciers\/\" \/>\n<meta property=\"og:locale\" content=\"fr_FR\" \/>\n<meta property=\"og:type\" content=\"article\" \/>\n<meta property=\"og:title\" content=\"Outil d&#039;adaptation c\u00f4ti\u00e8re (propri\u00e9taires fonciers) - CLIMAtlantic\" \/>\n<meta property=\"og:url\" content=\"https:\/\/climatlantic.ca\/fr\/adaptation-cotiere\/outil-dadaptation-cotiere-proprietaires-fonciers\/\" \/>\n<meta property=\"og:site_name\" content=\"CLIMAtlantic\" \/>\n<meta property=\"article:publisher\" content=\"https:\/\/www.facebook.com\/CLIMAtlanticInc\/\" \/>\n<meta property=\"article:modified_time\" content=\"2023-02-08T00:36:32+00:00\" \/>\n<meta name=\"twitter:card\" content=\"summary_large_image\" \/>\n<script type=\"application\/ld+json\" class=\"yoast-schema-graph\">{\"@context\":\"https:\\\/\\\/schema.org\",\"@graph\":[{\"@type\":\"WebPage\",\"@id\":\"https:\\\/\\\/climatlantic.ca\\\/fr\\\/adaptation-cotiere\\\/outil-dadaptation-cotiere-proprietaires-fonciers\\\/\",\"url\":\"https:\\\/\\\/climatlantic.ca\\\/fr\\\/adaptation-cotiere\\\/outil-dadaptation-cotiere-proprietaires-fonciers\\\/\",\"name\":\"Outil d'adaptation c\u00f4ti\u00e8re (propri\u00e9taires fonciers) - CLIMAtlantic\",\"isPartOf\":{\"@id\":\"https:\\\/\\\/climatlantic.ca\\\/fr\\\/#website\"},\"datePublished\":\"2022-11-25T08:11:15+00:00\",\"dateModified\":\"2023-02-08T00:36:32+00:00\",\"breadcrumb\":{\"@id\":\"https:\\\/\\\/climatlantic.ca\\\/fr\\\/adaptation-cotiere\\\/outil-dadaptation-cotiere-proprietaires-fonciers\\\/#breadcrumb\"},\"inLanguage\":\"fr-FR\",\"potentialAction\":[{\"@type\":\"ReadAction\",\"target\":[\"https:\\\/\\\/climatlantic.ca\\\/fr\\\/adaptation-cotiere\\\/outil-dadaptation-cotiere-proprietaires-fonciers\\\/\"]}]},{\"@type\":\"BreadcrumbList\",\"@id\":\"https:\\\/\\\/climatlantic.ca\\\/fr\\\/adaptation-cotiere\\\/outil-dadaptation-cotiere-proprietaires-fonciers\\\/#breadcrumb\",\"itemListElement\":[{\"@type\":\"ListItem\",\"position\":1,\"name\":\"Home\",\"item\":\"https:\\\/\\\/climatlantic.ca\\\/fr\\\/\"},{\"@type\":\"ListItem\",\"position\":2,\"name\":\"Bo\u00eete \u00e0 outils d\u2019adaptation c\u00f4ti\u00e8re\",\"item\":\"https:\\\/\\\/climatlantic.ca\\\/fr\\\/coastal-adaptation\\\/\"},{\"@type\":\"ListItem\",\"position\":3,\"name\":\"Outil d&#8217;adaptation c\u00f4ti\u00e8re (propri\u00e9taires fonciers)\"}]},{\"@type\":\"WebSite\",\"@id\":\"https:\\\/\\\/climatlantic.ca\\\/fr\\\/#website\",\"url\":\"https:\\\/\\\/climatlantic.ca\\\/fr\\\/\",\"name\":\"Climatlantic\",\"description\":\"Enhancing Atlantic Climate Resilience\",\"publisher\":{\"@id\":\"https:\\\/\\\/climatlantic.ca\\\/fr\\\/#organization\"},\"potentialAction\":[{\"@type\":\"SearchAction\",\"target\":{\"@type\":\"EntryPoint\",\"urlTemplate\":\"https:\\\/\\\/climatlantic.ca\\\/fr\\\/?s={search_term_string}\"},\"query-input\":{\"@type\":\"PropertyValueSpecification\",\"valueRequired\":true,\"valueName\":\"search_term_string\"}}],\"inLanguage\":\"fr-FR\"},{\"@type\":\"Organization\",\"@id\":\"https:\\\/\\\/climatlantic.ca\\\/fr\\\/#organization\",\"name\":\"CLIMAtlantic\",\"url\":\"https:\\\/\\\/climatlantic.ca\\\/fr\\\/\",\"logo\":{\"@type\":\"ImageObject\",\"inLanguage\":\"fr-FR\",\"@id\":\"https:\\\/\\\/climatlantic.ca\\\/fr\\\/#\\\/schema\\\/logo\\\/image\\\/\",\"url\":\"https:\\\/\\\/climatlantic.ca\\\/wp\\\/wp-content\\\/uploads\\\/2021\\\/07\\\/cropped-Climatlantic_Favicon.png\",\"contentUrl\":\"https:\\\/\\\/climatlantic.ca\\\/wp\\\/wp-content\\\/uploads\\\/2021\\\/07\\\/cropped-Climatlantic_Favicon.png\",\"width\":512,\"height\":512,\"caption\":\"CLIMAtlantic\"},\"image\":{\"@id\":\"https:\\\/\\\/climatlantic.ca\\\/fr\\\/#\\\/schema\\\/logo\\\/image\\\/\"},\"sameAs\":[\"https:\\\/\\\/www.facebook.com\\\/CLIMAtlanticInc\\\/\",\"http:\\\/\\\/instagram.com\\\/climatlantic\",\"https:\\\/\\\/www.linkedin.com\\\/company\\\/climatlantic\\\/\"]}]}<\/script>\n<!-- \/ Yoast SEO plugin. -->","yoast_head_json":{"title":"Outil d'adaptation c\u00f4ti\u00e8re (propri\u00e9taires fonciers) - CLIMAtlantic","robots":{"index":"index","follow":"follow","max-snippet":"max-snippet:-1","max-image-preview":"max-image-preview:large","max-video-preview":"max-video-preview:-1"},"canonical":"https:\/\/climatlantic.ca\/fr\/adaptation-cotiere\/outil-dadaptation-cotiere-proprietaires-fonciers\/","og_locale":"fr_FR","og_type":"article","og_title":"Outil d'adaptation c\u00f4ti\u00e8re (propri\u00e9taires fonciers) - CLIMAtlantic","og_url":"https:\/\/climatlantic.ca\/fr\/adaptation-cotiere\/outil-dadaptation-cotiere-proprietaires-fonciers\/","og_site_name":"CLIMAtlantic","article_publisher":"https:\/\/www.facebook.com\/CLIMAtlanticInc\/","article_modified_time":"2023-02-08T00:36:32+00:00","twitter_card":"summary_large_image","schema":{"@context":"https:\/\/schema.org","@graph":[{"@type":"WebPage","@id":"https:\/\/climatlantic.ca\/fr\/adaptation-cotiere\/outil-dadaptation-cotiere-proprietaires-fonciers\/","url":"https:\/\/climatlantic.ca\/fr\/adaptation-cotiere\/outil-dadaptation-cotiere-proprietaires-fonciers\/","name":"Outil d'adaptation c\u00f4ti\u00e8re (propri\u00e9taires fonciers) - CLIMAtlantic","isPartOf":{"@id":"https:\/\/climatlantic.ca\/fr\/#website"},"datePublished":"2022-11-25T08:11:15+00:00","dateModified":"2023-02-08T00:36:32+00:00","breadcrumb":{"@id":"https:\/\/climatlantic.ca\/fr\/adaptation-cotiere\/outil-dadaptation-cotiere-proprietaires-fonciers\/#breadcrumb"},"inLanguage":"fr-FR","potentialAction":[{"@type":"ReadAction","target":["https:\/\/climatlantic.ca\/fr\/adaptation-cotiere\/outil-dadaptation-cotiere-proprietaires-fonciers\/"]}]},{"@type":"BreadcrumbList","@id":"https:\/\/climatlantic.ca\/fr\/adaptation-cotiere\/outil-dadaptation-cotiere-proprietaires-fonciers\/#breadcrumb","itemListElement":[{"@type":"ListItem","position":1,"name":"Home","item":"https:\/\/climatlantic.ca\/fr\/"},{"@type":"ListItem","position":2,"name":"Bo\u00eete \u00e0 outils d\u2019adaptation c\u00f4ti\u00e8re","item":"https:\/\/climatlantic.ca\/fr\/coastal-adaptation\/"},{"@type":"ListItem","position":3,"name":"Outil d&#8217;adaptation c\u00f4ti\u00e8re (propri\u00e9taires fonciers)"}]},{"@type":"WebSite","@id":"https:\/\/climatlantic.ca\/fr\/#website","url":"https:\/\/climatlantic.ca\/fr\/","name":"Climatlantic","description":"Enhancing Atlantic Climate Resilience","publisher":{"@id":"https:\/\/climatlantic.ca\/fr\/#organization"},"potentialAction":[{"@type":"SearchAction","target":{"@type":"EntryPoint","urlTemplate":"https:\/\/climatlantic.ca\/fr\/?s={search_term_string}"},"query-input":{"@type":"PropertyValueSpecification","valueRequired":true,"valueName":"search_term_string"}}],"inLanguage":"fr-FR"},{"@type":"Organization","@id":"https:\/\/climatlantic.ca\/fr\/#organization","name":"CLIMAtlantic","url":"https:\/\/climatlantic.ca\/fr\/","logo":{"@type":"ImageObject","inLanguage":"fr-FR","@id":"https:\/\/climatlantic.ca\/fr\/#\/schema\/logo\/image\/","url":"https:\/\/climatlantic.ca\/wp\/wp-content\/uploads\/2021\/07\/cropped-Climatlantic_Favicon.png","contentUrl":"https:\/\/climatlantic.ca\/wp\/wp-content\/uploads\/2021\/07\/cropped-Climatlantic_Favicon.png","width":512,"height":512,"caption":"CLIMAtlantic"},"image":{"@id":"https:\/\/climatlantic.ca\/fr\/#\/schema\/logo\/image\/"},"sameAs":["https:\/\/www.facebook.com\/CLIMAtlanticInc\/","http:\/\/instagram.com\/climatlantic","https:\/\/www.linkedin.com\/company\/climatlantic\/"]}]}},"_links":{"self":[{"href":"https:\/\/climatlantic.ca\/fr\/wp-json\/wp\/v2\/pages\/5126","targetHints":{"allow":["GET"]}}],"collection":[{"href":"https:\/\/climatlantic.ca\/fr\/wp-json\/wp\/v2\/pages"}],"about":[{"href":"https:\/\/climatlantic.ca\/fr\/wp-json\/wp\/v2\/types\/page"}],"author":[{"embeddable":true,"href":"https:\/\/climatlantic.ca\/fr\/wp-json\/wp\/v2\/users\/5"}],"replies":[{"embeddable":true,"href":"https:\/\/climatlantic.ca\/fr\/wp-json\/wp\/v2\/comments?post=5126"}],"version-history":[{"count":5,"href":"https:\/\/climatlantic.ca\/fr\/wp-json\/wp\/v2\/pages\/5126\/revisions"}],"predecessor-version":[{"id":6012,"href":"https:\/\/climatlantic.ca\/fr\/wp-json\/wp\/v2\/pages\/5126\/revisions\/6012"}],"up":[{"embeddable":true,"href":"https:\/\/climatlantic.ca\/fr\/wp-json\/wp\/v2\/pages\/5246"}],"wp:attachment":[{"href":"https:\/\/climatlantic.ca\/fr\/wp-json\/wp\/v2\/media?parent=5126"}],"wp:term":[{"taxonomy":"category","embeddable":true,"href":"https:\/\/climatlantic.ca\/fr\/wp-json\/wp\/v2\/categories?post=5126"},{"taxonomy":"post_tag","embeddable":true,"href":"https:\/\/climatlantic.ca\/fr\/wp-json\/wp\/v2\/tags?post=5126"}],"curies":[{"name":"wp","href":"https:\/\/api.w.org\/{rel}","templated":true}]}}