
{"id":7080,"date":"2023-05-24T18:03:44","date_gmt":"2023-05-24T21:03:44","guid":{"rendered":"https:\/\/climatlantic.ca\/financement-dossier-de-travail\/fondation-carthy\/"},"modified":"2025-01-06T13:29:11","modified_gmt":"2025-01-06T17:29:11","slug":"fondation-carthy","status":"publish","type":"page","link":"https:\/\/climatlantic.ca\/fr\/outils\/possibilites-financement\/fondation-carthy\/","title":{"rendered":"Fondation Carthy"},"content":{"rendered":"<p>[et_pb_section fb_built=&#8221;1&#8243; _builder_version=&#8221;4.21.0&#8243; _module_preset=&#8221;default&#8221; global_colors_info=&#8221;{}&#8221; da_is_popup=&#8221;off&#8221; da_exit_intent=&#8221;off&#8221; da_has_close=&#8221;on&#8221; da_alt_close=&#8221;off&#8221; da_dark_close=&#8221;off&#8221; da_not_modal=&#8221;on&#8221; da_is_singular=&#8221;off&#8221; da_with_loader=&#8221;off&#8221; da_has_shadow=&#8221;on&#8221; da_disable_devices=&#8221;off|off|off&#8221;][et_pb_row _builder_version=&#8221;4.21.0&#8243; _module_preset=&#8221;default&#8221; global_colors_info=&#8221;{}&#8221;][et_pb_column type=&#8221;4_4&#8243; _builder_version=&#8221;4.21.0&#8243; _module_preset=&#8221;default&#8221; global_colors_info=&#8221;{}&#8221;][et_pb_image src=&#8221;https:\/\/climatlantic.ca\/wp\/wp-content\/uploads\/2023\/05\/Carthy_Foundation-1024&#215;250.png&#8221; alt=&#8221;Le logo de la Fondation Carthy sur un fond de ciel bleu fonc\u00e9 avec des nuages.&#8221; title_text=&#8221;CLIMAtlantic-Fondation-Carthy&#8221; url=&#8221;https:\/\/www.carthyfoundation.org\/&#8221; url_new_window=&#8221;on&#8221; _builder_version=&#8221;4.23.4&#8243; _module_preset=&#8221;default&#8221; global_colors_info=&#8221;{}&#8221;][\/et_pb_image][et_pb_text _builder_version=&#8221;4.27.4&#8243; _module_preset=&#8221;default&#8221; hover_enabled=&#8221;0&#8243; global_colors_info=&#8221;{}&#8221; sticky_enabled=&#8221;0&#8243;]<\/p>\n<div class=\"et_pb_column et_pb_column_4_4 et_pb_column_19  et_pb_css_mix_blend_mode_passthrough et-last-child\">\n<div class=\"et_pb_module et_pb_text et_pb_text_18  et_pb_text_align_left et_pb_bg_layout_light\">\n<div class=\"et_pb_text_inner\">\n<h4><a href=\"https:\/\/www.carthyfoundation.org\/\" target=\"_blank\" rel=\"noopener\"><span style=\"text-decoration: underline;\">Fondation Carthy<\/span><\/a><\/h4>\n<\/div>\n<\/div>\n<\/div>\n<p>Ce volet soutient l&#8217;adaptation au climat urbain par le biais des a<span>pproches bas\u00e9es sur la nature<\/span> afin d&#8217;accro\u00eetre la r\u00e9silience climatique et de r\u00e9duire la vuln\u00e9rabilit\u00e9 aux ph\u00e9nom\u00e8nes m\u00e9t\u00e9orologiques extr\u00eames, tels que les inondations et la s\u00e9cheresse.<\/p>\n<p data-pm-slice=\"1 1 []\">(Veuillez noter que le site web mentionn\u00e9 ci-dessus n\u2019est disponible qu\u2019en anglais.)<\/p>\n<p>[\/et_pb_text][et_pb_button button_url=&#8221;@ET-DC@eyJkeW5hbWljIjp0cnVlLCJjb250ZW50IjoicG9zdF9saW5rX3VybF9wYWdlIiwic2V0dGluZ3MiOnsicG9zdF9pZCI6IjY2ODIifX0=@&#8221; button_text=&#8221;RETOUR AUX OPPORTUNIT\u00c9S DE FINANCEMENT&#8221; _builder_version=&#8221;4.21.0&#8243; _dynamic_attributes=&#8221;button_url&#8221; _module_preset=&#8221;default&#8221; custom_margin=&#8221;||||false|false&#8221; custom_padding=&#8221;||||false|false&#8221; global_colors_info=&#8221;{}&#8221;][\/et_pb_button][\/et_pb_column][\/et_pb_row][\/et_pb_section]<\/p>\n","protected":false},"excerpt":{"rendered":"<p>Fondation Carthy Ce volet soutient l&#8217;adaptation au climat urbain par le biais des approches bas\u00e9es sur la nature afin d&#8217;accro\u00eetre la r\u00e9silience climatique et de r\u00e9duire la vuln\u00e9rabilit\u00e9 aux ph\u00e9nom\u00e8nes m\u00e9t\u00e9orologiques extr\u00eames, tels que les inondations et la s\u00e9cheresse. (Veuillez noter que le site web mentionn\u00e9 ci-dessus n\u2019est disponible qu\u2019en anglais.)<\/p>\n","protected":false},"author":1,"featured_media":0,"parent":7052,"menu_order":0,"comment_status":"closed","ping_status":"closed","template":"","meta":{"_acf_changed":false,"_et_pb_use_builder":"on","_et_pb_old_content":"","_et_gb_content_width":"","footnotes":""},"categories":[],"tags":[],"class_list":["post-7080","page","type-page","status-publish","hentry"],"acf":[],"yoast_head":"<!-- This site is optimized with the Yoast SEO plugin v27.3 - https:\/\/yoast.com\/product\/yoast-seo-wordpress\/ -->\n<title>Fondation Carthy - CLIMAtlantic<\/title>\n<meta name=\"robots\" content=\"index, follow, max-snippet:-1, max-image-preview:large, max-video-preview:-1\" \/>\n<link rel=\"canonical\" href=\"https:\/\/climatlantic.ca\/fr\/outils\/possibilites-financement\/fondation-carthy\/\" \/>\n<meta property=\"og:locale\" content=\"fr_FR\" \/>\n<meta property=\"og:type\" content=\"article\" \/>\n<meta property=\"og:title\" content=\"Fondation Carthy - CLIMAtlantic\" \/>\n<meta property=\"og:description\" content=\"Fondation Carthy Ce volet soutient l&#039;adaptation au climat urbain par le biais des approches bas\u00e9es sur la nature afin d&#039;accro\u00eetre la r\u00e9silience climatique et de r\u00e9duire la vuln\u00e9rabilit\u00e9 aux ph\u00e9nom\u00e8nes m\u00e9t\u00e9orologiques extr\u00eames, tels que les inondations et la s\u00e9cheresse. (Veuillez noter que le site web mentionn\u00e9 ci-dessus n\u2019est disponible qu\u2019en anglais.)\" \/>\n<meta property=\"og:url\" content=\"https:\/\/climatlantic.ca\/fr\/outils\/possibilites-financement\/fondation-carthy\/\" \/>\n<meta property=\"og:site_name\" content=\"CLIMAtlantic\" \/>\n<meta property=\"article:publisher\" content=\"https:\/\/www.facebook.com\/CLIMAtlanticInc\/\" \/>\n<meta property=\"article:modified_time\" content=\"2025-01-06T17:29:11+00:00\" \/>\n<meta name=\"twitter:card\" content=\"summary_large_image\" \/>\n<meta name=\"twitter:label1\" content=\"Dur\u00e9e de lecture estim\u00e9e\" \/>\n\t<meta name=\"twitter:data1\" content=\"1 minute\" \/>\n<script type=\"application\/ld+json\" class=\"yoast-schema-graph\">{\"@context\":\"https:\\\/\\\/schema.org\",\"@graph\":[{\"@type\":\"WebPage\",\"@id\":\"https:\\\/\\\/climatlantic.ca\\\/fr\\\/outils\\\/possibilites-financement\\\/fondation-carthy\\\/\",\"url\":\"https:\\\/\\\/climatlantic.ca\\\/fr\\\/outils\\\/possibilites-financement\\\/fondation-carthy\\\/\",\"name\":\"Fondation Carthy - CLIMAtlantic\",\"isPartOf\":{\"@id\":\"https:\\\/\\\/climatlantic.ca\\\/fr\\\/#website\"},\"datePublished\":\"2023-05-24T21:03:44+00:00\",\"dateModified\":\"2025-01-06T17:29:11+00:00\",\"breadcrumb\":{\"@id\":\"https:\\\/\\\/climatlantic.ca\\\/fr\\\/outils\\\/possibilites-financement\\\/fondation-carthy\\\/#breadcrumb\"},\"inLanguage\":\"fr-FR\",\"potentialAction\":[{\"@type\":\"ReadAction\",\"target\":[\"https:\\\/\\\/climatlantic.ca\\\/fr\\\/outils\\\/possibilites-financement\\\/fondation-carthy\\\/\"]}]},{\"@type\":\"BreadcrumbList\",\"@id\":\"https:\\\/\\\/climatlantic.ca\\\/fr\\\/outils\\\/possibilites-financement\\\/fondation-carthy\\\/#breadcrumb\",\"itemListElement\":[{\"@type\":\"ListItem\",\"position\":1,\"name\":\"Home\",\"item\":\"https:\\\/\\\/climatlantic.ca\\\/fr\\\/\"},{\"@type\":\"ListItem\",\"position\":2,\"name\":\"Outils\",\"item\":\"https:\\\/\\\/climatlantic.ca\\\/fr\\\/tools\\\/\"},{\"@type\":\"ListItem\",\"position\":3,\"name\":\"Possibilit\u00e9s de financement\",\"item\":\"https:\\\/\\\/climatlantic.ca\\\/fr\\\/tools\\\/funding-opportunities\\\/\"},{\"@type\":\"ListItem\",\"position\":4,\"name\":\"Fondation Carthy\"}]},{\"@type\":\"WebSite\",\"@id\":\"https:\\\/\\\/climatlantic.ca\\\/fr\\\/#website\",\"url\":\"https:\\\/\\\/climatlantic.ca\\\/fr\\\/\",\"name\":\"Climatlantic\",\"description\":\"Enhancing Atlantic Climate Resilience\",\"publisher\":{\"@id\":\"https:\\\/\\\/climatlantic.ca\\\/fr\\\/#organization\"},\"potentialAction\":[{\"@type\":\"SearchAction\",\"target\":{\"@type\":\"EntryPoint\",\"urlTemplate\":\"https:\\\/\\\/climatlantic.ca\\\/fr\\\/?s={search_term_string}\"},\"query-input\":{\"@type\":\"PropertyValueSpecification\",\"valueRequired\":true,\"valueName\":\"search_term_string\"}}],\"inLanguage\":\"fr-FR\"},{\"@type\":\"Organization\",\"@id\":\"https:\\\/\\\/climatlantic.ca\\\/fr\\\/#organization\",\"name\":\"CLIMAtlantic\",\"url\":\"https:\\\/\\\/climatlantic.ca\\\/fr\\\/\",\"logo\":{\"@type\":\"ImageObject\",\"inLanguage\":\"fr-FR\",\"@id\":\"https:\\\/\\\/climatlantic.ca\\\/fr\\\/#\\\/schema\\\/logo\\\/image\\\/\",\"url\":\"https:\\\/\\\/climatlantic.ca\\\/wp\\\/wp-content\\\/uploads\\\/2021\\\/07\\\/cropped-Climatlantic_Favicon.png\",\"contentUrl\":\"https:\\\/\\\/climatlantic.ca\\\/wp\\\/wp-content\\\/uploads\\\/2021\\\/07\\\/cropped-Climatlantic_Favicon.png\",\"width\":512,\"height\":512,\"caption\":\"CLIMAtlantic\"},\"image\":{\"@id\":\"https:\\\/\\\/climatlantic.ca\\\/fr\\\/#\\\/schema\\\/logo\\\/image\\\/\"},\"sameAs\":[\"https:\\\/\\\/www.facebook.com\\\/CLIMAtlanticInc\\\/\",\"http:\\\/\\\/instagram.com\\\/climatlantic\",\"https:\\\/\\\/www.linkedin.com\\\/company\\\/climatlantic\\\/\"]}]}<\/script>\n<!-- \/ Yoast SEO plugin. -->","yoast_head_json":{"title":"Fondation Carthy - CLIMAtlantic","robots":{"index":"index","follow":"follow","max-snippet":"max-snippet:-1","max-image-preview":"max-image-preview:large","max-video-preview":"max-video-preview:-1"},"canonical":"https:\/\/climatlantic.ca\/fr\/outils\/possibilites-financement\/fondation-carthy\/","og_locale":"fr_FR","og_type":"article","og_title":"Fondation Carthy - CLIMAtlantic","og_description":"Fondation Carthy Ce volet soutient l'adaptation au climat urbain par le biais des approches bas\u00e9es sur la nature afin d'accro\u00eetre la r\u00e9silience climatique et de r\u00e9duire la vuln\u00e9rabilit\u00e9 aux ph\u00e9nom\u00e8nes m\u00e9t\u00e9orologiques extr\u00eames, tels que les inondations et la s\u00e9cheresse. (Veuillez noter que le site web mentionn\u00e9 ci-dessus n\u2019est disponible qu\u2019en anglais.)","og_url":"https:\/\/climatlantic.ca\/fr\/outils\/possibilites-financement\/fondation-carthy\/","og_site_name":"CLIMAtlantic","article_publisher":"https:\/\/www.facebook.com\/CLIMAtlanticInc\/","article_modified_time":"2025-01-06T17:29:11+00:00","twitter_card":"summary_large_image","twitter_misc":{"Dur\u00e9e de lecture estim\u00e9e":"1 minute"},"schema":{"@context":"https:\/\/schema.org","@graph":[{"@type":"WebPage","@id":"https:\/\/climatlantic.ca\/fr\/outils\/possibilites-financement\/fondation-carthy\/","url":"https:\/\/climatlantic.ca\/fr\/outils\/possibilites-financement\/fondation-carthy\/","name":"Fondation Carthy - CLIMAtlantic","isPartOf":{"@id":"https:\/\/climatlantic.ca\/fr\/#website"},"datePublished":"2023-05-24T21:03:44+00:00","dateModified":"2025-01-06T17:29:11+00:00","breadcrumb":{"@id":"https:\/\/climatlantic.ca\/fr\/outils\/possibilites-financement\/fondation-carthy\/#breadcrumb"},"inLanguage":"fr-FR","potentialAction":[{"@type":"ReadAction","target":["https:\/\/climatlantic.ca\/fr\/outils\/possibilites-financement\/fondation-carthy\/"]}]},{"@type":"BreadcrumbList","@id":"https:\/\/climatlantic.ca\/fr\/outils\/possibilites-financement\/fondation-carthy\/#breadcrumb","itemListElement":[{"@type":"ListItem","position":1,"name":"Home","item":"https:\/\/climatlantic.ca\/fr\/"},{"@type":"ListItem","position":2,"name":"Outils","item":"https:\/\/climatlantic.ca\/fr\/tools\/"},{"@type":"ListItem","position":3,"name":"Possibilit\u00e9s de financement","item":"https:\/\/climatlantic.ca\/fr\/tools\/funding-opportunities\/"},{"@type":"ListItem","position":4,"name":"Fondation Carthy"}]},{"@type":"WebSite","@id":"https:\/\/climatlantic.ca\/fr\/#website","url":"https:\/\/climatlantic.ca\/fr\/","name":"Climatlantic","description":"Enhancing Atlantic Climate Resilience","publisher":{"@id":"https:\/\/climatlantic.ca\/fr\/#organization"},"potentialAction":[{"@type":"SearchAction","target":{"@type":"EntryPoint","urlTemplate":"https:\/\/climatlantic.ca\/fr\/?s={search_term_string}"},"query-input":{"@type":"PropertyValueSpecification","valueRequired":true,"valueName":"search_term_string"}}],"inLanguage":"fr-FR"},{"@type":"Organization","@id":"https:\/\/climatlantic.ca\/fr\/#organization","name":"CLIMAtlantic","url":"https:\/\/climatlantic.ca\/fr\/","logo":{"@type":"ImageObject","inLanguage":"fr-FR","@id":"https:\/\/climatlantic.ca\/fr\/#\/schema\/logo\/image\/","url":"https:\/\/climatlantic.ca\/wp\/wp-content\/uploads\/2021\/07\/cropped-Climatlantic_Favicon.png","contentUrl":"https:\/\/climatlantic.ca\/wp\/wp-content\/uploads\/2021\/07\/cropped-Climatlantic_Favicon.png","width":512,"height":512,"caption":"CLIMAtlantic"},"image":{"@id":"https:\/\/climatlantic.ca\/fr\/#\/schema\/logo\/image\/"},"sameAs":["https:\/\/www.facebook.com\/CLIMAtlanticInc\/","http:\/\/instagram.com\/climatlantic","https:\/\/www.linkedin.com\/company\/climatlantic\/"]}]}},"_links":{"self":[{"href":"https:\/\/climatlantic.ca\/fr\/wp-json\/wp\/v2\/pages\/7080","targetHints":{"allow":["GET"]}}],"collection":[{"href":"https:\/\/climatlantic.ca\/fr\/wp-json\/wp\/v2\/pages"}],"about":[{"href":"https:\/\/climatlantic.ca\/fr\/wp-json\/wp\/v2\/types\/page"}],"author":[{"embeddable":true,"href":"https:\/\/climatlantic.ca\/fr\/wp-json\/wp\/v2\/users\/1"}],"replies":[{"embeddable":true,"href":"https:\/\/climatlantic.ca\/fr\/wp-json\/wp\/v2\/comments?post=7080"}],"version-history":[{"count":5,"href":"https:\/\/climatlantic.ca\/fr\/wp-json\/wp\/v2\/pages\/7080\/revisions"}],"predecessor-version":[{"id":16099,"href":"https:\/\/climatlantic.ca\/fr\/wp-json\/wp\/v2\/pages\/7080\/revisions\/16099"}],"up":[{"embeddable":true,"href":"https:\/\/climatlantic.ca\/fr\/wp-json\/wp\/v2\/pages\/7052"}],"wp:attachment":[{"href":"https:\/\/climatlantic.ca\/fr\/wp-json\/wp\/v2\/media?parent=7080"}],"wp:term":[{"taxonomy":"category","embeddable":true,"href":"https:\/\/climatlantic.ca\/fr\/wp-json\/wp\/v2\/categories?post=7080"},{"taxonomy":"post_tag","embeddable":true,"href":"https:\/\/climatlantic.ca\/fr\/wp-json\/wp\/v2\/tags?post=7080"}],"curies":[{"name":"wp","href":"https:\/\/api.w.org\/{rel}","templated":true}]}}