
{"id":7800,"date":"2023-06-14T16:19:17","date_gmt":"2023-06-14T19:19:17","guid":{"rendered":"https:\/\/climatlantic.ca\/financement-dossier-de-travail\/fonds-daction-pour-les-communautes-durables\/"},"modified":"2025-04-23T09:10:10","modified_gmt":"2025-04-23T12:10:10","slug":"fonds-daction-pour-les-communautes-durables","status":"publish","type":"page","link":"https:\/\/climatlantic.ca\/fr\/outils\/possibilites-financement\/fonds-daction-pour-les-communautes-durables\/","title":{"rendered":"Fonds d\u2019action pour les communaut\u00e9s durables"},"content":{"rendered":"<p>[et_pb_section fb_built=&#8221;1&#8243; _builder_version=&#8221;4.21.0&#8243; _module_preset=&#8221;default&#8221; da_disable_devices=&#8221;off|off|off&#8221; global_colors_info=&#8221;{}&#8221; da_is_popup=&#8221;off&#8221; da_exit_intent=&#8221;off&#8221; da_has_close=&#8221;on&#8221; da_alt_close=&#8221;off&#8221; da_dark_close=&#8221;off&#8221; da_not_modal=&#8221;on&#8221; da_is_singular=&#8221;off&#8221; da_with_loader=&#8221;off&#8221; da_has_shadow=&#8221;on&#8221;][et_pb_row _builder_version=&#8221;4.21.0&#8243; _module_preset=&#8221;default&#8221; global_colors_info=&#8221;{}&#8221;][et_pb_column type=&#8221;4_4&#8243; _builder_version=&#8221;4.21.0&#8243; _module_preset=&#8221;default&#8221; global_colors_info=&#8221;{}&#8221;][et_pb_image src=&#8221;https:\/\/climatlantic.ca\/wp\/wp-content\/uploads\/2023\/06\/SCCF_NS.png&#8221; alt=&#8221;Texte en anglais se lit %22A grant for local action on climate change in Nova Scotia%22 et %22Sustainable communities challenge fund.%22 L&#8217;arri\u00e8re-plan est un ciel bleu avec des nuages.&#8221; title_text=&#8221;CLIMAtlantic-SCCF_NS&#8221; url=&#8221;https:\/\/nschallengefund.ca\/&#8221; url_new_window=&#8221;on&#8221; align=&#8221;center&#8221; _builder_version=&#8221;4.27.4&#8243; _module_preset=&#8221;default&#8221; width=&#8221;66%&#8221; global_colors_info=&#8221;{}&#8221;][\/et_pb_image][et_pb_text _builder_version=&#8221;4.27.4&#8243; _module_preset=&#8221;default&#8221; global_colors_info=&#8221;{}&#8221;]<\/p>\n<div class=\"et_pb_column et_pb_column_4_4 et_pb_column_19  et_pb_css_mix_blend_mode_passthrough et-last-child\">\n<div class=\"et_pb_module et_pb_text et_pb_text_18  et_pb_text_align_left et_pb_bg_layout_light\">\n<div class=\"et_pb_text_inner\">\n<h4><span style=\"text-decoration: underline;\"><a href=\"https:\/\/nschallengefund.ca\/\" target=\"_blank\" rel=\"noopener\">Fonds d\u2019action pour les communaut\u00e9s durables<\/a><\/span><\/h4>\n<\/div>\n<\/div>\n<\/div>\n<p>Le Fonds d\u2019action pour les communaut\u00e9s durables a \u00e9t\u00e9 cr\u00e9\u00e9 en 2022 pour aider la Nouvelle-\u00c9cosse \u00e0 atteindre ses objectifs de r\u00e9duction des gaz \u00e0 effet de serre de 53% par rapport aux niveaux de 2005 d\u2019ici \u00e0 2030, et de z\u00e9ro net d\u2019ici \u00e0 2050. Il est financ\u00e9 par le gouvernement de la Nouvelle-\u00c9cosse et administr\u00e9 par la F\u00e9d\u00e9ration des municipalit\u00e9s de la Nouvelle-\u00c9cosse.<\/p>\n<p>Les possibilit\u00e9s de financement dans le cadre du volet adaptation se concentrent sur les infrastructures pr\u00eates pour le climat, les approches bas\u00e9es sur la nature, ainsi que la coordination et la planification communautaires.<\/p>\n<p>Le fonds est ouvert aux municipalit\u00e9s n\u00e9o-\u00e9cossaises, aux bandes des Premi\u00e8res nations et aux conseils tribaux, aux \u00e9tablissements d\u2019enseignement sup\u00e9rieur et aux organisations \u00e0 but non lucratif.<\/p>\n<p>La date limite de d\u00e9p\u00f4t des candidatures \u00e9tait fix\u00e9e au 22 avril.<\/p>\n<p data-pm-slice=\"1 1 []\">(Veuillez noter que le site web mentionn\u00e9 ci-dessus n\u2019est disponible qu\u2019en anglais.)<\/p>\n<p>[\/et_pb_text][et_pb_button button_url=&#8221;@ET-DC@eyJkeW5hbWljIjp0cnVlLCJjb250ZW50IjoicG9zdF9saW5rX3VybF9wYWdlIiwic2V0dGluZ3MiOnsicG9zdF9pZCI6IjY2ODIifX0=@&#8221; button_text=&#8221;RETOUR AUX OPPORTUNIT\u00c9S DE FINANCEMENT&#8221; _builder_version=&#8221;4.21.0&#8243; _dynamic_attributes=&#8221;button_url&#8221; _module_preset=&#8221;default&#8221; custom_margin=&#8221;-12px||||false|false&#8221; custom_padding=&#8221;||||false|false&#8221; global_colors_info=&#8221;{}&#8221;][\/et_pb_button][\/et_pb_column][\/et_pb_row][\/et_pb_section]<\/p>\n","protected":false},"excerpt":{"rendered":"<p>Fonds d\u2019action pour les communaut\u00e9s durables Le Fonds d\u2019action pour les communaut\u00e9s durables a \u00e9t\u00e9 cr\u00e9\u00e9 en 2022 pour aider la Nouvelle-\u00c9cosse \u00e0 atteindre ses objectifs de r\u00e9duction des gaz \u00e0 effet de serre de 53% par rapport aux niveaux de 2005 d\u2019ici \u00e0 2030, et de z\u00e9ro net d\u2019ici \u00e0 2050. Il est financ\u00e9 [&hellip;]<\/p>\n","protected":false},"author":1,"featured_media":0,"parent":7052,"menu_order":0,"comment_status":"closed","ping_status":"closed","template":"","meta":{"_acf_changed":false,"_et_pb_use_builder":"on","_et_pb_old_content":"","_et_gb_content_width":"","footnotes":""},"categories":[],"tags":[],"class_list":["post-7800","page","type-page","status-publish","hentry"],"acf":[],"yoast_head":"<!-- This site is optimized with the Yoast SEO plugin v27.3 - https:\/\/yoast.com\/product\/yoast-seo-wordpress\/ -->\n<title>Fonds d\u2019action pour les communaut\u00e9s durables - CLIMAtlantic<\/title>\n<meta name=\"robots\" content=\"index, follow, max-snippet:-1, max-image-preview:large, max-video-preview:-1\" \/>\n<link rel=\"canonical\" href=\"https:\/\/climatlantic.ca\/fr\/outils\/possibilites-financement\/fonds-daction-pour-les-communautes-durables\/\" \/>\n<meta property=\"og:locale\" content=\"fr_FR\" \/>\n<meta property=\"og:type\" content=\"article\" \/>\n<meta property=\"og:title\" content=\"Fonds d\u2019action pour les communaut\u00e9s durables - CLIMAtlantic\" \/>\n<meta property=\"og:description\" content=\"Fonds d\u2019action pour les communaut\u00e9s durables Le Fonds d\u2019action pour les communaut\u00e9s durables a \u00e9t\u00e9 cr\u00e9\u00e9 en 2022 pour aider la Nouvelle-\u00c9cosse \u00e0 atteindre ses objectifs de r\u00e9duction des gaz \u00e0 effet de serre de 53% par rapport aux niveaux de 2005 d\u2019ici \u00e0 2030, et de z\u00e9ro net d\u2019ici \u00e0 2050. Il est financ\u00e9 [&hellip;]\" \/>\n<meta property=\"og:url\" content=\"https:\/\/climatlantic.ca\/fr\/outils\/possibilites-financement\/fonds-daction-pour-les-communautes-durables\/\" \/>\n<meta property=\"og:site_name\" content=\"CLIMAtlantic\" \/>\n<meta property=\"article:publisher\" content=\"https:\/\/www.facebook.com\/CLIMAtlanticInc\/\" \/>\n<meta property=\"article:modified_time\" content=\"2025-04-23T12:10:10+00:00\" \/>\n<meta name=\"twitter:card\" content=\"summary_large_image\" \/>\n<meta name=\"twitter:label1\" content=\"Dur\u00e9e de lecture estim\u00e9e\" \/>\n\t<meta name=\"twitter:data1\" content=\"2 minutes\" \/>\n<script type=\"application\/ld+json\" class=\"yoast-schema-graph\">{\"@context\":\"https:\\\/\\\/schema.org\",\"@graph\":[{\"@type\":\"WebPage\",\"@id\":\"https:\\\/\\\/climatlantic.ca\\\/fr\\\/outils\\\/possibilites-financement\\\/fonds-daction-pour-les-communautes-durables\\\/\",\"url\":\"https:\\\/\\\/climatlantic.ca\\\/fr\\\/outils\\\/possibilites-financement\\\/fonds-daction-pour-les-communautes-durables\\\/\",\"name\":\"Fonds d\u2019action pour les communaut\u00e9s durables - CLIMAtlantic\",\"isPartOf\":{\"@id\":\"https:\\\/\\\/climatlantic.ca\\\/fr\\\/#website\"},\"datePublished\":\"2023-06-14T19:19:17+00:00\",\"dateModified\":\"2025-04-23T12:10:10+00:00\",\"breadcrumb\":{\"@id\":\"https:\\\/\\\/climatlantic.ca\\\/fr\\\/outils\\\/possibilites-financement\\\/fonds-daction-pour-les-communautes-durables\\\/#breadcrumb\"},\"inLanguage\":\"fr-FR\",\"potentialAction\":[{\"@type\":\"ReadAction\",\"target\":[\"https:\\\/\\\/climatlantic.ca\\\/fr\\\/outils\\\/possibilites-financement\\\/fonds-daction-pour-les-communautes-durables\\\/\"]}]},{\"@type\":\"BreadcrumbList\",\"@id\":\"https:\\\/\\\/climatlantic.ca\\\/fr\\\/outils\\\/possibilites-financement\\\/fonds-daction-pour-les-communautes-durables\\\/#breadcrumb\",\"itemListElement\":[{\"@type\":\"ListItem\",\"position\":1,\"name\":\"Home\",\"item\":\"https:\\\/\\\/climatlantic.ca\\\/fr\\\/\"},{\"@type\":\"ListItem\",\"position\":2,\"name\":\"Outils\",\"item\":\"https:\\\/\\\/climatlantic.ca\\\/fr\\\/tools\\\/\"},{\"@type\":\"ListItem\",\"position\":3,\"name\":\"Possibilit\u00e9s de financement\",\"item\":\"https:\\\/\\\/climatlantic.ca\\\/fr\\\/tools\\\/funding-opportunities\\\/\"},{\"@type\":\"ListItem\",\"position\":4,\"name\":\"Fonds d\u2019action pour les communaut\u00e9s durables\"}]},{\"@type\":\"WebSite\",\"@id\":\"https:\\\/\\\/climatlantic.ca\\\/fr\\\/#website\",\"url\":\"https:\\\/\\\/climatlantic.ca\\\/fr\\\/\",\"name\":\"Climatlantic\",\"description\":\"Enhancing Atlantic Climate Resilience\",\"publisher\":{\"@id\":\"https:\\\/\\\/climatlantic.ca\\\/fr\\\/#organization\"},\"potentialAction\":[{\"@type\":\"SearchAction\",\"target\":{\"@type\":\"EntryPoint\",\"urlTemplate\":\"https:\\\/\\\/climatlantic.ca\\\/fr\\\/?s={search_term_string}\"},\"query-input\":{\"@type\":\"PropertyValueSpecification\",\"valueRequired\":true,\"valueName\":\"search_term_string\"}}],\"inLanguage\":\"fr-FR\"},{\"@type\":\"Organization\",\"@id\":\"https:\\\/\\\/climatlantic.ca\\\/fr\\\/#organization\",\"name\":\"CLIMAtlantic\",\"url\":\"https:\\\/\\\/climatlantic.ca\\\/fr\\\/\",\"logo\":{\"@type\":\"ImageObject\",\"inLanguage\":\"fr-FR\",\"@id\":\"https:\\\/\\\/climatlantic.ca\\\/fr\\\/#\\\/schema\\\/logo\\\/image\\\/\",\"url\":\"https:\\\/\\\/climatlantic.ca\\\/wp\\\/wp-content\\\/uploads\\\/2021\\\/07\\\/cropped-Climatlantic_Favicon.png\",\"contentUrl\":\"https:\\\/\\\/climatlantic.ca\\\/wp\\\/wp-content\\\/uploads\\\/2021\\\/07\\\/cropped-Climatlantic_Favicon.png\",\"width\":512,\"height\":512,\"caption\":\"CLIMAtlantic\"},\"image\":{\"@id\":\"https:\\\/\\\/climatlantic.ca\\\/fr\\\/#\\\/schema\\\/logo\\\/image\\\/\"},\"sameAs\":[\"https:\\\/\\\/www.facebook.com\\\/CLIMAtlanticInc\\\/\",\"http:\\\/\\\/instagram.com\\\/climatlantic\",\"https:\\\/\\\/www.linkedin.com\\\/company\\\/climatlantic\\\/\"]}]}<\/script>\n<!-- \/ Yoast SEO plugin. -->","yoast_head_json":{"title":"Fonds d\u2019action pour les communaut\u00e9s durables - CLIMAtlantic","robots":{"index":"index","follow":"follow","max-snippet":"max-snippet:-1","max-image-preview":"max-image-preview:large","max-video-preview":"max-video-preview:-1"},"canonical":"https:\/\/climatlantic.ca\/fr\/outils\/possibilites-financement\/fonds-daction-pour-les-communautes-durables\/","og_locale":"fr_FR","og_type":"article","og_title":"Fonds d\u2019action pour les communaut\u00e9s durables - CLIMAtlantic","og_description":"Fonds d\u2019action pour les communaut\u00e9s durables Le Fonds d\u2019action pour les communaut\u00e9s durables a \u00e9t\u00e9 cr\u00e9\u00e9 en 2022 pour aider la Nouvelle-\u00c9cosse \u00e0 atteindre ses objectifs de r\u00e9duction des gaz \u00e0 effet de serre de 53% par rapport aux niveaux de 2005 d\u2019ici \u00e0 2030, et de z\u00e9ro net d\u2019ici \u00e0 2050. Il est financ\u00e9 [&hellip;]","og_url":"https:\/\/climatlantic.ca\/fr\/outils\/possibilites-financement\/fonds-daction-pour-les-communautes-durables\/","og_site_name":"CLIMAtlantic","article_publisher":"https:\/\/www.facebook.com\/CLIMAtlanticInc\/","article_modified_time":"2025-04-23T12:10:10+00:00","twitter_card":"summary_large_image","twitter_misc":{"Dur\u00e9e de lecture estim\u00e9e":"2 minutes"},"schema":{"@context":"https:\/\/schema.org","@graph":[{"@type":"WebPage","@id":"https:\/\/climatlantic.ca\/fr\/outils\/possibilites-financement\/fonds-daction-pour-les-communautes-durables\/","url":"https:\/\/climatlantic.ca\/fr\/outils\/possibilites-financement\/fonds-daction-pour-les-communautes-durables\/","name":"Fonds d\u2019action pour les communaut\u00e9s durables - CLIMAtlantic","isPartOf":{"@id":"https:\/\/climatlantic.ca\/fr\/#website"},"datePublished":"2023-06-14T19:19:17+00:00","dateModified":"2025-04-23T12:10:10+00:00","breadcrumb":{"@id":"https:\/\/climatlantic.ca\/fr\/outils\/possibilites-financement\/fonds-daction-pour-les-communautes-durables\/#breadcrumb"},"inLanguage":"fr-FR","potentialAction":[{"@type":"ReadAction","target":["https:\/\/climatlantic.ca\/fr\/outils\/possibilites-financement\/fonds-daction-pour-les-communautes-durables\/"]}]},{"@type":"BreadcrumbList","@id":"https:\/\/climatlantic.ca\/fr\/outils\/possibilites-financement\/fonds-daction-pour-les-communautes-durables\/#breadcrumb","itemListElement":[{"@type":"ListItem","position":1,"name":"Home","item":"https:\/\/climatlantic.ca\/fr\/"},{"@type":"ListItem","position":2,"name":"Outils","item":"https:\/\/climatlantic.ca\/fr\/tools\/"},{"@type":"ListItem","position":3,"name":"Possibilit\u00e9s de financement","item":"https:\/\/climatlantic.ca\/fr\/tools\/funding-opportunities\/"},{"@type":"ListItem","position":4,"name":"Fonds d\u2019action pour les communaut\u00e9s durables"}]},{"@type":"WebSite","@id":"https:\/\/climatlantic.ca\/fr\/#website","url":"https:\/\/climatlantic.ca\/fr\/","name":"Climatlantic","description":"Enhancing Atlantic Climate Resilience","publisher":{"@id":"https:\/\/climatlantic.ca\/fr\/#organization"},"potentialAction":[{"@type":"SearchAction","target":{"@type":"EntryPoint","urlTemplate":"https:\/\/climatlantic.ca\/fr\/?s={search_term_string}"},"query-input":{"@type":"PropertyValueSpecification","valueRequired":true,"valueName":"search_term_string"}}],"inLanguage":"fr-FR"},{"@type":"Organization","@id":"https:\/\/climatlantic.ca\/fr\/#organization","name":"CLIMAtlantic","url":"https:\/\/climatlantic.ca\/fr\/","logo":{"@type":"ImageObject","inLanguage":"fr-FR","@id":"https:\/\/climatlantic.ca\/fr\/#\/schema\/logo\/image\/","url":"https:\/\/climatlantic.ca\/wp\/wp-content\/uploads\/2021\/07\/cropped-Climatlantic_Favicon.png","contentUrl":"https:\/\/climatlantic.ca\/wp\/wp-content\/uploads\/2021\/07\/cropped-Climatlantic_Favicon.png","width":512,"height":512,"caption":"CLIMAtlantic"},"image":{"@id":"https:\/\/climatlantic.ca\/fr\/#\/schema\/logo\/image\/"},"sameAs":["https:\/\/www.facebook.com\/CLIMAtlanticInc\/","http:\/\/instagram.com\/climatlantic","https:\/\/www.linkedin.com\/company\/climatlantic\/"]}]}},"_links":{"self":[{"href":"https:\/\/climatlantic.ca\/fr\/wp-json\/wp\/v2\/pages\/7800","targetHints":{"allow":["GET"]}}],"collection":[{"href":"https:\/\/climatlantic.ca\/fr\/wp-json\/wp\/v2\/pages"}],"about":[{"href":"https:\/\/climatlantic.ca\/fr\/wp-json\/wp\/v2\/types\/page"}],"author":[{"embeddable":true,"href":"https:\/\/climatlantic.ca\/fr\/wp-json\/wp\/v2\/users\/1"}],"replies":[{"embeddable":true,"href":"https:\/\/climatlantic.ca\/fr\/wp-json\/wp\/v2\/comments?post=7800"}],"version-history":[{"count":5,"href":"https:\/\/climatlantic.ca\/fr\/wp-json\/wp\/v2\/pages\/7800\/revisions"}],"predecessor-version":[{"id":16875,"href":"https:\/\/climatlantic.ca\/fr\/wp-json\/wp\/v2\/pages\/7800\/revisions\/16875"}],"up":[{"embeddable":true,"href":"https:\/\/climatlantic.ca\/fr\/wp-json\/wp\/v2\/pages\/7052"}],"wp:attachment":[{"href":"https:\/\/climatlantic.ca\/fr\/wp-json\/wp\/v2\/media?parent=7800"}],"wp:term":[{"taxonomy":"category","embeddable":true,"href":"https:\/\/climatlantic.ca\/fr\/wp-json\/wp\/v2\/categories?post=7800"},{"taxonomy":"post_tag","embeddable":true,"href":"https:\/\/climatlantic.ca\/fr\/wp-json\/wp\/v2\/tags?post=7800"}],"curies":[{"name":"wp","href":"https:\/\/api.w.org\/{rel}","templated":true}]}}