
{"id":7973,"date":"2023-06-23T14:23:28","date_gmt":"2023-06-23T17:23:28","guid":{"rendered":"https:\/\/climatlantic.ca\/?page_id=7973"},"modified":"2023-07-05T09:26:15","modified_gmt":"2023-07-05T12:26:15","slug":"soumettre-des-ressources","status":"publish","type":"page","link":"https:\/\/climatlantic.ca\/fr\/outils\/bibliotheque-d-adaptation\/soumettre-des-ressources\/","title":{"rendered":"Soumission des ressources de la biblioth\u00e8que d&#8217;adaptation"},"content":{"rendered":"<p>[et_pb_section fb_built=&#8221;1&#8243; fullwidth=&#8221;on&#8221; _builder_version=&#8221;4.21.0&#8243; _module_preset=&#8221;default&#8221; background_image=&#8221;https:\/\/climatlantic.ca\/wp\/wp-content\/uploads\/2023\/05\/Funding_Background.png&#8221; custom_margin=&#8221;||||false|false&#8221; global_colors_info=&#8221;{}&#8221;][et_pb_fullwidth_header title=&#8221;BIBLIOTH\u00c8QUE D&#8217;ADAPTATION&#8221; text_orientation=&#8221;center&#8221; content_max_width=&#8221;110%&#8221; title_tablet=&#8221;BIBLIOTH\u00c8QUE D&#8217;ADAPTATION&#8221; title_phone=&#8221;BIBLIOTH\u00c8QUE D&#8217;ADAPTATION&#8221; title_last_edited=&#8221;on|phone&#8221; content_max_width_tablet=&#8221;110%&#8221; content_max_width_phone=&#8221;120%&#8221; content_max_width_last_edited=&#8221;on|tablet&#8221; _builder_version=&#8221;4.21.0&#8243; _module_preset=&#8221;default&#8221; title_text_color=&#8221;#FFFFFF&#8221; title_font_size=&#8221;44px&#8221; subhead_text_color=&#8221;#FFFFFF&#8221; subhead_font_size=&#8221;22px&#8221; subhead_line_height=&#8221;0.9em&#8221; background_enable_color=&#8221;off&#8221; background_image=&#8221;https:\/\/climatlantic.ca\/wp\/wp-content\/uploads\/2023\/02\/Climate_Adaptation_2.png&#8221; background_enable_video_mp4=&#8221;off&#8221; height=&#8221;295px&#8221; height_tablet=&#8221;230px&#8221; height_phone=&#8221;200px&#8221; height_last_edited=&#8221;on|desktop&#8221; custom_margin=&#8221;0px|0px||0px|false|false&#8221; custom_margin_tablet=&#8221;||||false|false&#8221; custom_margin_phone=&#8221;||||false|false&#8221; custom_margin_last_edited=&#8221;on|tablet&#8221; custom_padding=&#8221;6px|0px||0px|false|false&#8221; link_option_url=&#8221;https:\/\/climatlantic.ca\/fr\/adaptation-resources&#8221; hover_enabled=&#8221;0&#8243; title_font_size_tablet=&#8221;30px&#8221; title_font_size_phone=&#8221;24px&#8221; title_font_size_last_edited=&#8221;on|phone&#8221; subhead_font_size_tablet=&#8221;16px&#8221; subhead_font_size_phone=&#8221;12px&#8221; subhead_font_size_last_edited=&#8221;on|tablet&#8221; title_text_shadow_style=&#8221;preset3&#8243; title_text_shadow_blur_strength=&#8221;1.01em&#8221; title_text_shadow_color=&#8221;#FFFFFF&#8221; subhead_text_shadow_style=&#8221;preset3&#8243; global_colors_info=&#8221;{}&#8221; sticky_enabled=&#8221;0&#8243;][\/et_pb_fullwidth_header][\/et_pb_section][et_pb_section fb_built=&#8221;1&#8243; _builder_version=&#8221;4.21.0&#8243; _module_preset=&#8221;default&#8221; background_color=&#8221;#50B848&#8243; custom_margin=&#8221;||||false|false&#8221; custom_padding=&#8221;12px||18px||false|false&#8221; global_colors_info=&#8221;{}&#8221;][et_pb_row _builder_version=&#8221;4.20.4&#8243; _module_preset=&#8221;default&#8221; global_colors_info=&#8221;{}&#8221;][et_pb_column type=&#8221;4_4&#8243; _builder_version=&#8221;4.20.4&#8243; _module_preset=&#8221;default&#8221; global_colors_info=&#8221;{}&#8221;][et_pb_text _builder_version=&#8221;4.21.0&#8243; _module_preset=&#8221;default&#8221; text_font_size=&#8221;22px&#8221; header_4_font_size=&#8221;25px&#8221; text_orientation=&#8221;center&#8221; background_layout=&#8221;dark&#8221; custom_margin=&#8221;||||false|false&#8221; custom_padding=&#8221;|18px||18px|false|false&#8221; global_colors_info=&#8221;{}&#8221;]<\/p>\n<h4 style=\"text-align: center;\"><strong>Formulaire de soumission de ressources<\/strong><\/h4>\n<p style=\"text-align: center;\"><span style=\"font-weight: 400;\">Manque-t-il une ressource \u00e0 la Biblioth\u00e8que? Remplissez le formulaire ci-dessous pour nous en informer et nous l\u2019examinerons avant de l\u2019ajouter \u00e0 notre Biblioth\u00e8que d\u2019adaptation. <\/span><\/p>\n<p>[\/et_pb_text][\/et_pb_column][\/et_pb_row][\/et_pb_section][et_pb_section fb_built=&#8221;1&#8243; _builder_version=&#8221;4.21.0&#8243; _module_preset=&#8221;default&#8221; custom_margin=&#8221;||||false|false&#8221; custom_padding=&#8221;11px||12px||false|false&#8221; global_colors_info=&#8221;{}&#8221;][et_pb_row _builder_version=&#8221;4.21.0&#8243; _module_preset=&#8221;default&#8221; custom_margin=&#8221;10px||||false|false&#8221; custom_padding=&#8221;5px||||false|false&#8221; global_colors_info=&#8221;{}&#8221;][et_pb_column type=&#8221;4_4&#8243; _builder_version=&#8221;4.21.0&#8243; _module_preset=&#8221;default&#8221; global_colors_info=&#8221;{}&#8221;][et_pb_contact_form email=&#8221;communications@climatlantic.ca&#8221; success_message=&#8221;Merci d&#8217;avoir sugg\u00e9r\u00e9 une ressource! Nous l&#8217;examinerons et reviendrons vers vous d\u00e8s que possible. &#8221; submit_button_text=&#8221;Soumettez&#8221; _builder_version=&#8221;4.21.0&#8243; _module_preset=&#8221;default&#8221; _unique_id=&#8221;7ead25bf-4b6c-4d9f-b2f8-fff983c5778c&#8221; form_field_custom_margin=&#8221;-5px|0px||0px|false|false&#8221; form_field_custom_padding=&#8221;0px|0px|0px|10px|false|false&#8221; form_field_font_size=&#8221;14px&#8221; form_field_line_height=&#8221;2.5em&#8221; custom_button=&#8221;on&#8221; button_text_color=&#8221;#FFFFFF&#8221; button_bg_color=&#8221;#50B848&#8243; max_height=&#8221;500px&#8221; custom_margin=&#8221;-5px||0px||false|false&#8221; custom_padding=&#8221;0px||0px||false|false&#8221; global_colors_info=&#8221;{}&#8221;][et_pb_contact_field field_id=&#8221;Name&#8221; field_title=&#8221;* Votre nom&#8221; _builder_version=&#8221;4.21.0&#8243; global_colors_info=&#8221;{}&#8221; button_text_size__hover_enabled=&#8221;off&#8221; button_one_text_size__hover_enabled=&#8221;off&#8221; button_two_text_size__hover_enabled=&#8221;off&#8221; button_text_color__hover_enabled=&#8221;off&#8221; button_one_text_color__hover_enabled=&#8221;off&#8221; button_two_text_color__hover_enabled=&#8221;off&#8221; button_border_width__hover_enabled=&#8221;off&#8221; button_one_border_width__hover_enabled=&#8221;off&#8221; button_two_border_width__hover_enabled=&#8221;off&#8221; button_border_color__hover_enabled=&#8221;off&#8221; button_one_border_color__hover_enabled=&#8221;off&#8221; button_two_border_color__hover_enabled=&#8221;off&#8221; button_border_radius__hover_enabled=&#8221;off&#8221; button_one_border_radius__hover_enabled=&#8221;off&#8221; button_two_border_radius__hover_enabled=&#8221;off&#8221; button_letter_spacing__hover_enabled=&#8221;off&#8221; button_one_letter_spacing__hover_enabled=&#8221;off&#8221; button_two_letter_spacing__hover_enabled=&#8221;off&#8221; button_bg_color__hover_enabled=&#8221;off&#8221; button_one_bg_color__hover_enabled=&#8221;off&#8221; button_two_bg_color__hover_enabled=&#8221;off&#8221;][\/et_pb_contact_field][et_pb_contact_field field_id=&#8221;Phone_number_2&#8243; field_title=&#8221;* Votre num\u00e9ro de t\u00e9l\u00e9phone (xxx-xxx-xxxx)&#8221; _builder_version=&#8221;4.21.0&#8243; global_colors_info=&#8221;{}&#8221; button_text_size__hover_enabled=&#8221;off&#8221; button_one_text_size__hover_enabled=&#8221;off&#8221; button_two_text_size__hover_enabled=&#8221;off&#8221; button_text_color__hover_enabled=&#8221;off&#8221; button_one_text_color__hover_enabled=&#8221;off&#8221; button_two_text_color__hover_enabled=&#8221;off&#8221; button_border_width__hover_enabled=&#8221;off&#8221; button_one_border_width__hover_enabled=&#8221;off&#8221; button_two_border_width__hover_enabled=&#8221;off&#8221; button_border_color__hover_enabled=&#8221;off&#8221; button_one_border_color__hover_enabled=&#8221;off&#8221; button_two_border_color__hover_enabled=&#8221;off&#8221; button_border_radius__hover_enabled=&#8221;off&#8221; button_one_border_radius__hover_enabled=&#8221;off&#8221; button_two_border_radius__hover_enabled=&#8221;off&#8221; button_letter_spacing__hover_enabled=&#8221;off&#8221; button_one_letter_spacing__hover_enabled=&#8221;off&#8221; button_two_letter_spacing__hover_enabled=&#8221;off&#8221; button_bg_color__hover_enabled=&#8221;off&#8221; button_one_bg_color__hover_enabled=&#8221;off&#8221; button_two_bg_color__hover_enabled=&#8221;off&#8221;][\/et_pb_contact_field][et_pb_contact_field field_id=&#8221;Email&#8221; field_title=&#8221;* Votre courriel&#8221; field_type=&#8221;email&#8221; fullwidth_field=&#8221;on&#8221; _builder_version=&#8221;4.21.0&#8243; _module_preset=&#8221;default&#8221; global_colors_info=&#8221;{}&#8221;][\/et_pb_contact_field][et_pb_contact_field field_id=&#8221;Resource_title&#8221; field_title=&#8221;* Titre de la ressource&#8221; fullwidth_field=&#8221;on&#8221; _builder_version=&#8221;4.21.0&#8243; global_colors_info=&#8221;{}&#8221; button_text_size__hover_enabled=&#8221;off&#8221; button_one_text_size__hover_enabled=&#8221;off&#8221; button_two_text_size__hover_enabled=&#8221;off&#8221; button_text_color__hover_enabled=&#8221;off&#8221; button_one_text_color__hover_enabled=&#8221;off&#8221; button_two_text_color__hover_enabled=&#8221;off&#8221; button_border_width__hover_enabled=&#8221;off&#8221; button_one_border_width__hover_enabled=&#8221;off&#8221; button_two_border_width__hover_enabled=&#8221;off&#8221; button_border_color__hover_enabled=&#8221;off&#8221; button_one_border_color__hover_enabled=&#8221;off&#8221; button_two_border_color__hover_enabled=&#8221;off&#8221; button_border_radius__hover_enabled=&#8221;off&#8221; button_one_border_radius__hover_enabled=&#8221;off&#8221; button_two_border_radius__hover_enabled=&#8221;off&#8221; button_letter_spacing__hover_enabled=&#8221;off&#8221; button_one_letter_spacing__hover_enabled=&#8221;off&#8221; button_two_letter_spacing__hover_enabled=&#8221;off&#8221; button_bg_color__hover_enabled=&#8221;off&#8221; button_one_bg_color__hover_enabled=&#8221;off&#8221; button_two_bg_color__hover_enabled=&#8221;off&#8221;][\/et_pb_contact_field][et_pb_contact_field field_id=&#8221;Resource_date&#8221; field_title=&#8221;* Resource date (yyyy)&#8221; fullwidth_field=&#8221;on&#8221; _builder_version=&#8221;4.21.0&#8243; _module_preset=&#8221;default&#8221; global_colors_info=&#8221;{}&#8221;][\/et_pb_contact_field][et_pb_contact_field field_id=&#8221;Resource_author&#8221; field_title=&#8221;* Nom de l\u2019auteur de la ressource (Nom, pr\u00e9nom) ou organisation&#8221; fullwidth_field=&#8221;on&#8221; _builder_version=&#8221;4.21.0&#8243; _module_preset=&#8221;default&#8221; global_colors_info=&#8221;{}&#8221;][\/et_pb_contact_field][et_pb_contact_field field_id=&#8221;Resource_link&#8221; field_title=&#8221;Lien de ressource&#8221; required_mark=&#8221;off&#8221; fullwidth_field=&#8221;on&#8221; _builder_version=&#8221;4.21.0&#8243; _module_preset=&#8221;default&#8221; global_colors_info=&#8221;{}&#8221;][\/et_pb_contact_field][\/et_pb_contact_form][\/et_pb_column][\/et_pb_row][\/et_pb_section][et_pb_section fb_built=&#8221;1&#8243; _builder_version=&#8221;4.21.0&#8243; _module_preset=&#8221;default&#8221; min_height=&#8221;242px&#8221; custom_margin=&#8221;||-150px|||&#8221; custom_padding=&#8221;0px||0px|||&#8221; global_colors_info=&#8221;{}&#8221;][et_pb_row _builder_version=&#8221;4.21.0&#8243; _module_preset=&#8221;default&#8221; min_height=&#8221;113px&#8221; global_colors_info=&#8221;{}&#8221;][et_pb_column type=&#8221;4_4&#8243; _builder_version=&#8221;4.21.0&#8243; _module_preset=&#8221;default&#8221; global_colors_info=&#8221;{}&#8221;][et_pb_toggle title=&#8221;Foire aux questions&#8221; open_toggle_text_color=&#8221;#238ACA&#8221; open_toggle_background_color=&#8221;#FFFFFF&#8221; closed_toggle_background_color=&#8221;#FFFFFF&#8221; icon_color=&#8221;#50B848&#8243; toggle_icon=&#8221;&#x33;||divi||400&#8243; use_icon_font_size=&#8221;on&#8221; icon_font_size=&#8221;50px&#8221; open_icon_color=&#8221;#50B848&#8243; open_toggle_icon=&#8221;&#x32;||divi||400&#8243; open_use_icon_font_size=&#8221;on&#8221; open_icon_font_size=&#8221;50px&#8221; _builder_version=&#8221;4.21.0&#8243; _module_preset=&#8221;default&#8221; title_text_color=&#8221;#238ACA&#8221; title_level=&#8221;h3&#8243; border_width_all=&#8221;0px&#8221; global_colors_info=&#8221;{}&#8221;]<\/p>\n<p><strong>Que faire si la ressource que je souhaite soumettre n&#8217;a pas de lien?<\/strong><br \/>Si la ressource que vous souhaitez soumettre n&#8217;a pas de lien, vous pouvez toujours remplir le formulaire. Apr\u00e8s avoir soumis le formulaire, envoyez-nous la ressource en pi\u00e8ce jointe dans un courriel \u00e0 communications@climatlantic.ca.<\/p>\n<p><strong>Dans combien de temps puis-je esp\u00e9rer avoir une r\u00e9ponse apr\u00e8s avoir soumis le formulaire?<\/strong><br \/>Donnez-nous quelques jours, et si vous n&#8217;avez toujours pas re\u00e7u de r\u00e9ponse, n&#8217;h\u00e9sitez pas \u00e0 nous contacter.<\/p>\n<p>[\/et_pb_toggle][\/et_pb_column][\/et_pb_row][\/et_pb_section][et_pb_section fb_built=&#8221;1&#8243; _builder_version=&#8221;4.21.0&#8243; _module_preset=&#8221;default&#8221; min_height=&#8221;735.3px&#8221; custom_margin=&#8221;||||false|false&#8221; custom_padding=&#8221;0px||36px||false|false&#8221; global_colors_info=&#8221;{}&#8221;][et_pb_row _builder_version=&#8221;4.21.0&#8243; _module_preset=&#8221;default&#8221; background_color=&#8221;rgba(80,184,72,0.21)&#8221; min_height=&#8221;251.8px&#8221; global_colors_info=&#8221;{}&#8221;][et_pb_column type=&#8221;4_4&#8243; _builder_version=&#8221;4.21.0&#8243; _module_preset=&#8221;default&#8221; global_colors_info=&#8221;{}&#8221;][et_pb_text _builder_version=&#8221;4.21.0&#8243; _module_preset=&#8221;default&#8221; text_font_size=&#8221;12px&#8221; custom_margin=&#8221;|24px||24px|false|false&#8221; custom_padding=&#8221;|0px||0px|false|false&#8221; global_colors_info=&#8221;{}&#8221;]<\/p>\n<p><strong>Avis de non-responsabilit\u00e9<\/strong><\/p>\n<p>Le contenu de la Biblioth\u00e8que d\u2019Adaptation du Canada atlantique est fourni \u00e0 titre d\u2019information seulement et ne constitue pas un conseil. CLIMAtlantic n\u2019accepte aucune responsabilit\u00e9 et exclut toute responsabilit\u00e9 li\u00e9e \u00e0 la navigation dans ces ressources, \u00e0 l\u2019utilisation des informations ou au t\u00e9l\u00e9chargement de tout mat\u00e9riel, y compris, mais sans s\u2019y limiter, toute responsabilit\u00e9 li\u00e9e \u00e0 des erreurs, des inexactitudes, des omissions ou des d\u00e9clarations trompeuses ou diffamatoires. Les informations contenues dans ces ressources peuvent inclure des opinions ou des points de vue qui, sauf indication contraire expresse, ne sont pas n\u00e9cessairement ceux de CLIMAtlantic ou de toute personne \u00e0 l\u2019\u00e9gard de laquelle CLIMAtlantic aurait une responsabilit\u00e9 quelconque. L\u2019inclusion d\u2019un produit sur ce site Web ne constitue pas une approbation de son contenu ou de ses recommandations par Ressources naturelles Canada.<\/p>\n<p>[\/et_pb_text][\/et_pb_column][\/et_pb_row][et_pb_row _builder_version=&#8221;4.21.0&#8243; _module_preset=&#8221;default&#8221; global_colors_info=&#8221;{}&#8221;][et_pb_column type=&#8221;4_4&#8243; _builder_version=&#8221;4.21.0&#8243; _module_preset=&#8221;default&#8221; global_colors_info=&#8221;{}&#8221;][et_pb_text _builder_version=&#8221;4.21.0&#8243; _module_preset=&#8221;default&#8221; global_colors_info=&#8221;{}&#8221;]<\/p>\n<p class=\"_04xlpA direction-ltr align-start para-style-body\"><span class=\"WdYUQQ text-decoration-none text-strikethrough-none\">Atlantic Canada Adaptation Library<\/span><span class=\"WdYUQQ text-decoration-none text-strikethrough-none\"> was created in collaboration with ICLEI Canada, and is based on the original Adaptation Library (adaptationlibrary.ca).<\/span><\/p>\n<p class=\"_04xlpA direction-ltr align-start para-style-body\"><span class=\"WdYUQQ text-decoration-none text-strikethrough-none\"><\/span><span style=\"font-size: 14px;\">Please contact CLIMAtlantic at <a href=\"mailto:communications@climatlantic.ca\">communications@climatlantic.ca<\/a> with any questions.<\/span><\/p>\n<p>[\/et_pb_text][et_pb_image src=&#8221;https:\/\/climatlantic.ca\/wp\/wp-content\/uploads\/2023\/06\/ICLEI-logo.png&#8221; title_text=&#8221;ICLEI logo&#8221; align=&#8221;center&#8221; _builder_version=&#8221;4.21.0&#8243; _module_preset=&#8221;default&#8221; global_colors_info=&#8221;{}&#8221;][\/et_pb_image][\/et_pb_column][\/et_pb_row][\/et_pb_section]<\/p>\n","protected":false},"excerpt":{"rendered":"<p>Formulaire de soumission de ressources Manque-t-il une ressource \u00e0 la Biblioth\u00e8que? Remplissez le formulaire ci-dessous pour nous en informer et nous l\u2019examinerons avant de l\u2019ajouter \u00e0 notre Biblioth\u00e8que d\u2019adaptation. Que faire si la ressource que je souhaite soumettre n&#8217;a pas de lien?Si la ressource que vous souhaitez soumettre n&#8217;a pas de lien, vous pouvez toujours [&hellip;]<\/p>\n","protected":false},"author":18,"featured_media":0,"parent":7985,"menu_order":0,"comment_status":"closed","ping_status":"closed","template":"","meta":{"_acf_changed":false,"_et_pb_use_builder":"on","_et_pb_old_content":"","_et_gb_content_width":"","footnotes":""},"categories":[],"tags":[],"class_list":["post-7973","page","type-page","status-publish","hentry"],"acf":[],"yoast_head":"<!-- This site is optimized with the Yoast SEO plugin v27.6 - https:\/\/yoast.com\/product\/yoast-seo-wordpress\/ -->\n<title>Soumission des ressources de la biblioth\u00e8que d&#039;adaptation - CLIMAtlantic<\/title>\n<meta name=\"robots\" content=\"index, follow, max-snippet:-1, max-image-preview:large, max-video-preview:-1\" \/>\n<link rel=\"canonical\" href=\"https:\/\/climatlantic.ca\/fr\/outils\/bibliotheque-d-adaptation\/soumettre-des-ressources\/\" \/>\n<meta property=\"og:locale\" content=\"fr_FR\" \/>\n<meta property=\"og:type\" content=\"article\" \/>\n<meta property=\"og:title\" content=\"Soumission des ressources de la biblioth\u00e8que d&#039;adaptation - CLIMAtlantic\" \/>\n<meta property=\"og:description\" content=\"Formulaire de soumission de ressources Manque-t-il une ressource \u00e0 la Biblioth\u00e8que? Remplissez le formulaire ci-dessous pour nous en informer et nous l\u2019examinerons avant de l\u2019ajouter \u00e0 notre Biblioth\u00e8que d\u2019adaptation. Que faire si la ressource que je souhaite soumettre n&#039;a pas de lien?Si la ressource que vous souhaitez soumettre n&#039;a pas de lien, vous pouvez toujours [&hellip;]\" \/>\n<meta property=\"og:url\" content=\"https:\/\/climatlantic.ca\/fr\/outils\/bibliotheque-d-adaptation\/soumettre-des-ressources\/\" \/>\n<meta property=\"og:site_name\" content=\"CLIMAtlantic\" \/>\n<meta property=\"article:publisher\" content=\"https:\/\/www.facebook.com\/CLIMAtlanticInc\/\" \/>\n<meta property=\"article:modified_time\" content=\"2023-07-05T12:26:15+00:00\" \/>\n<meta name=\"twitter:card\" content=\"summary_large_image\" \/>\n<meta name=\"twitter:label1\" content=\"Dur\u00e9e de lecture estim\u00e9e\" \/>\n\t<meta name=\"twitter:data1\" content=\"9 minutes\" \/>\n<script type=\"application\/ld+json\" class=\"yoast-schema-graph\">{\"@context\":\"https:\\\/\\\/schema.org\",\"@graph\":[{\"@type\":\"WebPage\",\"@id\":\"https:\\\/\\\/climatlantic.ca\\\/fr\\\/outils\\\/bibliotheque-d-adaptation\\\/soumettre-des-ressources\\\/\",\"url\":\"https:\\\/\\\/climatlantic.ca\\\/fr\\\/outils\\\/bibliotheque-d-adaptation\\\/soumettre-des-ressources\\\/\",\"name\":\"Soumission des ressources de la biblioth\u00e8que d'adaptation - CLIMAtlantic\",\"isPartOf\":{\"@id\":\"https:\\\/\\\/climatlantic.ca\\\/fr\\\/#website\"},\"datePublished\":\"2023-06-23T17:23:28+00:00\",\"dateModified\":\"2023-07-05T12:26:15+00:00\",\"breadcrumb\":{\"@id\":\"https:\\\/\\\/climatlantic.ca\\\/fr\\\/outils\\\/bibliotheque-d-adaptation\\\/soumettre-des-ressources\\\/#breadcrumb\"},\"inLanguage\":\"fr-FR\",\"potentialAction\":[{\"@type\":\"ReadAction\",\"target\":[\"https:\\\/\\\/climatlantic.ca\\\/fr\\\/outils\\\/bibliotheque-d-adaptation\\\/soumettre-des-ressources\\\/\"]}]},{\"@type\":\"BreadcrumbList\",\"@id\":\"https:\\\/\\\/climatlantic.ca\\\/fr\\\/outils\\\/bibliotheque-d-adaptation\\\/soumettre-des-ressources\\\/#breadcrumb\",\"itemListElement\":[{\"@type\":\"ListItem\",\"position\":1,\"name\":\"Home\",\"item\":\"https:\\\/\\\/climatlantic.ca\\\/fr\\\/\"},{\"@type\":\"ListItem\",\"position\":2,\"name\":\"Outils\",\"item\":\"https:\\\/\\\/climatlantic.ca\\\/fr\\\/tools\\\/\"},{\"@type\":\"ListItem\",\"position\":3,\"name\":\"Biblioth\u00e8que d&#8217;adaptation\",\"item\":\"https:\\\/\\\/climatlantic.ca\\\/fr\\\/tools\\\/adaptation-library\\\/\"},{\"@type\":\"ListItem\",\"position\":4,\"name\":\"Soumission des ressources de la biblioth\u00e8que d&#8217;adaptation\"}]},{\"@type\":\"WebSite\",\"@id\":\"https:\\\/\\\/climatlantic.ca\\\/fr\\\/#website\",\"url\":\"https:\\\/\\\/climatlantic.ca\\\/fr\\\/\",\"name\":\"Climatlantic\",\"description\":\"Enhancing Atlantic Climate Resilience\",\"publisher\":{\"@id\":\"https:\\\/\\\/climatlantic.ca\\\/fr\\\/#organization\"},\"potentialAction\":[{\"@type\":\"SearchAction\",\"target\":{\"@type\":\"EntryPoint\",\"urlTemplate\":\"https:\\\/\\\/climatlantic.ca\\\/fr\\\/?s={search_term_string}\"},\"query-input\":{\"@type\":\"PropertyValueSpecification\",\"valueRequired\":true,\"valueName\":\"search_term_string\"}}],\"inLanguage\":\"fr-FR\"},{\"@type\":\"Organization\",\"@id\":\"https:\\\/\\\/climatlantic.ca\\\/fr\\\/#organization\",\"name\":\"CLIMAtlantic\",\"url\":\"https:\\\/\\\/climatlantic.ca\\\/fr\\\/\",\"logo\":{\"@type\":\"ImageObject\",\"inLanguage\":\"fr-FR\",\"@id\":\"https:\\\/\\\/climatlantic.ca\\\/fr\\\/#\\\/schema\\\/logo\\\/image\\\/\",\"url\":\"https:\\\/\\\/climatlantic.ca\\\/wp\\\/wp-content\\\/uploads\\\/2021\\\/07\\\/cropped-Climatlantic_Favicon.png\",\"contentUrl\":\"https:\\\/\\\/climatlantic.ca\\\/wp\\\/wp-content\\\/uploads\\\/2021\\\/07\\\/cropped-Climatlantic_Favicon.png\",\"width\":512,\"height\":512,\"caption\":\"CLIMAtlantic\"},\"image\":{\"@id\":\"https:\\\/\\\/climatlantic.ca\\\/fr\\\/#\\\/schema\\\/logo\\\/image\\\/\"},\"sameAs\":[\"https:\\\/\\\/www.facebook.com\\\/CLIMAtlanticInc\\\/\",\"http:\\\/\\\/instagram.com\\\/climatlantic\",\"https:\\\/\\\/www.linkedin.com\\\/company\\\/climatlantic\\\/\"]}]}<\/script>\n<!-- \/ Yoast SEO plugin. -->","yoast_head_json":{"title":"Soumission des ressources de la biblioth\u00e8que d'adaptation - CLIMAtlantic","robots":{"index":"index","follow":"follow","max-snippet":"max-snippet:-1","max-image-preview":"max-image-preview:large","max-video-preview":"max-video-preview:-1"},"canonical":"https:\/\/climatlantic.ca\/fr\/outils\/bibliotheque-d-adaptation\/soumettre-des-ressources\/","og_locale":"fr_FR","og_type":"article","og_title":"Soumission des ressources de la biblioth\u00e8que d'adaptation - CLIMAtlantic","og_description":"Formulaire de soumission de ressources Manque-t-il une ressource \u00e0 la Biblioth\u00e8que? Remplissez le formulaire ci-dessous pour nous en informer et nous l\u2019examinerons avant de l\u2019ajouter \u00e0 notre Biblioth\u00e8que d\u2019adaptation. Que faire si la ressource que je souhaite soumettre n'a pas de lien?Si la ressource que vous souhaitez soumettre n'a pas de lien, vous pouvez toujours [&hellip;]","og_url":"https:\/\/climatlantic.ca\/fr\/outils\/bibliotheque-d-adaptation\/soumettre-des-ressources\/","og_site_name":"CLIMAtlantic","article_publisher":"https:\/\/www.facebook.com\/CLIMAtlanticInc\/","article_modified_time":"2023-07-05T12:26:15+00:00","twitter_card":"summary_large_image","twitter_misc":{"Dur\u00e9e de lecture estim\u00e9e":"9 minutes"},"schema":{"@context":"https:\/\/schema.org","@graph":[{"@type":"WebPage","@id":"https:\/\/climatlantic.ca\/fr\/outils\/bibliotheque-d-adaptation\/soumettre-des-ressources\/","url":"https:\/\/climatlantic.ca\/fr\/outils\/bibliotheque-d-adaptation\/soumettre-des-ressources\/","name":"Soumission des ressources de la biblioth\u00e8que d'adaptation - CLIMAtlantic","isPartOf":{"@id":"https:\/\/climatlantic.ca\/fr\/#website"},"datePublished":"2023-06-23T17:23:28+00:00","dateModified":"2023-07-05T12:26:15+00:00","breadcrumb":{"@id":"https:\/\/climatlantic.ca\/fr\/outils\/bibliotheque-d-adaptation\/soumettre-des-ressources\/#breadcrumb"},"inLanguage":"fr-FR","potentialAction":[{"@type":"ReadAction","target":["https:\/\/climatlantic.ca\/fr\/outils\/bibliotheque-d-adaptation\/soumettre-des-ressources\/"]}]},{"@type":"BreadcrumbList","@id":"https:\/\/climatlantic.ca\/fr\/outils\/bibliotheque-d-adaptation\/soumettre-des-ressources\/#breadcrumb","itemListElement":[{"@type":"ListItem","position":1,"name":"Home","item":"https:\/\/climatlantic.ca\/fr\/"},{"@type":"ListItem","position":2,"name":"Outils","item":"https:\/\/climatlantic.ca\/fr\/tools\/"},{"@type":"ListItem","position":3,"name":"Biblioth\u00e8que d&#8217;adaptation","item":"https:\/\/climatlantic.ca\/fr\/tools\/adaptation-library\/"},{"@type":"ListItem","position":4,"name":"Soumission des ressources de la biblioth\u00e8que d&#8217;adaptation"}]},{"@type":"WebSite","@id":"https:\/\/climatlantic.ca\/fr\/#website","url":"https:\/\/climatlantic.ca\/fr\/","name":"Climatlantic","description":"Enhancing Atlantic Climate Resilience","publisher":{"@id":"https:\/\/climatlantic.ca\/fr\/#organization"},"potentialAction":[{"@type":"SearchAction","target":{"@type":"EntryPoint","urlTemplate":"https:\/\/climatlantic.ca\/fr\/?s={search_term_string}"},"query-input":{"@type":"PropertyValueSpecification","valueRequired":true,"valueName":"search_term_string"}}],"inLanguage":"fr-FR"},{"@type":"Organization","@id":"https:\/\/climatlantic.ca\/fr\/#organization","name":"CLIMAtlantic","url":"https:\/\/climatlantic.ca\/fr\/","logo":{"@type":"ImageObject","inLanguage":"fr-FR","@id":"https:\/\/climatlantic.ca\/fr\/#\/schema\/logo\/image\/","url":"https:\/\/climatlantic.ca\/wp\/wp-content\/uploads\/2021\/07\/cropped-Climatlantic_Favicon.png","contentUrl":"https:\/\/climatlantic.ca\/wp\/wp-content\/uploads\/2021\/07\/cropped-Climatlantic_Favicon.png","width":512,"height":512,"caption":"CLIMAtlantic"},"image":{"@id":"https:\/\/climatlantic.ca\/fr\/#\/schema\/logo\/image\/"},"sameAs":["https:\/\/www.facebook.com\/CLIMAtlanticInc\/","http:\/\/instagram.com\/climatlantic","https:\/\/www.linkedin.com\/company\/climatlantic\/"]}]}},"_links":{"self":[{"href":"https:\/\/climatlantic.ca\/fr\/wp-json\/wp\/v2\/pages\/7973","targetHints":{"allow":["GET"]}}],"collection":[{"href":"https:\/\/climatlantic.ca\/fr\/wp-json\/wp\/v2\/pages"}],"about":[{"href":"https:\/\/climatlantic.ca\/fr\/wp-json\/wp\/v2\/types\/page"}],"author":[{"embeddable":true,"href":"https:\/\/climatlantic.ca\/fr\/wp-json\/wp\/v2\/users\/18"}],"replies":[{"embeddable":true,"href":"https:\/\/climatlantic.ca\/fr\/wp-json\/wp\/v2\/comments?post=7973"}],"version-history":[{"count":5,"href":"https:\/\/climatlantic.ca\/fr\/wp-json\/wp\/v2\/pages\/7973\/revisions"}],"predecessor-version":[{"id":8302,"href":"https:\/\/climatlantic.ca\/fr\/wp-json\/wp\/v2\/pages\/7973\/revisions\/8302"}],"up":[{"embeddable":true,"href":"https:\/\/climatlantic.ca\/fr\/wp-json\/wp\/v2\/pages\/7985"}],"wp:attachment":[{"href":"https:\/\/climatlantic.ca\/fr\/wp-json\/wp\/v2\/media?parent=7973"}],"wp:term":[{"taxonomy":"category","embeddable":true,"href":"https:\/\/climatlantic.ca\/fr\/wp-json\/wp\/v2\/categories?post=7973"},{"taxonomy":"post_tag","embeddable":true,"href":"https:\/\/climatlantic.ca\/fr\/wp-json\/wp\/v2\/tags?post=7973"}],"curies":[{"name":"wp","href":"https:\/\/api.w.org\/{rel}","templated":true}]}}